{"id":960,"date":"2020-07-01T21:00:32","date_gmt":"2020-07-01T21:00:32","guid":{"rendered":"http:\/\/192.168.1.192:8080\/?post_type=product&#038;p=960"},"modified":"2020-07-01T21:00:33","modified_gmt":"2020-07-01T21:00:33","slug":"xitron-navigator-flexo-suite","status":"publish","type":"product","link":"https:\/\/www.alephgraphics.com\/es\/producto\/xitron-navigator-flexo-suite\/","title":{"rendered":"XITRON Navigator Flexo Suite"},"content":{"rendered":"<p><strong>Una nueva direcci\u00f3n para la preimpresi\u00f3n flexogr\u00e1fica<\/strong><\/p>\n<p>Navigator Flexo Suite es una colecci\u00f3n totalmente integrada de herramientas de flujo de trabajo dise\u00f1adas espec\u00edficamente para su uso con los sistemas flexogr\u00e1ficos de computadora a placa de hoy en d\u00eda. Es un concepto modular que permite al usuario crear con precisi\u00f3n la funcionalidad que requiere, seg\u00fan el tipo de impresi\u00f3n que realice.<\/p>\n<p><strong>Navigator RIP<\/strong><\/p>\n<p>El primer RIP compatible con PDF 2.0 disponible, el pedigr\u00ed Harlequin de Navigator lo distingue de la competencia. Xitron ha vendido m\u00e1s de 35,000 Navigator RIP en todo el mundo debido a su consistencia, velocidad y precisi\u00f3n de renderizado. Las caracter\u00edsticas integradas incluyen resoluciones definidas por el usuario de hasta 9.600 ppp, Harlequin Precision Flexo Screening con formas de puntos seleccionables y el M\u00f3dulo de gesti\u00f3n del color ColorPro.<\/p>\n<p><strong>Navigator Workflow<\/strong><\/p>\n<p>Intuitivo, f\u00e1cil de configurar y usar, Navigator Workflow es un sistema basado en Cliente-Servidor. Los clientes pueden instalarse en estaciones de trabajo Mac y PC en toda la tienda y los operadores pueden mantener un control completo de sus trabajos desde su presentaci\u00f3n hasta su finalizaci\u00f3n. Los trabajos se agregan al flujo de trabajo mediante arrastrar y soltar, carpetas activas o impresi\u00f3n directa. A medida que el sistema procesa los trabajos en cada paso, los operadores ven el progreso en tiempo real. La vista previa avanzada de nivel de p\u00edxel agrega otro nivel de precisi\u00f3n y confianza. Una vez completado, el archivo incorporado guarda cada trabajo para prop\u00f3sitos de reimpresi\u00f3n.<\/p>\n<p><strong>Navigator Plate Controller<\/strong><\/p>\n<p>Encargado de ensamblar todos sus trabajos y sus diversas placas, Navigator Plate Controller emplea una interfaz de usuario simple junto con la funcionalidad de arrastrar y soltar. Los operadores seleccionan las separaciones TIFF de un bit de los trabajos entrantes y pueblan la placa para guardar la mayor cantidad de material posible. Mueva, gire y agregue trabajos simplemente haciendo clic y arrastr\u00e1ndolos a su posici\u00f3n. Use el bot\u00f3n Recorte autom\u00e1tico para generar una imagen de salida que evite el desperdicio de \u00e1reas de placa no utilizadas.<\/p>\n","protected":false},"excerpt":{"rendered":"<p>Una nueva direcci\u00f3n para la preimpresi\u00f3n flexogr\u00e1fica Navigator Flexo Suite es una colecci\u00f3n totalmente integrada de herramientas de flujo de trabajo dise\u00f1adas espec\u00edficamente para su uso con los sistemas flexogr\u00e1ficos de computadora a placa de hoy en d\u00eda. Es un concepto modular que permite al usuario crear con precisi\u00f3n la funcionalidad que requiere, seg\u00fan el [&hellip;]<\/p>\n","protected":false},"featured_media":962,"template":"","meta":{"pagelayer_contact_templates":[],"_pagelayer_content":""},"product_brand":[],"product_cat":[38,56,58],"product_tag":[],"class_list":{"0":"post-960","1":"product","2":"type-product","3":"status-publish","4":"has-post-thumbnail","6":"product_cat-preprensa-flexo","7":"product_cat-software-grafico","8":"product_cat-xitron","10":"first","11":"instock","12":"shipping-taxable","13":"product-type-simple"},"_links":{"self":[{"href":"https:\/\/www.alephgraphics.com\/es\/wp-json\/wp\/v2\/product\/960","targetHints":{"allow":["GET"]}}],"collection":[{"href":"https:\/\/www.alephgraphics.com\/es\/wp-json\/wp\/v2\/product"}],"about":[{"href":"https:\/\/www.alephgraphics.com\/es\/wp-json\/wp\/v2\/types\/product"}],"wp:featuredmedia":[{"embeddable":true,"href":"https:\/\/www.alephgraphics.com\/es\/wp-json\/wp\/v2\/media\/962"}],"wp:attachment":[{"href":"https:\/\/www.alephgraphics.com\/es\/wp-json\/wp\/v2\/media?parent=960"}],"wp:term":[{"taxonomy":"product_brand","embeddable":true,"href":"https:\/\/www.alephgraphics.com\/es\/wp-json\/wp\/v2\/product_brand?post=960"},{"taxonomy":"product_cat","embeddable":true,"href":"https:\/\/www.alephgraphics.com\/es\/wp-json\/wp\/v2\/product_cat?post=960"},{"taxonomy":"product_tag","embeddable":true,"href":"https:\/\/www.alephgraphics.com\/es\/wp-json\/wp\/v2\/product_tag?post=960"}],"curies":[{"name":"wp","href":"https:\/\/api.w.org\/{rel}","templated":true}]}}