{"id":953,"date":"2020-07-01T20:01:37","date_gmt":"2020-07-01T20:01:37","guid":{"rendered":"http:\/\/192.168.1.192:8080\/?post_type=product&#038;p=953"},"modified":"2020-07-01T20:06:08","modified_gmt":"2020-07-01T20:06:08","slug":"xitron-navigator-harlequin-rip","status":"publish","type":"product","link":"https:\/\/www.alephgraphics.com\/es\/producto\/xitron-navigator-harlequin-rip\/","title":{"rendered":"XITRON Navigator Harlequin RIP"},"content":{"rendered":"<h4 class=\"title\">XITRON Navigator Harlequin RIP<\/h4>\n<div class=\"description\">\n<div class=\"prices\"><\/div>\n<div class=\"text\">\n<h4>The path to Prepress Independence\u00ae<\/h4>\n<p>Xitron Navigator Harlequin RIP es la mejor aplicaci\u00f3n en su clase, la tecnolog\u00eda gr\u00e1fica global RIP Harlequin. Proporciona entornos de preimpresi\u00f3n con interpretaci\u00f3n r\u00e1pida, predecible y fiable de PostScript, PDF y archivos de formato EPS. Navigator es el nombre m\u00e1s confiable en la arquitectura RIP con m\u00e1s de 30.000 instalaciones en todo el mundo.<\/p>\n<p>Partiendo de esta base exitosa, su WorkFlow\u00a0aumenta la funcionalidad multi-plataforma y el control de usuario desde cualquier estaci\u00f3n de trabajo en la red. escalabilidad Operaci\u00f3n prolongada mejora el rendimiento mientras se mantiene el bajo coste total de propiedad.<\/p>\n<p>&nbsp;<\/p>\n<p><strong><em>Bajo coste de propiedad<\/em>\u00a0&#8211;<\/strong>\u00a0Podr\u00e1s prolongar la vida de los costoso sistemas CtP actualizando s\u00f3lo el elemento que requiere atenci\u00f3n; el software RIP.\u00a0Sus m\u00f3dulos de producci\u00f3n\u00a0son los componentes menos costosos de reemplazar, y permiten mantener su sistema actualizado con modernas aplicaciones de dise\u00f1o y maquetaci\u00f3n como CS Cloud.<\/p>\n<p><strong><em>La exactitud interpretativa<\/em>\u00a0&#8211;<\/strong>\u00a0La nueva funcionalidad PDF puede causar problemas para los RIP m\u00e1s antiguos. El procesamiento de PDF nativo en el software RIP Harlequin permite\u00a0que elementos como la transparencia se manejen de manera limpia y correcta, reduciendo en gran medida los errores de interpretaci\u00f3n mientras que ahorra tiempo y dinero.<\/p>\n<p><strong><em>El acceso de toda la red<\/em><\/strong>\u00a0&#8211; La arquitectura cliente\/servidor permite que a los trabajos se pueda\u00a0acceder desde cualquier lugar, no s\u00f3lo en el dispositivo de salida. La compatibilidad entre plataformas y la seguridad administrativa dan a los operadores el control de trabajo preciso que necesitan, desde sus propias estaciones de trabajo.<\/p>\n<p><strong><em>Una vista previa que no detiene la producci\u00f3n<\/em>\u00a0&#8211;<\/strong>\u00a0Podr\u00e1s visualizar previamente los datos del RIP\u00a0desde cualquier estaci\u00f3n de trabajo,\u00a0sin necesidad de detener el RIP Harlequin y paralizar de la producci\u00f3n. Elija desde aumentos m\u00faltiples, placas individuales o combos, tintas planas, y traps down\u00a0hasta el nivel del p\u00edxel. Facilita la verificaci\u00f3n de los datos antes de que se abran paso a la placa para de esta forma ahorrar\u00a0dinero.<\/p>\n<p><strong><em>Seguimiento de trabajos y B\u00fasqueda Inteligente<\/em>\u00a0&#8211;<\/strong>\u00a0El software RIP Navigator\u00a0se ajusta a su entorno.\u00a0Sea cual sea su convenci\u00f3n de nombres; el n\u00famero del billete, el cliente, el trabajo, la fecha o la combinaci\u00f3n de varios campos clave, la funci\u00f3n inteligente de b\u00fasqueda del navegador funciona a trav\u00e9s de todos los flujos de trabajo en tiempo real. No perder\u00e1 en ning\u00fan un momento la localizaci\u00f3n de puestos de trabajo en el sistema.<\/p>\n<p><strong><em>Salida a cientos de dispositivos<\/em>\u00a0&#8211;<\/strong>\u00a0Xitron construy\u00f3 su reputaci\u00f3n como una alternativa con sus propios sistemas\u00a0Navigator RIP y Raster Blaster TIFF Catcher.\u00a0Si desea mantener su dispositivo de salida actual, y\u00a0mejorar su producci\u00f3n de preimpresi\u00f3n, Xitron probablemente tiene la respuesta. Si se est\u00e1 ejecutando en offset, flexograf\u00eda, digital, comerciales, envases, etiquetas o docenas de otras aplicaciones, la mayor\u00eda de los principales mercados y m\u00e9todos est\u00e1n cubiertos con el Navigator Harlequin RIP and Workflow.<\/p>\n<\/div>\n<\/div>\n","protected":false},"excerpt":{"rendered":"<p>XITRON Navigator Harlequin RIP The path to Prepress Independence\u00ae Xitron Navigator Harlequin RIP es la mejor aplicaci\u00f3n en su clase, la tecnolog\u00eda gr\u00e1fica global RIP Harlequin. Proporciona entornos de preimpresi\u00f3n con interpretaci\u00f3n r\u00e1pida, predecible y fiable de PostScript, PDF y archivos de formato EPS. Navigator es el nombre m\u00e1s confiable en la arquitectura RIP con [&hellip;]<\/p>\n","protected":false},"featured_media":954,"template":"","meta":{"pagelayer_contact_templates":[],"_pagelayer_content":""},"product_brand":[],"product_cat":[27,56,58],"product_tag":[],"class_list":{"0":"post-953","1":"product","2":"type-product","3":"status-publish","4":"has-post-thumbnail","6":"product_cat-workflow","7":"product_cat-software-grafico","8":"product_cat-xitron","10":"first","11":"instock","12":"shipping-taxable","13":"product-type-simple"},"_links":{"self":[{"href":"https:\/\/www.alephgraphics.com\/es\/wp-json\/wp\/v2\/product\/953","targetHints":{"allow":["GET"]}}],"collection":[{"href":"https:\/\/www.alephgraphics.com\/es\/wp-json\/wp\/v2\/product"}],"about":[{"href":"https:\/\/www.alephgraphics.com\/es\/wp-json\/wp\/v2\/types\/product"}],"wp:featuredmedia":[{"embeddable":true,"href":"https:\/\/www.alephgraphics.com\/es\/wp-json\/wp\/v2\/media\/954"}],"wp:attachment":[{"href":"https:\/\/www.alephgraphics.com\/es\/wp-json\/wp\/v2\/media?parent=953"}],"wp:term":[{"taxonomy":"product_brand","embeddable":true,"href":"https:\/\/www.alephgraphics.com\/es\/wp-json\/wp\/v2\/product_brand?post=953"},{"taxonomy":"product_cat","embeddable":true,"href":"https:\/\/www.alephgraphics.com\/es\/wp-json\/wp\/v2\/product_cat?post=953"},{"taxonomy":"product_tag","embeddable":true,"href":"https:\/\/www.alephgraphics.com\/es\/wp-json\/wp\/v2\/product_tag?post=953"}],"curies":[{"name":"wp","href":"https:\/\/api.w.org\/{rel}","templated":true}]}}