{"id":924,"date":"2020-06-30T19:10:05","date_gmt":"2020-06-30T19:10:05","guid":{"rendered":"http:\/\/192.168.1.192:8080\/?post_type=product&#038;p=924"},"modified":"2020-07-01T19:45:43","modified_gmt":"2020-07-01T19:45:43","slug":"founder-eaglerip-5-1-flexo","status":"publish","type":"product","link":"https:\/\/www.alephgraphics.com\/es\/producto\/founder-eaglerip-5-1-flexo\/","title":{"rendered":"Founder EagleRIP 5.1 Flexo"},"content":{"rendered":"<h3>EagleRIP 5.1 Flexo<\/h3>\n<p>Soporta PDF 1.7 y PostScript 3.<\/p>\n<p>Obtenga documentos de calidad excelente para su CtP, Imagesetter o impresora digital.<\/p>\n<p>Reduce errores con r\u00e1pidos y flexibles pre-visualizaciones de trama y punto en monitor.<\/p>\n<p>Alcanza las demandas y necesidades de la producci\u00f3n m\u00e1s exigente.<\/p>\n<p>Ahorra media y tiempo con agrupamiento de trabajos (ganging) en una sola salida.<\/p>\n<p>Variadas opciones de trama.<\/p>\n<p>Licenciamiento basado en la nube<\/p>\n","protected":false},"excerpt":{"rendered":"<p>EagleRIP 5.1 Flexo Soporta PDF 1.7 y PostScript 3. Obtenga documentos de calidad excelente para su CtP, Imagesetter o impresora digital. Reduce errores con r\u00e1pidos y flexibles pre-visualizaciones de trama y punto en monitor. Alcanza las demandas y necesidades de la producci\u00f3n m\u00e1s exigente. Ahorra media y tiempo con agrupamiento de trabajos (ganging) en una [&hellip;]<\/p>\n","protected":false},"featured_media":925,"template":"","meta":{"pagelayer_contact_templates":[],"_pagelayer_content":""},"product_brand":[],"product_cat":[57,38,27,56],"product_tag":[],"class_list":{"0":"post-924","1":"product","2":"type-product","3":"status-publish","4":"has-post-thumbnail","6":"product_cat-founder","7":"product_cat-preprensa-flexo","8":"product_cat-workflow","9":"product_cat-software-grafico","11":"first","12":"instock","13":"shipping-taxable","14":"product-type-simple"},"_links":{"self":[{"href":"https:\/\/www.alephgraphics.com\/es\/wp-json\/wp\/v2\/product\/924","targetHints":{"allow":["GET"]}}],"collection":[{"href":"https:\/\/www.alephgraphics.com\/es\/wp-json\/wp\/v2\/product"}],"about":[{"href":"https:\/\/www.alephgraphics.com\/es\/wp-json\/wp\/v2\/types\/product"}],"wp:featuredmedia":[{"embeddable":true,"href":"https:\/\/www.alephgraphics.com\/es\/wp-json\/wp\/v2\/media\/925"}],"wp:attachment":[{"href":"https:\/\/www.alephgraphics.com\/es\/wp-json\/wp\/v2\/media?parent=924"}],"wp:term":[{"taxonomy":"product_brand","embeddable":true,"href":"https:\/\/www.alephgraphics.com\/es\/wp-json\/wp\/v2\/product_brand?post=924"},{"taxonomy":"product_cat","embeddable":true,"href":"https:\/\/www.alephgraphics.com\/es\/wp-json\/wp\/v2\/product_cat?post=924"},{"taxonomy":"product_tag","embeddable":true,"href":"https:\/\/www.alephgraphics.com\/es\/wp-json\/wp\/v2\/product_tag?post=924"}],"curies":[{"name":"wp","href":"https:\/\/api.w.org\/{rel}","templated":true}]}}