{"id":911,"date":"2020-06-29T18:27:41","date_gmt":"2020-06-29T18:27:41","guid":{"rendered":"http:\/\/192.168.1.192:8080\/?post_type=product&#038;p=911"},"modified":"2020-06-29T18:29:15","modified_gmt":"2020-06-29T18:29:15","slug":"cron-ctp-vlf-72-very-large-format","status":"publish","type":"product","link":"https:\/\/www.alephgraphics.com\/es\/producto\/cron-ctp-vlf-72-very-large-format\/","title":{"rendered":"CRON CtP VLF 72 Very Large Format"},"content":{"rendered":"<p>Sencillez, estabilidad y especialidad. La nueva generaci\u00f3n de CTPs para Offset de CRON en las dos tecnolog\u00edas m\u00e1s econ\u00f3micas del mercado: UV Convencional y Termal.<\/p>\n<p>Tambor liso l\u00edder en su clase libre de p\u00e9rdidas de vac\u00edo con triple balanceo din\u00e1mico.<\/p>\n<p>Cabezal L\u00e1ser con sistema de barrido lineal magn\u00e9tico, riel gu\u00eda en forma de V auto-lubricado, tecnolog\u00eda SMFO, con sistema de enfriamiento por aire y agua.<\/p>\n<p>Nuevo sistema de cargado y posicionamiento de la plancha en 3 puntos para un registro excelente.<\/p>\n<p>Avanzada bomba de extracci\u00f3n de polvo que ayuda con alta efectividad a solucionar definitivamente el problema del polvo mientras se filma la plancha.<\/p>\n<p>Con opci\u00f3n a resoluciones de salida muy altas de 4800dpi \/ 5080dpi \/ 9600dpi necesarias para la impresi\u00f3n de seguridad e impresi\u00f3n 3D.<\/p>\n<p>&nbsp;<\/p>\n<p><iframe loading=\"lazy\" title=\"CRON CTP - Directo a Plancha \/ MODELO H, Series 26\/46\/60&quot;\" width=\"640\" height=\"360\" src=\"https:\/\/www.youtube.com\/embed\/OosJ5710S1c?feature=oembed\" frameborder=\"0\" allow=\"accelerometer; autoplay; clipboard-write; encrypted-media; gyroscope; picture-in-picture; web-share\" referrerpolicy=\"strict-origin-when-cross-origin\" allowfullscreen><\/iframe><\/p>\n","protected":false},"excerpt":{"rendered":"<p>Sencillez, estabilidad y especialidad. La nueva generaci\u00f3n de CTPs para Offset de CRON en las dos tecnolog\u00edas m\u00e1s econ\u00f3micas del mercado: UV Convencional y Termal. Tambor liso l\u00edder en su clase libre de p\u00e9rdidas de vac\u00edo con triple balanceo din\u00e1mico. Cabezal L\u00e1ser con sistema de barrido lineal magn\u00e9tico, riel gu\u00eda en forma de V auto-lubricado, [&hellip;]<\/p>\n","protected":false},"featured_media":912,"template":"","meta":{"pagelayer_contact_templates":[],"_pagelayer_content":""},"product_brand":[],"product_cat":[52],"product_tag":[],"class_list":{"0":"post-911","1":"product","2":"type-product","3":"status-publish","4":"has-post-thumbnail","6":"product_cat-cron","8":"first","9":"instock","10":"shipping-taxable","11":"product-type-simple"},"_links":{"self":[{"href":"https:\/\/www.alephgraphics.com\/es\/wp-json\/wp\/v2\/product\/911","targetHints":{"allow":["GET"]}}],"collection":[{"href":"https:\/\/www.alephgraphics.com\/es\/wp-json\/wp\/v2\/product"}],"about":[{"href":"https:\/\/www.alephgraphics.com\/es\/wp-json\/wp\/v2\/types\/product"}],"wp:featuredmedia":[{"embeddable":true,"href":"https:\/\/www.alephgraphics.com\/es\/wp-json\/wp\/v2\/media\/912"}],"wp:attachment":[{"href":"https:\/\/www.alephgraphics.com\/es\/wp-json\/wp\/v2\/media?parent=911"}],"wp:term":[{"taxonomy":"product_brand","embeddable":true,"href":"https:\/\/www.alephgraphics.com\/es\/wp-json\/wp\/v2\/product_brand?post=911"},{"taxonomy":"product_cat","embeddable":true,"href":"https:\/\/www.alephgraphics.com\/es\/wp-json\/wp\/v2\/product_cat?post=911"},{"taxonomy":"product_tag","embeddable":true,"href":"https:\/\/www.alephgraphics.com\/es\/wp-json\/wp\/v2\/product_tag?post=911"}],"curies":[{"name":"wp","href":"https:\/\/api.w.org\/{rel}","templated":true}]}}