{"id":891,"date":"2020-06-29T17:07:56","date_gmt":"2020-06-29T17:07:56","guid":{"rendered":"http:\/\/192.168.1.192:8080\/?post_type=product&#038;p=891"},"modified":"2020-06-29T17:12:28","modified_gmt":"2020-06-29T17:12:28","slug":"cron-hdi-400-ctp-flexo","status":"publish","type":"product","link":"https:\/\/www.alephgraphics.com\/es\/producto\/cron-hdi-400-ctp-flexo\/","title":{"rendered":"CRON HDI 400 CTP Flexo"},"content":{"rendered":"<h3><strong>CRON CtP Directo a Plancha flexo<\/strong><\/h3>\n<p>Una soluci\u00f3n completa para Flexo capaz de filmar sobre planchas digitales fotopol\u00edmericas, pel\u00edcula ablativa, planchas leterrpress con base poli\u00e9ster y planchas offset termales.<\/p>\n<p>Sin necesidad de film, mejor resoluci\u00f3n en menor tiempo para la puesta en prensa. Compatible con cualquier flujo de trabajo existente. Dise\u00f1o compacto que ocupa muy poco espacio. Amplio rango de aplicaciones flexo. Un produco amigable con el medio ambiente.<\/p>\n<p>El Directo a Plancha Flexo CRON HDI viene en varias Series seg\u00fan el tama\u00f1o m\u00e1ximo de plancha que puede filmar:<\/p>\n<p>Serie 400 : Plancha M\u00e1x. 430 x 560 mm &#8211; Min. 100 x 100 mm<\/p>\n<p><iframe loading=\"lazy\" title=\"AlephGraphics - CRON HDI CtP Flexo\" width=\"640\" height=\"360\" src=\"https:\/\/www.youtube.com\/embed\/rxBmrRUYXhs?feature=oembed\" frameborder=\"0\" allow=\"accelerometer; autoplay; clipboard-write; encrypted-media; gyroscope; picture-in-picture; web-share\" referrerpolicy=\"strict-origin-when-cross-origin\" allowfullscreen><\/iframe><\/p>\n","protected":false},"excerpt":{"rendered":"<p>CRON CtP Directo a Plancha flexo Una soluci\u00f3n completa para Flexo capaz de filmar sobre planchas digitales fotopol\u00edmericas, pel\u00edcula ablativa, planchas leterrpress con base poli\u00e9ster y planchas offset termales. Sin necesidad de film, mejor resoluci\u00f3n en menor tiempo para la puesta en prensa. Compatible con cualquier flujo de trabajo existente. Dise\u00f1o compacto que ocupa muy [&hellip;]<\/p>\n","protected":false},"featured_media":892,"template":"","meta":{"pagelayer_contact_templates":[],"_pagelayer_content":""},"product_brand":[],"product_cat":[38],"product_tag":[],"class_list":{"0":"post-891","1":"product","2":"type-product","3":"status-publish","4":"has-post-thumbnail","6":"product_cat-preprensa-flexo","8":"first","9":"instock","10":"shipping-taxable","11":"product-type-simple"},"_links":{"self":[{"href":"https:\/\/www.alephgraphics.com\/es\/wp-json\/wp\/v2\/product\/891","targetHints":{"allow":["GET"]}}],"collection":[{"href":"https:\/\/www.alephgraphics.com\/es\/wp-json\/wp\/v2\/product"}],"about":[{"href":"https:\/\/www.alephgraphics.com\/es\/wp-json\/wp\/v2\/types\/product"}],"wp:featuredmedia":[{"embeddable":true,"href":"https:\/\/www.alephgraphics.com\/es\/wp-json\/wp\/v2\/media\/892"}],"wp:attachment":[{"href":"https:\/\/www.alephgraphics.com\/es\/wp-json\/wp\/v2\/media?parent=891"}],"wp:term":[{"taxonomy":"product_brand","embeddable":true,"href":"https:\/\/www.alephgraphics.com\/es\/wp-json\/wp\/v2\/product_brand?post=891"},{"taxonomy":"product_cat","embeddable":true,"href":"https:\/\/www.alephgraphics.com\/es\/wp-json\/wp\/v2\/product_cat?post=891"},{"taxonomy":"product_tag","embeddable":true,"href":"https:\/\/www.alephgraphics.com\/es\/wp-json\/wp\/v2\/product_tag?post=891"}],"curies":[{"name":"wp","href":"https:\/\/api.w.org\/{rel}","templated":true}]}}