{"id":2658,"date":"2022-11-08T19:17:06","date_gmt":"2022-11-08T19:17:06","guid":{"rendered":"https:\/\/www.alephgraphics.com\/es\/?post_type=product&#038;p=2658"},"modified":"2022-11-08T19:26:28","modified_gmt":"2022-11-08T19:26:28","slug":"screen-ctp-platerite-8300s","status":"publish","type":"product","link":"https:\/\/www.alephgraphics.com\/es\/producto\/screen-ctp-platerite-8300s\/","title":{"rendered":"SCREEN CTP PlateRite 8300S"},"content":{"rendered":"<h4>. CtP &#8211; Directo a Plancha Offset<\/h4>\n<h4>. Pliego Entero (4 up)<\/h4>\n<h4>. Plancha Termal<\/h4>\n<p>&nbsp;<\/p>\n<p>El PT-R8300S de Screen cuenta con innovadora tecnolog\u00eda japonesa y es capaz de cubrir una amplia cantidad de formatos existentes en el mercado, al procesar planchas de impresi\u00f3n offset de hasta una medida de 1,160 x 940.<\/p>\n<div class=\"container\">\n<div class=\"table-responsive\">\n<table class=\"table table-striped-columns table-hover table-bordered \">\n<thead>\n<tr>\n<th colspan=\"2\" class=\"text-center text-primary\">Especificaciones t\u00e9cnicas PlateRite 8300S<\/th>\n<\/tr>\n<\/thead>\n<tbody>\n<tr>\n<th>Sistema de grabado<\/th>\n<td>Tambor externo<\/td>\n<\/tr>\n<tr>\n<th>Tipo de laser<\/th>\n<td>Diodos l\u00e1ser infrarrojos de 32 canales<\/td>\n<\/tr>\n<tr>\n<th>Tama\u00f1o de plancha<\/th>\n<td>M\u00e1ximo 1,160 x 940 mm (45.6&#8243; x 37&#8243;) \/ M\u00ednimo 450 x 370 mm (17.8&#8243; x 14.6&#8243;) (<\/td>\n<\/tr>\n<tr>\n<th>Tama\u00f1o de exposici\u00f3n<\/th>\n<td>M\u00e1ximo 1,160 x 924 mm (45.6&#8243; x 36.3&#8243;) \/ M\u00ednimo 450 x 354 mm (17.8&#8243; x 14&#8243;)<\/td>\n<\/tr>\n<tr>\n<th>Media<\/th>\n<td>Planchas t\u00e9rmicas<\/td>\n<\/tr>\n<tr>\n<th>Espesor de planchas<\/th>\n<td>de 0.15 a 0.3 mm (de 5.9 a 11.8 mil)<\/td>\n<\/tr>\n<tr>\n<th>Resoluci\u00f3n<\/th>\n<td>1,200\/2,000\/2,400\/2,438\/2,540 dpi<\/td>\n<\/tr>\n<tr>\n<th>Repetibilidad<\/th>\n<td>\u00b15 micrones<\/td>\n<\/tr>\n<tr>\n<th>Productividad<\/th>\n<td>13 planchas\/hr at 2,400 dpi (1,030 x 800 mm\/40.5&#8243; x 31.4&#8243; planchas)<\/td>\n<\/tr>\n<tr>\n<th>interfase<\/th>\n<td>Fast PIF<\/td>\n<\/tr>\n<tr>\n<th>Carga de plancha<\/th>\n<td>Semi-autom\u00e1tico<\/td>\n<\/tr>\n<tr>\n<th>Dimenciones<br \/>\n                (W x D x H)<\/th>\n<td>2,440 x 1,295 x 1,302 mm (96.1&#8243; x 51.0&#8243; x 51.3&#8243;)<\/td>\n<\/tr>\n<tr>\n<th>Peso<\/th>\n<td>Aprox. 1,150 kg (2,530 lb)<\/td>\n<\/tr>\n<tr>\n<th>Ambiente<\/th>\n<td>Entorno recomendado 23 \u00b0C \u00b12 \u00b0C (73,4 \u00b0F \u00b135,6 \u00b0F),<br \/>\n                Entorno operativo 22 \u00b0C \u00b14 \u00b0C (71,6 \u00b0F \u00b139,2 \u00b0F),<br \/>\n                40% a 70% de humedad relativa (sin condensaci\u00f3n)<\/td>\n<\/tr>\n<tr>\n<th>Potencia<\/th>\n<td>Monof\u00e1sico de 200 V a 240 V, 32 A, 4,0 kW (Tambi\u00e9n cubre los requisitos de alimentaci\u00f3n de SA-L, MA-L, AT-T, AT-M y la unidad de ventilador)<\/td>\n<\/tr>\n<\/tbody>\n<\/table><\/div>\n<\/div>\n","protected":false},"excerpt":{"rendered":"<p>. CtP &#8211; Directo a Plancha Offset . Pliego Entero (4 up) . Plancha Termal &nbsp; El PT-R8300S de Screen cuenta con innovadora tecnolog\u00eda japonesa y es capaz de cubrir una amplia cantidad de formatos existentes en el mercado, al procesar planchas de impresi\u00f3n offset de hasta una medida de 1,160 x 940. Especificaciones t\u00e9cnicas [&hellip;]<\/p>\n","protected":false},"featured_media":2681,"template":"","meta":{"pagelayer_contact_templates":[],"_pagelayer_content":""},"product_brand":[],"product_cat":[43],"product_tag":[],"class_list":{"0":"post-2658","1":"product","2":"type-product","3":"status-publish","4":"has-post-thumbnail","6":"product_cat-ctp-usados-reconstruidos","8":"first","9":"instock","10":"shipping-taxable","11":"product-type-simple"},"_links":{"self":[{"href":"https:\/\/www.alephgraphics.com\/es\/wp-json\/wp\/v2\/product\/2658","targetHints":{"allow":["GET"]}}],"collection":[{"href":"https:\/\/www.alephgraphics.com\/es\/wp-json\/wp\/v2\/product"}],"about":[{"href":"https:\/\/www.alephgraphics.com\/es\/wp-json\/wp\/v2\/types\/product"}],"wp:featuredmedia":[{"embeddable":true,"href":"https:\/\/www.alephgraphics.com\/es\/wp-json\/wp\/v2\/media\/2681"}],"wp:attachment":[{"href":"https:\/\/www.alephgraphics.com\/es\/wp-json\/wp\/v2\/media?parent=2658"}],"wp:term":[{"taxonomy":"product_brand","embeddable":true,"href":"https:\/\/www.alephgraphics.com\/es\/wp-json\/wp\/v2\/product_brand?post=2658"},{"taxonomy":"product_cat","embeddable":true,"href":"https:\/\/www.alephgraphics.com\/es\/wp-json\/wp\/v2\/product_cat?post=2658"},{"taxonomy":"product_tag","embeddable":true,"href":"https:\/\/www.alephgraphics.com\/es\/wp-json\/wp\/v2\/product_tag?post=2658"}],"curies":[{"name":"wp","href":"https:\/\/api.w.org\/{rel}","templated":true}]}}