{"id":1669,"date":"2020-09-16T04:13:36","date_gmt":"2020-09-16T04:13:36","guid":{"rendered":"http:\/\/192.168.1.192:8080\/?post_type=product&#038;p=1669"},"modified":"2020-09-16T04:13:36","modified_gmt":"2020-09-16T04:13:36","slug":"huq-ctp-plate-processor-pt-series","status":"publish","type":"product","link":"https:\/\/www.alephgraphics.com\/es\/producto\/huq-ctp-plate-processor-pt-series\/","title":{"rendered":"HuQ CTP Plate Processor PT Series"},"content":{"rendered":"<p>Las Procesadoras Hu.Q para plancha para CtP Termal y CtCp UV Convencional poseen:<\/p>\n<ul>\n<li>Rodillo sumergido con regulaci\u00f3n de velocidad continua, permite un ciclo de trabajo automatizado<\/li>\n<li>Pantalla LED ampliada, operaci\u00f3n de 6 interruptores, interfaz f\u00e1cil de usar<\/li>\n<li>Sistemas avanzados el\u00e9ctrico independiente, sistema de control de software, sistema de control de microprocesador programable, 3 opciones de lavado, desarrollo de un sistema de control de temperatura de fluido que controla la temperatura de desarrollo exactamente a \u00b1 0,3 \u00b0 C<\/li>\n<li>El revelador (Developer) se repone autom\u00e1ticamente de acuerdo con el uso, ayuda a mantener una mayor actividad del fluido.<\/li>\n<li>Los filtros se pueden quitar y limpiar o reemplazar f\u00e1cilmente en tan solo unos minutos.<\/li>\n<li>Tanque de gran capacidad, ancho ?54mm (?69mm), rodillos de caucho resistentes a los \u00e1cidos y alcalinos, que garantiza la durabilidad y la estabilidad de la calidad de la plancha procesada.<\/li>\n<li>Compatible con cepillos de eje de diferente dureza y material<\/li>\n<li>Funci\u00f3n de lavado para obtener una limpieza \u00f3ptima del dise\u00f1o<\/li>\n<li>Ahorro de energ\u00eda y reducci\u00f3n de costos en modo de reposo autom\u00e1tico, sistema de reciclaje autom\u00e1tico de goma de terminaci\u00f3n y sistema de secado por aire altamente eficiente<\/li>\n<li>Interfaz de comunicaci\u00f3n altamente eficiente de comunicaci\u00f3n con el CtP<\/li>\n<li>Interruptor de emergencia y un sistema de alerta para evitar el funcionamiento incorrecto por sobrecalentamiento, calentamiento en seco y bajo nivel de fluido.<\/li>\n<li>F\u00e1cil mantenimiento: el eje, el cepillo y las bombas de circulaci\u00f3n son desmontables<\/li>\n<\/ul>\n","protected":false},"excerpt":{"rendered":"<p>Las Procesadoras Hu.Q para plancha para CtP Termal y CtCp UV Convencional poseen: Rodillo sumergido con regulaci\u00f3n de velocidad continua, permite un ciclo de trabajo automatizado Pantalla LED ampliada, operaci\u00f3n de 6 interruptores, interfaz f\u00e1cil de usar Sistemas avanzados el\u00e9ctrico independiente, sistema de control de software, sistema de control de microprocesador programable, 3 opciones de [&hellip;]<\/p>\n","protected":false},"featured_media":1670,"template":"","meta":{"pagelayer_contact_templates":[],"_pagelayer_content":""},"product_brand":[],"product_cat":[26],"product_tag":[],"class_list":{"0":"post-1669","1":"product","2":"type-product","3":"status-publish","4":"has-post-thumbnail","6":"product_cat-procesadoras","8":"first","9":"instock","10":"shipping-taxable","11":"product-type-simple"},"_links":{"self":[{"href":"https:\/\/www.alephgraphics.com\/es\/wp-json\/wp\/v2\/product\/1669","targetHints":{"allow":["GET"]}}],"collection":[{"href":"https:\/\/www.alephgraphics.com\/es\/wp-json\/wp\/v2\/product"}],"about":[{"href":"https:\/\/www.alephgraphics.com\/es\/wp-json\/wp\/v2\/types\/product"}],"wp:featuredmedia":[{"embeddable":true,"href":"https:\/\/www.alephgraphics.com\/es\/wp-json\/wp\/v2\/media\/1670"}],"wp:attachment":[{"href":"https:\/\/www.alephgraphics.com\/es\/wp-json\/wp\/v2\/media?parent=1669"}],"wp:term":[{"taxonomy":"product_brand","embeddable":true,"href":"https:\/\/www.alephgraphics.com\/es\/wp-json\/wp\/v2\/product_brand?post=1669"},{"taxonomy":"product_cat","embeddable":true,"href":"https:\/\/www.alephgraphics.com\/es\/wp-json\/wp\/v2\/product_cat?post=1669"},{"taxonomy":"product_tag","embeddable":true,"href":"https:\/\/www.alephgraphics.com\/es\/wp-json\/wp\/v2\/product_tag?post=1669"}],"curies":[{"name":"wp","href":"https:\/\/api.w.org\/{rel}","templated":true}]}}