{"id":1666,"date":"2020-09-16T04:11:37","date_gmt":"2020-09-16T04:11:37","guid":{"rendered":"http:\/\/192.168.1.192:8080\/?post_type=product&#038;p=1666"},"modified":"2020-09-16T04:11:37","modified_gmt":"2020-09-16T04:11:37","slug":"barnizadora-uv-hp-indigo","status":"publish","type":"product","link":"https:\/\/www.alephgraphics.com\/es\/producto\/barnizadora-uv-hp-indigo\/","title":{"rendered":"Barnizadora UV HP Indigo"},"content":{"rendered":"<h4>HP INDIGO UV COATER<\/h4>\n<p>El HP Indigo UV Coater es una\u00a0barnizadora UV\u00a0r\u00e1pida y f\u00e1cil de usar. Est\u00e1 dise\u00f1ada espec\u00edficamente para satisfacer las necesidades de las impresoras digitales que ofrecen aplicaciones de tiradas cortas\u00a0y que requieren recubrimiento para proteger y mejorar la est\u00e9tica del producto impreso.<\/p>\n","protected":false},"excerpt":{"rendered":"<p>HP INDIGO UV COATER El HP Indigo UV Coater es una\u00a0barnizadora UV\u00a0r\u00e1pida y f\u00e1cil de usar. Est\u00e1 dise\u00f1ada espec\u00edficamente para satisfacer las necesidades de las impresoras digitales que ofrecen aplicaciones de tiradas cortas\u00a0y que requieren recubrimiento para proteger y mejorar la est\u00e9tica del producto impreso.<\/p>\n","protected":false},"featured_media":1667,"template":"","meta":{"pagelayer_contact_templates":[],"_pagelayer_content":""},"product_brand":[],"product_cat":[40,34],"product_tag":[],"class_list":{"0":"post-1666","1":"product","2":"type-product","3":"status-publish","4":"has-post-thumbnail","6":"product_cat-impresion-digital","7":"product_cat-terminacion","9":"first","10":"instock","11":"shipping-taxable","12":"product-type-simple"},"_links":{"self":[{"href":"https:\/\/www.alephgraphics.com\/es\/wp-json\/wp\/v2\/product\/1666","targetHints":{"allow":["GET"]}}],"collection":[{"href":"https:\/\/www.alephgraphics.com\/es\/wp-json\/wp\/v2\/product"}],"about":[{"href":"https:\/\/www.alephgraphics.com\/es\/wp-json\/wp\/v2\/types\/product"}],"wp:featuredmedia":[{"embeddable":true,"href":"https:\/\/www.alephgraphics.com\/es\/wp-json\/wp\/v2\/media\/1667"}],"wp:attachment":[{"href":"https:\/\/www.alephgraphics.com\/es\/wp-json\/wp\/v2\/media?parent=1666"}],"wp:term":[{"taxonomy":"product_brand","embeddable":true,"href":"https:\/\/www.alephgraphics.com\/es\/wp-json\/wp\/v2\/product_brand?post=1666"},{"taxonomy":"product_cat","embeddable":true,"href":"https:\/\/www.alephgraphics.com\/es\/wp-json\/wp\/v2\/product_cat?post=1666"},{"taxonomy":"product_tag","embeddable":true,"href":"https:\/\/www.alephgraphics.com\/es\/wp-json\/wp\/v2\/product_tag?post=1666"}],"curies":[{"name":"wp","href":"https:\/\/api.w.org\/{rel}","templated":true}]}}