{"id":1663,"date":"2020-09-16T04:09:08","date_gmt":"2020-09-16T04:09:08","guid":{"rendered":"http:\/\/192.168.1.192:8080\/?post_type=product&#038;p=1663"},"modified":"2020-09-16T04:09:09","modified_gmt":"2020-09-16T04:09:09","slug":"glunz-jensen-clean-out-unit-c85","status":"publish","type":"product","link":"https:\/\/www.alephgraphics.com\/es\/producto\/glunz-jensen-clean-out-unit-c85\/","title":{"rendered":"Glunz &#038; Jensen\u00a0Clean-Out Unit C85"},"content":{"rendered":"<h3>Glunz &amp; Jensen\u00a0Clean-Out Unit+ mod. C85<\/h3>\n<p>El nuevo dise\u00f1o introduce nuevas y valiosas mejoras para el usuario final.<\/p>\n<p>.Operaci\u00f3n diaria m\u00e1s f\u00e1cil<br \/>\n.Mayor rendimiento<br \/>\n.Ciclo de reemplazo de goma extendida<br \/>\n.Diagn\u00f3stico remoto<\/p>\n<p>&nbsp;<\/p>\n<p><span style=\"text-decoration: underline;\">Apiladores de planchas (Plate Stackers):<\/span>\u00a0Varios modelos de apiladores est\u00e1n disponibles, incluyendo desde un apilador compacto conveniente hasta un apilador VLF de trabajo pesado, satisfaciendo\u00a0todas las necesidades de apilamiento de planchas.<\/p>\n<p>&nbsp;<\/p>\n<p><span style=\"text-decoration: underline;\">Panel de control simple:<\/span>\u00a0Nuevo panel de control con teclas de funci\u00f3n que permiten un f\u00e1cil cambio de programa. Los mensajes de estado y error se explican en la pantalla, mientras que las luces indicadoras simples le permiten saber que las cosas est\u00e1n funcionando sin problemas.<\/p>\n<p>&nbsp;<\/p>\n<p><span style=\"text-decoration: underline;\">Limpieza y mantenimiento sin problemas:<\/span>\u00a0Tapa superior de f\u00e1cil elevaci\u00f3n proporciona acceso a los cepillos, rodillos, barras de pulverizaci\u00f3n y gu\u00edas montadas con broche de presi\u00f3n, y se reemplazan en minutos &#8211; sin el uso de herramientas o la necesidad de volver a calibrar.<\/p>\n<p>&nbsp;<\/p>\n<p><span style=\"text-decoration: underline;\">Conexi\u00f3n Ethernet para COU+:<\/span>\u00a0Supervisi\u00f3n remota, diagn\u00f3stico de la unidad o cambios en la configuraci\u00f3n del programa a trav\u00e9s de ethernet.<\/p>\n","protected":false},"excerpt":{"rendered":"<p>Glunz &amp; Jensen\u00a0Clean-Out Unit+ mod. C85 El nuevo dise\u00f1o introduce nuevas y valiosas mejoras para el usuario final. .Operaci\u00f3n diaria m\u00e1s f\u00e1cil .Mayor rendimiento .Ciclo de reemplazo de goma extendida .Diagn\u00f3stico remoto &nbsp; Apiladores de planchas (Plate Stackers):\u00a0Varios modelos de apiladores est\u00e1n disponibles, incluyendo desde un apilador compacto conveniente hasta un apilador VLF de trabajo [&hellip;]<\/p>\n","protected":false},"featured_media":1664,"template":"","meta":{"pagelayer_contact_templates":[],"_pagelayer_content":""},"product_brand":[],"product_cat":[26],"product_tag":[],"class_list":{"0":"post-1663","1":"product","2":"type-product","3":"status-publish","4":"has-post-thumbnail","6":"product_cat-procesadoras","8":"first","9":"instock","10":"shipping-taxable","11":"product-type-simple"},"_links":{"self":[{"href":"https:\/\/www.alephgraphics.com\/es\/wp-json\/wp\/v2\/product\/1663","targetHints":{"allow":["GET"]}}],"collection":[{"href":"https:\/\/www.alephgraphics.com\/es\/wp-json\/wp\/v2\/product"}],"about":[{"href":"https:\/\/www.alephgraphics.com\/es\/wp-json\/wp\/v2\/types\/product"}],"wp:featuredmedia":[{"embeddable":true,"href":"https:\/\/www.alephgraphics.com\/es\/wp-json\/wp\/v2\/media\/1664"}],"wp:attachment":[{"href":"https:\/\/www.alephgraphics.com\/es\/wp-json\/wp\/v2\/media?parent=1663"}],"wp:term":[{"taxonomy":"product_brand","embeddable":true,"href":"https:\/\/www.alephgraphics.com\/es\/wp-json\/wp\/v2\/product_brand?post=1663"},{"taxonomy":"product_cat","embeddable":true,"href":"https:\/\/www.alephgraphics.com\/es\/wp-json\/wp\/v2\/product_cat?post=1663"},{"taxonomy":"product_tag","embeddable":true,"href":"https:\/\/www.alephgraphics.com\/es\/wp-json\/wp\/v2\/product_tag?post=1663"}],"curies":[{"name":"wp","href":"https:\/\/api.w.org\/{rel}","templated":true}]}}