{"id":1657,"date":"2020-09-16T04:03:18","date_gmt":"2020-09-16T04:03:18","guid":{"rendered":"http:\/\/192.168.1.192:8080\/?post_type=product&#038;p=1657"},"modified":"2020-09-16T04:03:18","modified_gmt":"2020-09-16T04:03:18","slug":"transportador-de-planchas-plate-conveyor","status":"publish","type":"product","link":"https:\/\/www.alephgraphics.com\/es\/producto\/transportador-de-planchas-plate-conveyor\/","title":{"rendered":"Transportador de Planchas &#8211; Plate Conveyor"},"content":{"rendered":"<p>Dise\u00f1o exquisito<br \/>\nPeque\u00f1o, simple y flexible. Est\u00e1 dise\u00f1ado con componentes opcionales que le permiten configurarlo para que cumpla con sus requisitos espec\u00edficos.<\/p>\n<p>F\u00e1cil instalaci\u00f3n<br \/>\nViene completo con correas, motor y fuente de alimentaci\u00f3n incorporada, y se puede conectar a una toma de corriente monof\u00e1sica.<\/p>\n<p>Reliabilidad<br \/>\nCinturones transparentes y transparentes para el transporte de placas sin da\u00f1os.<\/p>\n","protected":false},"excerpt":{"rendered":"<p>Dise\u00f1o exquisito Peque\u00f1o, simple y flexible. Est\u00e1 dise\u00f1ado con componentes opcionales que le permiten configurarlo para que cumpla con sus requisitos espec\u00edficos. F\u00e1cil instalaci\u00f3n Viene completo con correas, motor y fuente de alimentaci\u00f3n incorporada, y se puede conectar a una toma de corriente monof\u00e1sica. Reliabilidad Cinturones transparentes y transparentes para el transporte de placas sin [&hellip;]<\/p>\n","protected":false},"featured_media":1658,"template":"","meta":{"pagelayer_contact_templates":[],"_pagelayer_content":""},"product_brand":[],"product_cat":[26],"product_tag":[],"class_list":{"0":"post-1657","1":"product","2":"type-product","3":"status-publish","4":"has-post-thumbnail","6":"product_cat-procesadoras","8":"first","9":"instock","10":"shipping-taxable","11":"product-type-simple"},"_links":{"self":[{"href":"https:\/\/www.alephgraphics.com\/es\/wp-json\/wp\/v2\/product\/1657","targetHints":{"allow":["GET"]}}],"collection":[{"href":"https:\/\/www.alephgraphics.com\/es\/wp-json\/wp\/v2\/product"}],"about":[{"href":"https:\/\/www.alephgraphics.com\/es\/wp-json\/wp\/v2\/types\/product"}],"wp:featuredmedia":[{"embeddable":true,"href":"https:\/\/www.alephgraphics.com\/es\/wp-json\/wp\/v2\/media\/1658"}],"wp:attachment":[{"href":"https:\/\/www.alephgraphics.com\/es\/wp-json\/wp\/v2\/media?parent=1657"}],"wp:term":[{"taxonomy":"product_brand","embeddable":true,"href":"https:\/\/www.alephgraphics.com\/es\/wp-json\/wp\/v2\/product_brand?post=1657"},{"taxonomy":"product_cat","embeddable":true,"href":"https:\/\/www.alephgraphics.com\/es\/wp-json\/wp\/v2\/product_cat?post=1657"},{"taxonomy":"product_tag","embeddable":true,"href":"https:\/\/www.alephgraphics.com\/es\/wp-json\/wp\/v2\/product_tag?post=1657"}],"curies":[{"name":"wp","href":"https:\/\/api.w.org\/{rel}","templated":true}]}}