{"id":1654,"date":"2020-09-16T04:01:19","date_gmt":"2020-09-16T04:01:19","guid":{"rendered":"http:\/\/192.168.1.192:8080\/?post_type=product&#038;p=1654"},"modified":"2020-09-16T04:01:20","modified_gmt":"2020-09-16T04:01:20","slug":"heights-indium-85","status":"publish","type":"product","link":"https:\/\/www.alephgraphics.com\/es\/producto\/heights-indium-85\/","title":{"rendered":"HEIGHTS INDIUM 85"},"content":{"rendered":"<p>INDIUM 85 es un procesador offset compacto compacto y t\u00e9rmico dise\u00f1ado para impresoras de rendimiento medio a alto.<\/p>\n<p>Basado en la enorme y exitosa plataforma INCA, el INDIUM es robusto en construcci\u00f3n y de f\u00e1cil funcionamiento.<\/p>\n<p>Las caracter\u00edsticas incluyen:<br \/>\n&#8211; Sistema de control de microprocesador con pantalla t\u00e1ctil LCD a todo color<br \/>\n&#8211; Peque\u00f1a huella compacta<br \/>\n&#8211; Totalmente configurable para la mayor\u00eda de planchas convencionales y t\u00e9rmicas<\/p>\n<p>Puede configurarse para el uso en l\u00ednea o fuera de l\u00ednea utilizando la amplia gama de interfaces de placas matrices opcionales o tablas de entrada y salida.<br \/>\nOtras opciones incluyen la lectura de la conductividad del revelador, el segundo cepillo del revelador, la recirculaci\u00f3n del agua y la bandeja de goteo.<\/p>\n","protected":false},"excerpt":{"rendered":"<p>INDIUM 85 es un procesador offset compacto compacto y t\u00e9rmico dise\u00f1ado para impresoras de rendimiento medio a alto. Basado en la enorme y exitosa plataforma INCA, el INDIUM es robusto en construcci\u00f3n y de f\u00e1cil funcionamiento. Las caracter\u00edsticas incluyen: &#8211; Sistema de control de microprocesador con pantalla t\u00e1ctil LCD a todo color &#8211; Peque\u00f1a huella [&hellip;]<\/p>\n","protected":false},"featured_media":1655,"template":"","meta":{"pagelayer_contact_templates":[],"_pagelayer_content":""},"product_brand":[],"product_cat":[26],"product_tag":[],"class_list":{"0":"post-1654","1":"product","2":"type-product","3":"status-publish","4":"has-post-thumbnail","6":"product_cat-procesadoras","8":"first","9":"instock","10":"shipping-taxable","11":"product-type-simple"},"_links":{"self":[{"href":"https:\/\/www.alephgraphics.com\/es\/wp-json\/wp\/v2\/product\/1654","targetHints":{"allow":["GET"]}}],"collection":[{"href":"https:\/\/www.alephgraphics.com\/es\/wp-json\/wp\/v2\/product"}],"about":[{"href":"https:\/\/www.alephgraphics.com\/es\/wp-json\/wp\/v2\/types\/product"}],"wp:featuredmedia":[{"embeddable":true,"href":"https:\/\/www.alephgraphics.com\/es\/wp-json\/wp\/v2\/media\/1655"}],"wp:attachment":[{"href":"https:\/\/www.alephgraphics.com\/es\/wp-json\/wp\/v2\/media?parent=1654"}],"wp:term":[{"taxonomy":"product_brand","embeddable":true,"href":"https:\/\/www.alephgraphics.com\/es\/wp-json\/wp\/v2\/product_brand?post=1654"},{"taxonomy":"product_cat","embeddable":true,"href":"https:\/\/www.alephgraphics.com\/es\/wp-json\/wp\/v2\/product_cat?post=1654"},{"taxonomy":"product_tag","embeddable":true,"href":"https:\/\/www.alephgraphics.com\/es\/wp-json\/wp\/v2\/product_tag?post=1654"}],"curies":[{"name":"wp","href":"https:\/\/api.w.org\/{rel}","templated":true}]}}