{"id":1645,"date":"2020-09-16T03:55:31","date_gmt":"2020-09-16T03:55:31","guid":{"rendered":"http:\/\/192.168.1.192:8080\/?post_type=product&#038;p=1645"},"modified":"2020-09-16T03:55:31","modified_gmt":"2020-09-16T03:55:31","slug":"ag-5030-cortadora-y-grabadora-laser-talla-pequena","status":"publish","type":"product","link":"https:\/\/www.alephgraphics.com\/es\/producto\/ag-5030-cortadora-y-grabadora-laser-talla-pequena\/","title":{"rendered":"AG-5030 Cortadora y Grabadora L\u00e1ser Talla Peque\u00f1a"},"content":{"rendered":"<div class=\"page\" title=\"Page 1\">\n<div class=\"layoutArea\">\n<div class=\"column\">\n<div class=\"page\" title=\"Page 1\">\n<div class=\"layoutArea\">\n<div class=\"column\">\n<h3>Small Size L\u00e1ser Engraving-Cutting Machine<\/h3>\n<\/div>\n<\/div>\n<\/div>\n<h3><\/h3>\n<p>&#8211; Procesa una gran variedad de materiales, en superficies peque\u00f1as en detalle,<\/p>\n<p>con una alta velocidad, precisi\u00f3n y eficiencia<\/p>\n<p>&#8211; Motor y conductor de escalonamiento americano<\/p>\n<p>&#8211; Lente de enfoque de origen Singapur, con alto rendimiento de l\u00e1ser y refrigeraci\u00f3n l\u00edquida por chiller<\/p>\n<p>&nbsp;<\/p>\n<p><span style=\"text-decoration: underline;\">MATERIALES APLICABLES:<\/span><\/p>\n<div class=\"page\" title=\"Page 1\">\n<div class=\"layoutArea\">\n<div class=\"column\">\n<p>Acr\u00edlico, madera, pl\u00e1stico, cuero, tela, lana, papel, caucho, MDF, cart\u00f3n, cartonplast, pvc, cuerina, etc.<\/p>\n<\/div>\n<\/div>\n<\/div>\n<\/div>\n<\/div>\n<\/div>\n","protected":false},"excerpt":{"rendered":"<p>Small Size L\u00e1ser Engraving-Cutting Machine &#8211; Procesa una gran variedad de materiales, en superficies peque\u00f1as en detalle, con una alta velocidad, precisi\u00f3n y eficiencia &#8211; Motor y conductor de escalonamiento americano &#8211; Lente de enfoque de origen Singapur, con alto rendimiento de l\u00e1ser y refrigeraci\u00f3n l\u00edquida por chiller &nbsp; MATERIALES APLICABLES: Acr\u00edlico, madera, pl\u00e1stico, cuero, [&hellip;]<\/p>\n","protected":false},"featured_media":1646,"template":"","meta":{"pagelayer_contact_templates":[],"_pagelayer_content":""},"product_brand":[],"product_cat":[45],"product_tag":[],"class_list":{"0":"post-1645","1":"product","2":"type-product","3":"status-publish","4":"has-post-thumbnail","6":"product_cat-grabadoras-y-cortadoras-laser","8":"first","9":"instock","10":"shipping-taxable","11":"product-type-simple"},"_links":{"self":[{"href":"https:\/\/www.alephgraphics.com\/es\/wp-json\/wp\/v2\/product\/1645","targetHints":{"allow":["GET"]}}],"collection":[{"href":"https:\/\/www.alephgraphics.com\/es\/wp-json\/wp\/v2\/product"}],"about":[{"href":"https:\/\/www.alephgraphics.com\/es\/wp-json\/wp\/v2\/types\/product"}],"wp:featuredmedia":[{"embeddable":true,"href":"https:\/\/www.alephgraphics.com\/es\/wp-json\/wp\/v2\/media\/1646"}],"wp:attachment":[{"href":"https:\/\/www.alephgraphics.com\/es\/wp-json\/wp\/v2\/media?parent=1645"}],"wp:term":[{"taxonomy":"product_brand","embeddable":true,"href":"https:\/\/www.alephgraphics.com\/es\/wp-json\/wp\/v2\/product_brand?post=1645"},{"taxonomy":"product_cat","embeddable":true,"href":"https:\/\/www.alephgraphics.com\/es\/wp-json\/wp\/v2\/product_cat?post=1645"},{"taxonomy":"product_tag","embeddable":true,"href":"https:\/\/www.alephgraphics.com\/es\/wp-json\/wp\/v2\/product_tag?post=1645"}],"curies":[{"name":"wp","href":"https:\/\/api.w.org\/{rel}","templated":true}]}}