{"id":1638,"date":"2020-09-16T03:49:53","date_gmt":"2020-09-16T03:49:53","guid":{"rendered":"http:\/\/192.168.1.192:8080\/?post_type=product&#038;p=1638"},"modified":"2020-09-16T03:49:53","modified_gmt":"2020-09-16T03:49:53","slug":"ihara-accudot-ctp-plate-reader","status":"publish","type":"product","link":"https:\/\/www.alephgraphics.com\/es\/producto\/ihara-accudot-ctp-plate-reader\/","title":{"rendered":"IHARA AccuDot CtP Plate Reader"},"content":{"rendered":"<h3>AccuDot Digital Plate Reader &#8211; Lector Digital de Planchas\u00a0CtP<\/h3>\n<p>Lector de planchas de alto rendimiento, puede leer y analizar todo tipo de planchas y tramados, incluyendo poli\u00e9ster, metal, AM, FM, XM y entramado conc\u00e9ntrico.<\/p>\n<p>Visualizaci\u00f3n y captura de im\u00e1genes en tiempo real, con\u00a0200 ranuras de memoria para almacenar datos de mediciones.<\/p>\n<p>AccuDot viene\u00a0disponible en dos versiones: B\u00e1sica y Avanzada.<\/p>\n<p><span style=\"text-decoration: underline;\">Comandos basados en men\u00fas:<\/span><br \/>\nSimplemente seleccione las funciones deseadas. No se requiere memorizaci\u00f3n ni manual de operaci\u00f3n.<\/p>\n<p><span style=\"text-decoration: underline;\">La tecla de ayuda proporciona una explicaci\u00f3n de las funciones clave:<\/span><br \/>\nLas explicaciones detalladas est\u00e1n disponibles para todas las funciones de medici\u00f3n junto con las respuestas a las preguntas m\u00e1s frecuentes.<\/p>\n<p><span style=\"text-decoration: underline;\">Pantalla LCD color de tama\u00f1o grande:<\/span><br \/>\nEl AccuDot tiene una pantalla LCD a color de alta resoluci\u00f3n para una f\u00e1cil visualizaci\u00f3n. La imagen en color de alta resoluci\u00f3n permite al operador detectar cualquier anomal\u00eda en la plancha.<\/p>\n<p><span style=\"text-decoration: underline;\">F\u00e1cil actualizaci\u00f3n:<\/span><br \/>\nEl AccuDot tiene un conector mini-USB incorporado para facilitar la comunicaci\u00f3n de datos y la actualizaci\u00f3n. La actualizaci\u00f3n del firmware se realiza simplemente a trav\u00e9s de Internet.<\/p>\n","protected":false},"excerpt":{"rendered":"<p>AccuDot Digital Plate Reader &#8211; Lector Digital de Planchas\u00a0CtP Lector de planchas de alto rendimiento, puede leer y analizar todo tipo de planchas y tramados, incluyendo poli\u00e9ster, metal, AM, FM, XM y entramado conc\u00e9ntrico. Visualizaci\u00f3n y captura de im\u00e1genes en tiempo real, con\u00a0200 ranuras de memoria para almacenar datos de mediciones. AccuDot viene\u00a0disponible en dos [&hellip;]<\/p>\n","protected":false},"featured_media":1639,"template":"","meta":{"pagelayer_contact_templates":[],"_pagelayer_content":""},"product_brand":[],"product_cat":[51],"product_tag":[],"class_list":{"0":"post-1638","1":"product","2":"type-product","3":"status-publish","4":"has-post-thumbnail","6":"product_cat-instrumentos-offset","8":"first","9":"instock","10":"shipping-taxable","11":"product-type-simple"},"_links":{"self":[{"href":"https:\/\/www.alephgraphics.com\/es\/wp-json\/wp\/v2\/product\/1638","targetHints":{"allow":["GET"]}}],"collection":[{"href":"https:\/\/www.alephgraphics.com\/es\/wp-json\/wp\/v2\/product"}],"about":[{"href":"https:\/\/www.alephgraphics.com\/es\/wp-json\/wp\/v2\/types\/product"}],"wp:featuredmedia":[{"embeddable":true,"href":"https:\/\/www.alephgraphics.com\/es\/wp-json\/wp\/v2\/media\/1639"}],"wp:attachment":[{"href":"https:\/\/www.alephgraphics.com\/es\/wp-json\/wp\/v2\/media?parent=1638"}],"wp:term":[{"taxonomy":"product_brand","embeddable":true,"href":"https:\/\/www.alephgraphics.com\/es\/wp-json\/wp\/v2\/product_brand?post=1638"},{"taxonomy":"product_cat","embeddable":true,"href":"https:\/\/www.alephgraphics.com\/es\/wp-json\/wp\/v2\/product_cat?post=1638"},{"taxonomy":"product_tag","embeddable":true,"href":"https:\/\/www.alephgraphics.com\/es\/wp-json\/wp\/v2\/product_tag?post=1638"}],"curies":[{"name":"wp","href":"https:\/\/api.w.org\/{rel}","templated":true}]}}