{"id":1632,"date":"2020-09-16T03:45:34","date_gmt":"2020-09-16T03:45:34","guid":{"rendered":"http:\/\/192.168.1.192:8080\/?post_type=product&#038;p=1632"},"modified":"2020-09-16T03:45:34","modified_gmt":"2020-09-16T03:45:34","slug":"hot-melt-aghm0309","status":"publish","type":"product","link":"https:\/\/www.alephgraphics.com\/es\/producto\/hot-melt-aghm0309\/","title":{"rendered":"HOT MELT AGHM0309"},"content":{"rendered":"<div class=\"page\" title=\"Page 1\">\n<div class=\"section\">\n<div class=\"layoutArea\">\n<div class=\"column\">\n<h3>PRODUCTO ADHESIVO PARA PEGAR LATERALES<\/h3>\n<p>Este producto es un adhesivo sensitivo de presi\u00f3n permanente para la industria de la encuadernaci\u00f3n. Puede ser usado como un adhesivo para el lado de la cubierta suave y la bisagra de articulaci\u00f3n en los libros de tapas duras.<\/p>\n<\/div>\n<\/div>\n<\/div>\n<\/div>\n","protected":false},"excerpt":{"rendered":"<p>PRODUCTO ADHESIVO PARA PEGAR LATERALES Este producto es un adhesivo sensitivo de presi\u00f3n permanente para la industria de la encuadernaci\u00f3n. Puede ser usado como un adhesivo para el lado de la cubierta suave y la bisagra de articulaci\u00f3n en los libros de tapas duras.<\/p>\n","protected":false},"featured_media":1633,"template":"","meta":{"pagelayer_contact_templates":[],"_pagelayer_content":""},"product_brand":[],"product_cat":[39],"product_tag":[],"class_list":{"0":"post-1632","1":"product","2":"type-product","3":"status-publish","4":"has-post-thumbnail","6":"product_cat-insumos-graficos","8":"first","9":"instock","10":"shipping-taxable","11":"product-type-simple"},"_links":{"self":[{"href":"https:\/\/www.alephgraphics.com\/es\/wp-json\/wp\/v2\/product\/1632","targetHints":{"allow":["GET"]}}],"collection":[{"href":"https:\/\/www.alephgraphics.com\/es\/wp-json\/wp\/v2\/product"}],"about":[{"href":"https:\/\/www.alephgraphics.com\/es\/wp-json\/wp\/v2\/types\/product"}],"wp:featuredmedia":[{"embeddable":true,"href":"https:\/\/www.alephgraphics.com\/es\/wp-json\/wp\/v2\/media\/1633"}],"wp:attachment":[{"href":"https:\/\/www.alephgraphics.com\/es\/wp-json\/wp\/v2\/media?parent=1632"}],"wp:term":[{"taxonomy":"product_brand","embeddable":true,"href":"https:\/\/www.alephgraphics.com\/es\/wp-json\/wp\/v2\/product_brand?post=1632"},{"taxonomy":"product_cat","embeddable":true,"href":"https:\/\/www.alephgraphics.com\/es\/wp-json\/wp\/v2\/product_cat?post=1632"},{"taxonomy":"product_tag","embeddable":true,"href":"https:\/\/www.alephgraphics.com\/es\/wp-json\/wp\/v2\/product_tag?post=1632"}],"curies":[{"name":"wp","href":"https:\/\/api.w.org\/{rel}","templated":true}]}}