{"id":1629,"date":"2020-09-16T03:43:29","date_gmt":"2020-09-16T03:43:29","guid":{"rendered":"http:\/\/192.168.1.192:8080\/?post_type=product&#038;p=1629"},"modified":"2020-09-16T03:43:29","modified_gmt":"2020-09-16T03:43:29","slug":"ag-9060e-cortadora-y-grabadora-laser-multifuncion","status":"publish","type":"product","link":"https:\/\/www.alephgraphics.com\/es\/producto\/ag-9060e-cortadora-y-grabadora-laser-multifuncion\/","title":{"rendered":"AG-9060E Cortadora y Grabadora L\u00e1ser Multifunci\u00f3n"},"content":{"rendered":"<h3>CORTADORA Y GRABADORA L\u00c1SER Multi-funci\u00f3n AG-9060E<br \/>\nMultifunction Laser Cutting Machine<\/h3>\n<p>&#8211; Procesa una gran variedad de materiales, en superficies amplias, con una alta velocidad, precisi\u00f3n y eficiencia<\/p>\n<p>&#8211; Gu\u00eda de carril lineal de origen Jap\u00f3n, garantiza gran estabilidad en la operaci\u00f3n<\/p>\n<p>&#8211; Lente de enfoque de origen Singapur, con alto rendimiento de l\u00e1ser y refrigeraci\u00f3n l\u00edquida por chiller<\/p>\n","protected":false},"excerpt":{"rendered":"<p>CORTADORA Y GRABADORA L\u00c1SER Multi-funci\u00f3n AG-9060E Multifunction Laser Cutting Machine &#8211; Procesa una gran variedad de materiales, en superficies amplias, con una alta velocidad, precisi\u00f3n y eficiencia &#8211; Gu\u00eda de carril lineal de origen Jap\u00f3n, garantiza gran estabilidad en la operaci\u00f3n &#8211; Lente de enfoque de origen Singapur, con alto rendimiento de l\u00e1ser y refrigeraci\u00f3n [&hellip;]<\/p>\n","protected":false},"featured_media":1630,"template":"","meta":{"pagelayer_contact_templates":[],"_pagelayer_content":""},"product_brand":[],"product_cat":[45],"product_tag":[],"class_list":{"0":"post-1629","1":"product","2":"type-product","3":"status-publish","4":"has-post-thumbnail","6":"product_cat-grabadoras-y-cortadoras-laser","8":"first","9":"instock","10":"shipping-taxable","11":"product-type-simple"},"_links":{"self":[{"href":"https:\/\/www.alephgraphics.com\/es\/wp-json\/wp\/v2\/product\/1629","targetHints":{"allow":["GET"]}}],"collection":[{"href":"https:\/\/www.alephgraphics.com\/es\/wp-json\/wp\/v2\/product"}],"about":[{"href":"https:\/\/www.alephgraphics.com\/es\/wp-json\/wp\/v2\/types\/product"}],"wp:featuredmedia":[{"embeddable":true,"href":"https:\/\/www.alephgraphics.com\/es\/wp-json\/wp\/v2\/media\/1630"}],"wp:attachment":[{"href":"https:\/\/www.alephgraphics.com\/es\/wp-json\/wp\/v2\/media?parent=1629"}],"wp:term":[{"taxonomy":"product_brand","embeddable":true,"href":"https:\/\/www.alephgraphics.com\/es\/wp-json\/wp\/v2\/product_brand?post=1629"},{"taxonomy":"product_cat","embeddable":true,"href":"https:\/\/www.alephgraphics.com\/es\/wp-json\/wp\/v2\/product_cat?post=1629"},{"taxonomy":"product_tag","embeddable":true,"href":"https:\/\/www.alephgraphics.com\/es\/wp-json\/wp\/v2\/product_tag?post=1629"}],"curies":[{"name":"wp","href":"https:\/\/api.w.org\/{rel}","templated":true}]}}