{"id":1611,"date":"2020-09-16T03:29:24","date_gmt":"2020-09-16T03:29:24","guid":{"rendered":"http:\/\/192.168.1.192:8080\/?post_type=product&#038;p=1611"},"modified":"2020-09-16T03:34:50","modified_gmt":"2020-09-16T03:34:50","slug":"maquina-de-embalaje-ag-a3540","status":"publish","type":"product","link":"https:\/\/www.alephgraphics.com\/es\/producto\/maquina-de-embalaje-ag-a3540\/","title":{"rendered":"M\u00e1quina de Embalaje AG-A3540"},"content":{"rendered":"<div class=\"page\" title=\"Page 1\">\n<div class=\"layoutArea\">\n<div class=\"column\">\n<h3>M\u00e1quina de Embalaje de resma de papel fotocopia de velocidad r\u00e1pida mod. AG-A3540<\/h3>\n<p>Nuestra Ma\u00e1quina de Embalaje puede empaquetar resmas de papel en una velocidad r\u00e1pida, satisfaciendo la creciente demanda del mercado de la industria de productos de papel. Fabricada con tecnolog\u00eda de alta gama, acorta el tiempo de envasado y aumenta la eficiencia de envasado. En vez empaquetado manual, es completamente autom\u00e1tica.<\/p>\n<div class=\"page\" title=\"Page 1\">\n<div class=\"layoutArea\">\n<div class=\"column\">\n<p>Cada barra de conexi\u00f3n, funci\u00f3n de alimentaci\u00f3n transversal de papel y otras secciones son accionadas por una serie de levas dentro de la m\u00e1quina que permiten completar r\u00e1pidamente las acciones de alimentaci\u00f3n autom\u00e1tica de papel, ca\u00edda de papel, encolado y envoltura.<\/p>\n<\/div>\n<\/div>\n<\/div>\n<\/div>\n<\/div>\n<\/div>\n","protected":false},"excerpt":{"rendered":"<p>M\u00e1quina de Embalaje de resma de papel fotocopia de velocidad r\u00e1pida mod. AG-A3540 Nuestra Ma\u00e1quina de Embalaje puede empaquetar resmas de papel en una velocidad r\u00e1pida, satisfaciendo la creciente demanda del mercado de la industria de productos de papel. Fabricada con tecnolog\u00eda de alta gama, acorta el tiempo de envasado y aumenta la eficiencia de [&hellip;]<\/p>\n","protected":false},"featured_media":1612,"template":"","meta":{"pagelayer_contact_templates":[],"_pagelayer_content":""},"product_brand":[],"product_cat":[41],"product_tag":[],"class_list":{"0":"post-1611","1":"product","2":"type-product","3":"status-publish","4":"has-post-thumbnail","6":"product_cat-empaque","8":"first","9":"instock","10":"shipping-taxable","11":"product-type-simple"},"_links":{"self":[{"href":"https:\/\/www.alephgraphics.com\/es\/wp-json\/wp\/v2\/product\/1611","targetHints":{"allow":["GET"]}}],"collection":[{"href":"https:\/\/www.alephgraphics.com\/es\/wp-json\/wp\/v2\/product"}],"about":[{"href":"https:\/\/www.alephgraphics.com\/es\/wp-json\/wp\/v2\/types\/product"}],"wp:featuredmedia":[{"embeddable":true,"href":"https:\/\/www.alephgraphics.com\/es\/wp-json\/wp\/v2\/media\/1612"}],"wp:attachment":[{"href":"https:\/\/www.alephgraphics.com\/es\/wp-json\/wp\/v2\/media?parent=1611"}],"wp:term":[{"taxonomy":"product_brand","embeddable":true,"href":"https:\/\/www.alephgraphics.com\/es\/wp-json\/wp\/v2\/product_brand?post=1611"},{"taxonomy":"product_cat","embeddable":true,"href":"https:\/\/www.alephgraphics.com\/es\/wp-json\/wp\/v2\/product_cat?post=1611"},{"taxonomy":"product_tag","embeddable":true,"href":"https:\/\/www.alephgraphics.com\/es\/wp-json\/wp\/v2\/product_tag?post=1611"}],"curies":[{"name":"wp","href":"https:\/\/api.w.org\/{rel}","templated":true}]}}