{"id":1583,"date":"2020-09-16T01:50:53","date_gmt":"2020-09-16T01:50:53","guid":{"rendered":"http:\/\/192.168.1.192:8080\/?post_type=product&#038;p=1583"},"modified":"2020-09-16T01:50:53","modified_gmt":"2020-09-16T01:50:53","slug":"cron-online-punch-bridge","status":"publish","type":"product","link":"https:\/\/www.alephgraphics.com\/es\/producto\/cron-online-punch-bridge\/","title":{"rendered":"CRON Online Punch Bridge"},"content":{"rendered":"<h4>Puente de 4 direcciones que permite que el sistema de procesamiento CTP se integre completamente en l\u00ednea.<\/h4>\n<h4><\/h4>\n<p>Dise\u00f1o multiprop\u00f3sito que permite un mejor uso del espacio de trabajo en la pre-prensa.<\/p>\n<p>Trabaja con un sistema de registro de 3 puntos que da una precisi\u00f3n de punz\u00f3n de 0,01 mm.<\/p>\n","protected":false},"excerpt":{"rendered":"<p>Puente de 4 direcciones que permite que el sistema de procesamiento CTP se integre completamente en l\u00ednea. Dise\u00f1o multiprop\u00f3sito que permite un mejor uso del espacio de trabajo en la pre-prensa. Trabaja con un sistema de registro de 3 puntos que da una precisi\u00f3n de punz\u00f3n de 0,01 mm.<\/p>\n","protected":false},"featured_media":1584,"template":"","meta":{"pagelayer_contact_templates":[],"_pagelayer_content":""},"product_brand":[],"product_cat":[43],"product_tag":[],"class_list":{"0":"post-1583","1":"product","2":"type-product","3":"status-publish","4":"has-post-thumbnail","6":"product_cat-ctp-usados-reconstruidos","8":"first","9":"instock","10":"shipping-taxable","11":"product-type-simple"},"_links":{"self":[{"href":"https:\/\/www.alephgraphics.com\/es\/wp-json\/wp\/v2\/product\/1583","targetHints":{"allow":["GET"]}}],"collection":[{"href":"https:\/\/www.alephgraphics.com\/es\/wp-json\/wp\/v2\/product"}],"about":[{"href":"https:\/\/www.alephgraphics.com\/es\/wp-json\/wp\/v2\/types\/product"}],"wp:featuredmedia":[{"embeddable":true,"href":"https:\/\/www.alephgraphics.com\/es\/wp-json\/wp\/v2\/media\/1584"}],"wp:attachment":[{"href":"https:\/\/www.alephgraphics.com\/es\/wp-json\/wp\/v2\/media?parent=1583"}],"wp:term":[{"taxonomy":"product_brand","embeddable":true,"href":"https:\/\/www.alephgraphics.com\/es\/wp-json\/wp\/v2\/product_brand?post=1583"},{"taxonomy":"product_cat","embeddable":true,"href":"https:\/\/www.alephgraphics.com\/es\/wp-json\/wp\/v2\/product_cat?post=1583"},{"taxonomy":"product_tag","embeddable":true,"href":"https:\/\/www.alephgraphics.com\/es\/wp-json\/wp\/v2\/product_tag?post=1583"}],"curies":[{"name":"wp","href":"https:\/\/api.w.org\/{rel}","templated":true}]}}