{"id":1577,"date":"2020-09-16T01:46:35","date_gmt":"2020-09-16T01:46:35","guid":{"rendered":"http:\/\/192.168.1.192:8080\/?post_type=product&#038;p=1577"},"modified":"2020-09-16T01:46:35","modified_gmt":"2020-09-16T01:46:35","slug":"glunz-jensen-concept-401-d","status":"publish","type":"product","link":"https:\/\/www.alephgraphics.com\/es\/producto\/glunz-jensen-concept-401-d\/","title":{"rendered":"Glunz &#038; Jensen Concept 401 D"},"content":{"rendered":"<p><strong>. Un secador con seis cajones para grandes placas flexogr\u00e1ficas de 1200 x 1530 mm (47 x 60&#8243;)<\/strong><\/p>\n<p><strong>. Dise\u00f1ado para proporcionar la m\u00e1xima uniformidad en la distribuci\u00f3n del aire y la uniformidad de secado<\/strong><\/p>\n<p><strong>. Una forma \u00fanica de caj\u00f3n permite que ambos lados de la placa se sequen perfectamente<\/strong><\/p>\n<p>&nbsp;<\/p>\n<p><span style=\"text-decoration: underline;\">Control independiente de la secadora<\/span><\/p>\n<p>Cada par de cajones tiene su propio grupo de calefacci\u00f3n con control de temperatura separado, control separado del flujo de aire y arranque separado. Cada caj\u00f3n cuenta con su propio temporizador<\/p>\n<p>&nbsp;<\/p>\n<p><span style=\"text-decoration: underline;\">Calidad y uniformidad<\/span><\/p>\n<p>Los cajones de los secadores tienen un sello magn\u00e9tico y est\u00e1n aislados para asegurar un funcionamiento silencioso ( 2 m \/ s) y un sistema de escape integrado permiten una mayor consistencia en la circulaci\u00f3n del aire y tiempos de secado m\u00e1s r\u00e1pidos.<\/p>\n","protected":false},"excerpt":{"rendered":"<p>. Un secador con seis cajones para grandes placas flexogr\u00e1ficas de 1200 x 1530 mm (47 x 60&#8243;) . Dise\u00f1ado para proporcionar la m\u00e1xima uniformidad en la distribuci\u00f3n del aire y la uniformidad de secado . Una forma \u00fanica de caj\u00f3n permite que ambos lados de la placa se sequen perfectamente &nbsp; Control independiente de [&hellip;]<\/p>\n","protected":false},"featured_media":1578,"template":"","meta":{"pagelayer_contact_templates":[],"_pagelayer_content":""},"product_brand":[],"product_cat":[38],"product_tag":[],"class_list":{"0":"post-1577","1":"product","2":"type-product","3":"status-publish","4":"has-post-thumbnail","6":"product_cat-preprensa-flexo","8":"first","9":"instock","10":"shipping-taxable","11":"product-type-simple"},"_links":{"self":[{"href":"https:\/\/www.alephgraphics.com\/es\/wp-json\/wp\/v2\/product\/1577","targetHints":{"allow":["GET"]}}],"collection":[{"href":"https:\/\/www.alephgraphics.com\/es\/wp-json\/wp\/v2\/product"}],"about":[{"href":"https:\/\/www.alephgraphics.com\/es\/wp-json\/wp\/v2\/types\/product"}],"wp:featuredmedia":[{"embeddable":true,"href":"https:\/\/www.alephgraphics.com\/es\/wp-json\/wp\/v2\/media\/1578"}],"wp:attachment":[{"href":"https:\/\/www.alephgraphics.com\/es\/wp-json\/wp\/v2\/media?parent=1577"}],"wp:term":[{"taxonomy":"product_brand","embeddable":true,"href":"https:\/\/www.alephgraphics.com\/es\/wp-json\/wp\/v2\/product_brand?post=1577"},{"taxonomy":"product_cat","embeddable":true,"href":"https:\/\/www.alephgraphics.com\/es\/wp-json\/wp\/v2\/product_cat?post=1577"},{"taxonomy":"product_tag","embeddable":true,"href":"https:\/\/www.alephgraphics.com\/es\/wp-json\/wp\/v2\/product_tag?post=1577"}],"curies":[{"name":"wp","href":"https:\/\/api.w.org\/{rel}","templated":true}]}}