{"id":1574,"date":"2020-09-16T01:44:38","date_gmt":"2020-09-16T01:44:38","guid":{"rendered":"http:\/\/192.168.1.192:8080\/?post_type=product&#038;p=1574"},"modified":"2020-09-16T01:44:38","modified_gmt":"2020-09-16T01:44:38","slug":"heights-s-line-42-52-dlf","status":"publish","type":"product","link":"https:\/\/www.alephgraphics.com\/es\/producto\/heights-s-line-42-52-dlf\/","title":{"rendered":"HEIGHTS S-Line 42 &#038; 52 DLF"},"content":{"rendered":"<p>El S-LINE 42 &amp; 52 DLF de Heights trabaja combinando Secador con el Acabado de luz. Ha sido dise\u00f1ado para producir las placas flexo de la m\u00e1s alta calidad en combinaci\u00f3n con toda la gama S-LINE.<\/p>\n<p>La unidad est\u00e1 equipada con tres juegos de dos cajones de secadora cada uno con su propio temporizador ajustable, ventilador tangencial y conjunto de calentador para asegurar temperaturas de secado uniformes y flujo de aire consistente en toda la unidad. La temperatura de secado se controla constantemente a trav\u00e9s del PLC para asegurar que la temperatura del secador se mantienga entre los par\u00e1metros correctos de producci\u00f3n de la placa, al igual que todas las funciones DLF.<\/p>\n<p>La secci\u00f3n LF tiene un solo caj\u00f3n, fuente de luz combinada que utiliza l\u00e1mparas UV-A y UV-C altamente eficientes para asegurar que la exposici\u00f3n posterior y el acabado sean uniformes a trav\u00e9s de la superficie de la placa.<\/p>\n<p><em>. Ingenier\u00eda de calidad robusta<\/em><\/p>\n<p><em>. Componentes de alta calidad<\/em><\/p>\n<p><em>. PLC de pantalla t\u00e1ctil<\/em><\/p>\n<p><em>. Sistema de secado duradero y altamente eficiente<\/em><\/p>\n<p><em>. Tubos UV-A y UV-C duraderos y de alta eficiencia con extracci\u00f3n incorporada<\/em><\/p>\n","protected":false},"excerpt":{"rendered":"<p>El S-LINE 42 &amp; 52 DLF de Heights trabaja combinando Secador con el Acabado de luz. Ha sido dise\u00f1ado para producir las placas flexo de la m\u00e1s alta calidad en combinaci\u00f3n con toda la gama S-LINE. La unidad est\u00e1 equipada con tres juegos de dos cajones de secadora cada uno con su propio temporizador ajustable, [&hellip;]<\/p>\n","protected":false},"featured_media":1575,"template":"","meta":{"pagelayer_contact_templates":[],"_pagelayer_content":""},"product_brand":[],"product_cat":[38],"product_tag":[],"class_list":{"0":"post-1574","1":"product","2":"type-product","3":"status-publish","4":"has-post-thumbnail","6":"product_cat-preprensa-flexo","8":"first","9":"instock","10":"shipping-taxable","11":"product-type-simple"},"_links":{"self":[{"href":"https:\/\/www.alephgraphics.com\/es\/wp-json\/wp\/v2\/product\/1574","targetHints":{"allow":["GET"]}}],"collection":[{"href":"https:\/\/www.alephgraphics.com\/es\/wp-json\/wp\/v2\/product"}],"about":[{"href":"https:\/\/www.alephgraphics.com\/es\/wp-json\/wp\/v2\/types\/product"}],"wp:featuredmedia":[{"embeddable":true,"href":"https:\/\/www.alephgraphics.com\/es\/wp-json\/wp\/v2\/media\/1575"}],"wp:attachment":[{"href":"https:\/\/www.alephgraphics.com\/es\/wp-json\/wp\/v2\/media?parent=1574"}],"wp:term":[{"taxonomy":"product_brand","embeddable":true,"href":"https:\/\/www.alephgraphics.com\/es\/wp-json\/wp\/v2\/product_brand?post=1574"},{"taxonomy":"product_cat","embeddable":true,"href":"https:\/\/www.alephgraphics.com\/es\/wp-json\/wp\/v2\/product_cat?post=1574"},{"taxonomy":"product_tag","embeddable":true,"href":"https:\/\/www.alephgraphics.com\/es\/wp-json\/wp\/v2\/product_tag?post=1574"}],"curies":[{"name":"wp","href":"https:\/\/api.w.org\/{rel}","templated":true}]}}