{"id":1565,"date":"2020-09-16T01:39:13","date_gmt":"2020-09-16T01:39:13","guid":{"rendered":"http:\/\/192.168.1.192:8080\/?post_type=product&#038;p=1565"},"modified":"2020-09-16T01:39:13","modified_gmt":"2020-09-16T01:39:13","slug":"lavadora-ultrasonica-de-banda-corta","status":"publish","type":"product","link":"https:\/\/www.alephgraphics.com\/es\/producto\/lavadora-ultrasonica-de-banda-corta\/","title":{"rendered":"Lavadora Ultras\u00f3nica de Banda Corta"},"content":{"rendered":"<h3>Equipamiento para limpieza de rodillos anilox (1 o 2 cilindros) mod.\u00a0VGRAPH-BR3<\/h3>\n<p>La calidad de la eliminaci\u00f3n de la tinta en los alv\u00e9olos es superior a cualquier otro proceso de limpieza, garantizando as\u00ed la uniformidad en la calidad de los impresos. Su proceso de limpieza es ecol\u00f3gicamente correcto, ideal para cilindros de rotograbado y flexograf\u00eda.<\/p>\n","protected":false},"excerpt":{"rendered":"<p>Equipamiento para limpieza de rodillos anilox (1 o 2 cilindros) mod.\u00a0VGRAPH-BR3 La calidad de la eliminaci\u00f3n de la tinta en los alv\u00e9olos es superior a cualquier otro proceso de limpieza, garantizando as\u00ed la uniformidad en la calidad de los impresos. Su proceso de limpieza es ecol\u00f3gicamente correcto, ideal para cilindros de rotograbado y flexograf\u00eda.<\/p>\n","protected":false},"featured_media":1566,"template":"","meta":{"pagelayer_contact_templates":[],"_pagelayer_content":""},"product_brand":[],"product_cat":[47],"product_tag":[],"class_list":{"0":"post-1565","1":"product","2":"type-product","3":"status-publish","4":"has-post-thumbnail","6":"product_cat-prensa-flexo","8":"first","9":"instock","10":"shipping-taxable","11":"product-type-simple"},"_links":{"self":[{"href":"https:\/\/www.alephgraphics.com\/es\/wp-json\/wp\/v2\/product\/1565","targetHints":{"allow":["GET"]}}],"collection":[{"href":"https:\/\/www.alephgraphics.com\/es\/wp-json\/wp\/v2\/product"}],"about":[{"href":"https:\/\/www.alephgraphics.com\/es\/wp-json\/wp\/v2\/types\/product"}],"wp:featuredmedia":[{"embeddable":true,"href":"https:\/\/www.alephgraphics.com\/es\/wp-json\/wp\/v2\/media\/1566"}],"wp:attachment":[{"href":"https:\/\/www.alephgraphics.com\/es\/wp-json\/wp\/v2\/media?parent=1565"}],"wp:term":[{"taxonomy":"product_brand","embeddable":true,"href":"https:\/\/www.alephgraphics.com\/es\/wp-json\/wp\/v2\/product_brand?post=1565"},{"taxonomy":"product_cat","embeddable":true,"href":"https:\/\/www.alephgraphics.com\/es\/wp-json\/wp\/v2\/product_cat?post=1565"},{"taxonomy":"product_tag","embeddable":true,"href":"https:\/\/www.alephgraphics.com\/es\/wp-json\/wp\/v2\/product_tag?post=1565"}],"curies":[{"name":"wp","href":"https:\/\/api.w.org\/{rel}","templated":true}]}}