{"id":1547,"date":"2020-09-16T01:25:18","date_gmt":"2020-09-16T01:25:18","guid":{"rendered":"http:\/\/192.168.1.192:8080\/?post_type=product&#038;p=1547"},"modified":"2020-09-16T01:25:18","modified_gmt":"2020-09-16T01:25:18","slug":"techcron-spectrodrive","status":"publish","type":"product","link":"https:\/\/www.alephgraphics.com\/es\/producto\/techcron-spectrodrive\/","title":{"rendered":"TECHCRON SpectroDrive"},"content":{"rendered":"<p><span style=\"text-decoration: underline;\">R\u00c1PIDO:<\/span><\/p>\n<p>SpectroDrive escanea barras de color de hojas de impresi\u00f3n en cuesti\u00f3n de segundos al enviar simult\u00e1neamente datos espectrales y medici\u00f3n de densidad a un PC con el software Techkon Expresso. Escanea una hoja de 40&#8243; de prensa en menos de 8 segundos.<\/p>\n<p><span style=\"text-decoration: underline;\">PRECISO:<\/span><\/p>\n<p>La informaci\u00f3n sobre la densidad y el color medido se visualiza con los cambios de densidad sugeridos para un color m\u00e1s preciso. El motor de color espectral proporciona una precisi\u00f3n de medici\u00f3n inmejorable y consistencia en el tiempo.<\/p>\n<p><span style=\"text-decoration: underline;\">VERS\u00c1TIL:<\/span><\/p>\n<p>El SpectroDrive puede ser utilizado para la exploraci\u00f3n autom\u00e1tica o como un dispositivo de mano para mediciones de verificaci\u00f3n de color.<\/p>\n<p>&nbsp;<\/p>\n","protected":false},"excerpt":{"rendered":"<p>R\u00c1PIDO: SpectroDrive escanea barras de color de hojas de impresi\u00f3n en cuesti\u00f3n de segundos al enviar simult\u00e1neamente datos espectrales y medici\u00f3n de densidad a un PC con el software Techkon Expresso. Escanea una hoja de 40&#8243; de prensa en menos de 8 segundos. PRECISO: La informaci\u00f3n sobre la densidad y el color medido se visualiza [&hellip;]<\/p>\n","protected":false},"featured_media":1548,"template":"","meta":{"pagelayer_contact_templates":[],"_pagelayer_content":""},"product_brand":[],"product_cat":[29,50,51],"product_tag":[],"class_list":{"0":"post-1547","1":"product","2":"type-product","3":"status-publish","4":"has-post-thumbnail","6":"product_cat-color","7":"product_cat-instrumentos-color","8":"product_cat-instrumentos-offset","10":"first","11":"instock","12":"shipping-taxable","13":"product-type-simple"},"_links":{"self":[{"href":"https:\/\/www.alephgraphics.com\/es\/wp-json\/wp\/v2\/product\/1547","targetHints":{"allow":["GET"]}}],"collection":[{"href":"https:\/\/www.alephgraphics.com\/es\/wp-json\/wp\/v2\/product"}],"about":[{"href":"https:\/\/www.alephgraphics.com\/es\/wp-json\/wp\/v2\/types\/product"}],"wp:featuredmedia":[{"embeddable":true,"href":"https:\/\/www.alephgraphics.com\/es\/wp-json\/wp\/v2\/media\/1548"}],"wp:attachment":[{"href":"https:\/\/www.alephgraphics.com\/es\/wp-json\/wp\/v2\/media?parent=1547"}],"wp:term":[{"taxonomy":"product_brand","embeddable":true,"href":"https:\/\/www.alephgraphics.com\/es\/wp-json\/wp\/v2\/product_brand?post=1547"},{"taxonomy":"product_cat","embeddable":true,"href":"https:\/\/www.alephgraphics.com\/es\/wp-json\/wp\/v2\/product_cat?post=1547"},{"taxonomy":"product_tag","embeddable":true,"href":"https:\/\/www.alephgraphics.com\/es\/wp-json\/wp\/v2\/product_tag?post=1547"}],"curies":[{"name":"wp","href":"https:\/\/api.w.org\/{rel}","templated":true}]}}