{"id":1541,"date":"2020-09-16T01:20:29","date_gmt":"2020-09-16T01:20:29","guid":{"rendered":"http:\/\/192.168.1.192:8080\/?post_type=product&#038;p=1541"},"modified":"2020-09-16T01:20:30","modified_gmt":"2020-09-16T01:20:30","slug":"maquina-cortadora-de-lomos-ag-zx-450","status":"publish","type":"product","link":"https:\/\/www.alephgraphics.com\/es\/producto\/maquina-cortadora-de-lomos-ag-zx-450\/","title":{"rendered":"M\u00e1quina Cortadora de Lomos AG-ZX 450"},"content":{"rendered":"<div class=\"page\" title=\"Page 1\">\n<div class=\"section\">\n<div class=\"layoutArea\">\n<div class=\"column\">\n<p>Es un equipo especial para libros de tapa dura. Se caracteriza por ser f\u00e1cil de operar, de corte preciso y de alta eficiencia. Se utiliza para cortar los lomos de los libros.<\/p>\n<p>&nbsp;<\/p>\n<p>&#8211; Corta lomos desde 3mm de forma perfecta.<\/p>\n<p>&#8211; Integrada con un solo chip, embrague electromagn\u00e9tico, trabajo estable y f\u00e1cil ajuste. El sistema de lubricaci\u00f3n concentrado es de f\u00e1cil mantenimiento.<\/p>\n<p>&#8211;\u00a0Hermoso dise\u00f1o y posee cubierta de seguridad acorde a est\u00e1ndar Europeo CE.<\/p>\n<\/div>\n<\/div>\n<\/div>\n<\/div>\n","protected":false},"excerpt":{"rendered":"<p>Es un equipo especial para libros de tapa dura. Se caracteriza por ser f\u00e1cil de operar, de corte preciso y de alta eficiencia. Se utiliza para cortar los lomos de los libros. &nbsp; &#8211; Corta lomos desde 3mm de forma perfecta. &#8211; Integrada con un solo chip, embrague electromagn\u00e9tico, trabajo estable y f\u00e1cil ajuste. El [&hellip;]<\/p>\n","protected":false},"featured_media":1542,"template":"","meta":{"pagelayer_contact_templates":[],"_pagelayer_content":""},"product_brand":[],"product_cat":[44],"product_tag":[],"class_list":{"0":"post-1541","1":"product","2":"type-product","3":"status-publish","4":"has-post-thumbnail","6":"product_cat-encuadernacion","8":"first","9":"instock","10":"shipping-taxable","11":"product-type-simple"},"_links":{"self":[{"href":"https:\/\/www.alephgraphics.com\/es\/wp-json\/wp\/v2\/product\/1541","targetHints":{"allow":["GET"]}}],"collection":[{"href":"https:\/\/www.alephgraphics.com\/es\/wp-json\/wp\/v2\/product"}],"about":[{"href":"https:\/\/www.alephgraphics.com\/es\/wp-json\/wp\/v2\/types\/product"}],"wp:featuredmedia":[{"embeddable":true,"href":"https:\/\/www.alephgraphics.com\/es\/wp-json\/wp\/v2\/media\/1542"}],"wp:attachment":[{"href":"https:\/\/www.alephgraphics.com\/es\/wp-json\/wp\/v2\/media?parent=1541"}],"wp:term":[{"taxonomy":"product_brand","embeddable":true,"href":"https:\/\/www.alephgraphics.com\/es\/wp-json\/wp\/v2\/product_brand?post=1541"},{"taxonomy":"product_cat","embeddable":true,"href":"https:\/\/www.alephgraphics.com\/es\/wp-json\/wp\/v2\/product_cat?post=1541"},{"taxonomy":"product_tag","embeddable":true,"href":"https:\/\/www.alephgraphics.com\/es\/wp-json\/wp\/v2\/product_tag?post=1541"}],"curies":[{"name":"wp","href":"https:\/\/api.w.org\/{rel}","templated":true}]}}