{"id":1538,"date":"2020-09-16T01:18:17","date_gmt":"2020-09-16T01:18:17","guid":{"rendered":"http:\/\/192.168.1.192:8080\/?post_type=product&#038;p=1538"},"modified":"2020-09-16T01:18:17","modified_gmt":"2020-09-16T01:18:17","slug":"xitron-bluebox-usb-scsi-pci-apis-interface","status":"publish","type":"product","link":"https:\/\/www.alephgraphics.com\/es\/producto\/xitron-bluebox-usb-scsi-pci-apis-interface\/","title":{"rendered":"Xitron BlueBox USB-SCSI\/PCI\/APIS Interface"},"content":{"rendered":"<h3>La soluci\u00f3n Xitron para mantener su dispositivo de salida corriendo por mucho tiempo m\u00e1s.<\/h3>\n<p>&nbsp;<\/p>\n<p>Si usted tiene trabajando una de las miles CtPs, filmadoras, proofers o impresoras digitales conectadas a trav\u00e9s de una interface SCSI, PCI o APIS hoy d\u00eda, se enfrenta al riesgo de que su m\u00e1quina a\u00fan productiva, quede fuera de servicio por falta de conectividad.<\/p>\n<p>La tecnolog\u00eda con interfaces SCSI, por ejemplo, ha quedado sin soporte y ya no est\u00e1 siendo fabricada ni reparada en la actualidad. Por otro lado, tambi\u00e9n se est\u00e1 limitando su actualizaci\u00f3n. La Xitron BlueBox USB-SCSI Interface le permitir\u00e1 actualizar y mantener su sistema en actividad cuando realmente no existe nada malo con \u00e9l, con un significativo ahorro de dinero prolongando su vida \u00fatil.<\/p>\n<p>&nbsp;<\/p>\n<p><em>. Conexi\u00f3n modular mediante USB 3.0<\/em><\/p>\n<p><em>. Soporta dispositivos: Agfa,\u00a0Creo, Fuji, Kodak y mucho otros<\/em><\/p>\n<p><em> . Mejorar\u00e1 su\u00a0transferencia en alta velocidad a trav\u00e9s de USB al RIP <\/em><\/p>\n<p><em>. Compatible con todos los sistemas operativos modernos como Windows 7, Windows 8.1, Windows 10 Servidor 2008R2, Server 2012, Server 2019<br \/>\n<\/em><\/p>\n","protected":false},"excerpt":{"rendered":"<p>La soluci\u00f3n Xitron para mantener su dispositivo de salida corriendo por mucho tiempo m\u00e1s. &nbsp; Si usted tiene trabajando una de las miles CtPs, filmadoras, proofers o impresoras digitales conectadas a trav\u00e9s de una interface SCSI, PCI o APIS hoy d\u00eda, se enfrenta al riesgo de que su m\u00e1quina a\u00fan productiva, quede fuera de servicio [&hellip;]<\/p>\n","protected":false},"featured_media":1539,"template":"","meta":{"pagelayer_contact_templates":[],"_pagelayer_content":""},"product_brand":[],"product_cat":[58],"product_tag":[],"class_list":{"0":"post-1538","1":"product","2":"type-product","3":"status-publish","4":"has-post-thumbnail","6":"product_cat-xitron","8":"first","9":"instock","10":"shipping-taxable","11":"product-type-simple"},"_links":{"self":[{"href":"https:\/\/www.alephgraphics.com\/es\/wp-json\/wp\/v2\/product\/1538","targetHints":{"allow":["GET"]}}],"collection":[{"href":"https:\/\/www.alephgraphics.com\/es\/wp-json\/wp\/v2\/product"}],"about":[{"href":"https:\/\/www.alephgraphics.com\/es\/wp-json\/wp\/v2\/types\/product"}],"wp:featuredmedia":[{"embeddable":true,"href":"https:\/\/www.alephgraphics.com\/es\/wp-json\/wp\/v2\/media\/1539"}],"wp:attachment":[{"href":"https:\/\/www.alephgraphics.com\/es\/wp-json\/wp\/v2\/media?parent=1538"}],"wp:term":[{"taxonomy":"product_brand","embeddable":true,"href":"https:\/\/www.alephgraphics.com\/es\/wp-json\/wp\/v2\/product_brand?post=1538"},{"taxonomy":"product_cat","embeddable":true,"href":"https:\/\/www.alephgraphics.com\/es\/wp-json\/wp\/v2\/product_cat?post=1538"},{"taxonomy":"product_tag","embeddable":true,"href":"https:\/\/www.alephgraphics.com\/es\/wp-json\/wp\/v2\/product_tag?post=1538"}],"curies":[{"name":"wp","href":"https:\/\/api.w.org\/{rel}","templated":true}]}}