{"id":1498,"date":"2020-09-16T00:14:42","date_gmt":"2020-09-16T00:14:42","guid":{"rendered":"http:\/\/192.168.1.192:8080\/?post_type=product&#038;p=1498"},"modified":"2020-09-16T00:14:42","modified_gmt":"2020-09-16T00:14:42","slug":"mantillas-caucho-para-offset-y-rotativas","status":"publish","type":"product","link":"https:\/\/www.alephgraphics.com\/es\/producto\/mantillas-caucho-para-offset-y-rotativas\/","title":{"rendered":"Mantillas (Caucho) para Offset y Rotativas"},"content":{"rendered":"<div class=\"page\" title=\"Page 1\">\n<div class=\"layoutArea\">\n<div class=\"column\">\n<h3>MANTILLAS (CAUCHO) PARA OFFSET Y ROTATIVAS<\/h3>\n<div class=\"page\" title=\"Page 1\">\n<div class=\"layoutArea\">\n<div class=\"column\">\n<p>AlephGraphics presenta las mantillas planas m\u00e1s vers\u00e1tiles y eficientes del mercado, fabricadas con una excelente superficie pulida y consistente que traslada mayor cantidad de tinta logrando un buen balance de impresi\u00f3n. Esto permite realzar las caracter\u00edsticas de despegue, brindando una excelente reproducci\u00f3n de puntos. Su dise\u00f1o esta especialmente desarrollado para aquellos clientes que tienden a cambiar constantemente tanto la cantidad como el formato del papel.<\/p>\n<\/div>\n<\/div>\n<\/div>\n<\/div>\n<\/div>\n<\/div>\n","protected":false},"excerpt":{"rendered":"<p>MANTILLAS (CAUCHO) PARA OFFSET Y ROTATIVAS AlephGraphics presenta las mantillas planas m\u00e1s vers\u00e1tiles y eficientes del mercado, fabricadas con una excelente superficie pulida y consistente que traslada mayor cantidad de tinta logrando un buen balance de impresi\u00f3n. Esto permite realzar las caracter\u00edsticas de despegue, brindando una excelente reproducci\u00f3n de puntos. Su dise\u00f1o esta especialmente desarrollado [&hellip;]<\/p>\n","protected":false},"featured_media":1499,"template":"","meta":{"pagelayer_contact_templates":[],"_pagelayer_content":""},"product_brand":[],"product_cat":[39],"product_tag":[],"class_list":{"0":"post-1498","1":"product","2":"type-product","3":"status-publish","4":"has-post-thumbnail","6":"product_cat-insumos-graficos","8":"first","9":"instock","10":"shipping-taxable","11":"product-type-simple"},"_links":{"self":[{"href":"https:\/\/www.alephgraphics.com\/es\/wp-json\/wp\/v2\/product\/1498","targetHints":{"allow":["GET"]}}],"collection":[{"href":"https:\/\/www.alephgraphics.com\/es\/wp-json\/wp\/v2\/product"}],"about":[{"href":"https:\/\/www.alephgraphics.com\/es\/wp-json\/wp\/v2\/types\/product"}],"wp:featuredmedia":[{"embeddable":true,"href":"https:\/\/www.alephgraphics.com\/es\/wp-json\/wp\/v2\/media\/1499"}],"wp:attachment":[{"href":"https:\/\/www.alephgraphics.com\/es\/wp-json\/wp\/v2\/media?parent=1498"}],"wp:term":[{"taxonomy":"product_brand","embeddable":true,"href":"https:\/\/www.alephgraphics.com\/es\/wp-json\/wp\/v2\/product_brand?post=1498"},{"taxonomy":"product_cat","embeddable":true,"href":"https:\/\/www.alephgraphics.com\/es\/wp-json\/wp\/v2\/product_cat?post=1498"},{"taxonomy":"product_tag","embeddable":true,"href":"https:\/\/www.alephgraphics.com\/es\/wp-json\/wp\/v2\/product_tag?post=1498"}],"curies":[{"name":"wp","href":"https:\/\/api.w.org\/{rel}","templated":true}]}}