{"id":1495,"date":"2020-09-15T21:47:02","date_gmt":"2020-09-15T21:47:02","guid":{"rendered":"http:\/\/192.168.1.192:8080\/?post_type=product&#038;p=1495"},"modified":"2020-09-15T21:47:02","modified_gmt":"2020-09-15T21:47:02","slug":"ag-flm20a-grabadora-laser-de-metales","status":"publish","type":"product","link":"https:\/\/www.alephgraphics.com\/es\/producto\/ag-flm20a-grabadora-laser-de-metales\/","title":{"rendered":"AG-FLM20A Grabadora L\u00e1ser de Metales"},"content":{"rendered":"<p>Grabadora L\u00e1ser de metales AGGY-FLM20A<br \/>\nExcellent Fiber Laser Marking Machine<\/p>\n<p>&nbsp;<\/p>\n<p>. Sistema l\u00e1ser de fibra Maxphotonics IPG Tech importada<\/p>\n<p>. Excelente modo \u00f3ptico que proporciona larga vida \u00fatil de hasta 100.000 horas<\/p>\n<p>. La m\u00e1s alta eficiencia de conversi\u00f3n electro-\u00f3ptica, hasta un 80%, con un poder bruto inferior a 600w<\/p>\n<p>. Tama\u00f1o peque\u00f1o de la m\u00e1quina, permite una sencilla operaci\u00f3n y casi ning\u00fan mantenimiento<\/p>\n<p>. Alta precisi\u00f3n, adecuada para el procesamiento de todos los materiales met\u00e1licos, y hasta no-met\u00e1licos<\/p>\n","protected":false},"excerpt":{"rendered":"<p>Grabadora L\u00e1ser de metales AGGY-FLM20A Excellent Fiber Laser Marking Machine &nbsp; . Sistema l\u00e1ser de fibra Maxphotonics IPG Tech importada . Excelente modo \u00f3ptico que proporciona larga vida \u00fatil de hasta 100.000 horas . La m\u00e1s alta eficiencia de conversi\u00f3n electro-\u00f3ptica, hasta un 80%, con un poder bruto inferior a 600w . Tama\u00f1o peque\u00f1o de [&hellip;]<\/p>\n","protected":false},"featured_media":1496,"template":"","meta":{"pagelayer_contact_templates":[],"_pagelayer_content":""},"product_brand":[],"product_cat":[45],"product_tag":[],"class_list":{"0":"post-1495","1":"product","2":"type-product","3":"status-publish","4":"has-post-thumbnail","6":"product_cat-grabadoras-y-cortadoras-laser","8":"first","9":"instock","10":"shipping-taxable","11":"product-type-simple"},"_links":{"self":[{"href":"https:\/\/www.alephgraphics.com\/es\/wp-json\/wp\/v2\/product\/1495","targetHints":{"allow":["GET"]}}],"collection":[{"href":"https:\/\/www.alephgraphics.com\/es\/wp-json\/wp\/v2\/product"}],"about":[{"href":"https:\/\/www.alephgraphics.com\/es\/wp-json\/wp\/v2\/types\/product"}],"wp:featuredmedia":[{"embeddable":true,"href":"https:\/\/www.alephgraphics.com\/es\/wp-json\/wp\/v2\/media\/1496"}],"wp:attachment":[{"href":"https:\/\/www.alephgraphics.com\/es\/wp-json\/wp\/v2\/media?parent=1495"}],"wp:term":[{"taxonomy":"product_brand","embeddable":true,"href":"https:\/\/www.alephgraphics.com\/es\/wp-json\/wp\/v2\/product_brand?post=1495"},{"taxonomy":"product_cat","embeddable":true,"href":"https:\/\/www.alephgraphics.com\/es\/wp-json\/wp\/v2\/product_cat?post=1495"},{"taxonomy":"product_tag","embeddable":true,"href":"https:\/\/www.alephgraphics.com\/es\/wp-json\/wp\/v2\/product_tag?post=1495"}],"curies":[{"name":"wp","href":"https:\/\/api.w.org\/{rel}","templated":true}]}}