{"id":1491,"date":"2020-09-15T21:27:31","date_gmt":"2020-09-15T21:27:31","guid":{"rendered":"http:\/\/192.168.1.192:8080\/?post_type=product&#038;p=1491"},"modified":"2020-09-15T21:27:50","modified_gmt":"2020-09-15T21:27:50","slug":"ag-1325te-cortadora-y-grabadora-laser-multifuncion","status":"publish","type":"product","link":"https:\/\/www.alephgraphics.com\/es\/producto\/ag-1325te-cortadora-y-grabadora-laser-multifuncion\/","title":{"rendered":"AG-1325TE Cortadora y Grabadora L\u00e1ser Multi-funci\u00f3n"},"content":{"rendered":"<div class=\"page\" title=\"Page 1\">\n<div class=\"layoutArea\">\n<div class=\"column\">\n<h3>CORTADORA Y GRABADORA L\u00c1SER DE TALLA GRANDE AGGY-1325TE<\/h3>\n<h3>Big Size Laser Cutting Machine<\/h3>\n<p>Esta Grabadora y cortadora de gran formato permite trabajar con materiales de hasta 1300x2500mm de dimensiones, cumpliendo en una excelente medida con las exigencias de las industrias de prendas de vestir, cuero, madera, acr\u00edlico, papel y otras industrias para la talla y corte.<\/p>\n<div class=\"page\" title=\"Page 1\">\n<div class=\"layoutArea\">\n<div class=\"column\">\n<p>Su f\u00e9rrea construcci\u00f3n y su chasis de excelente calidad aseguran estabilidad y presici\u00f3n para los movimiento r\u00e1pidos de la m\u00e1quina. Su sistema de movimientos utilizan engranajes de precisi\u00edn, para asegurar exactitud en el trabajo.<\/p>\n<p>El sistema de alimentaci\u00f3n utiliza una plataforma especial de procesamiento en red autom\u00e1tica, para facilitar el procesamiento de los materiales en el corte sobre la mesa, para moverse libremente.<\/p>\n<\/div>\n<\/div>\n<\/div>\n<\/div>\n<\/div>\n<\/div>\n","protected":false},"excerpt":{"rendered":"<p>CORTADORA Y GRABADORA L\u00c1SER DE TALLA GRANDE AGGY-1325TE Big Size Laser Cutting Machine Esta Grabadora y cortadora de gran formato permite trabajar con materiales de hasta 1300x2500mm de dimensiones, cumpliendo en una excelente medida con las exigencias de las industrias de prendas de vestir, cuero, madera, acr\u00edlico, papel y otras industrias para la talla y [&hellip;]<\/p>\n","protected":false},"featured_media":1492,"template":"","meta":{"pagelayer_contact_templates":[],"_pagelayer_content":""},"product_brand":[],"product_cat":[45],"product_tag":[],"class_list":{"0":"post-1491","1":"product","2":"type-product","3":"status-publish","4":"has-post-thumbnail","6":"product_cat-grabadoras-y-cortadoras-laser","8":"first","9":"instock","10":"shipping-taxable","11":"product-type-simple"},"_links":{"self":[{"href":"https:\/\/www.alephgraphics.com\/es\/wp-json\/wp\/v2\/product\/1491","targetHints":{"allow":["GET"]}}],"collection":[{"href":"https:\/\/www.alephgraphics.com\/es\/wp-json\/wp\/v2\/product"}],"about":[{"href":"https:\/\/www.alephgraphics.com\/es\/wp-json\/wp\/v2\/types\/product"}],"wp:featuredmedia":[{"embeddable":true,"href":"https:\/\/www.alephgraphics.com\/es\/wp-json\/wp\/v2\/media\/1492"}],"wp:attachment":[{"href":"https:\/\/www.alephgraphics.com\/es\/wp-json\/wp\/v2\/media?parent=1491"}],"wp:term":[{"taxonomy":"product_brand","embeddable":true,"href":"https:\/\/www.alephgraphics.com\/es\/wp-json\/wp\/v2\/product_brand?post=1491"},{"taxonomy":"product_cat","embeddable":true,"href":"https:\/\/www.alephgraphics.com\/es\/wp-json\/wp\/v2\/product_cat?post=1491"},{"taxonomy":"product_tag","embeddable":true,"href":"https:\/\/www.alephgraphics.com\/es\/wp-json\/wp\/v2\/product_tag?post=1491"}],"curies":[{"name":"wp","href":"https:\/\/api.w.org\/{rel}","templated":true}]}}