{"id":1488,"date":"2020-09-15T21:20:39","date_gmt":"2020-09-15T21:20:39","guid":{"rendered":"http:\/\/192.168.1.192:8080\/?post_type=product&#038;p=1488"},"modified":"2020-09-15T21:20:39","modified_gmt":"2020-09-15T21:20:39","slug":"ag-1390e-cortadora-y-grabadora-laser-multi-funcion","status":"publish","type":"product","link":"https:\/\/www.alephgraphics.com\/es\/producto\/ag-1390e-cortadora-y-grabadora-laser-multi-funcion\/","title":{"rendered":"AG-1390E Cortadora y Grabadora L\u00e1ser multi-funci\u00f3n"},"content":{"rendered":"<div class=\"page\" title=\"Page 1\">\n<div class=\"layoutArea\">\n<div class=\"column\">\n<h3>CORTADORA Y GRABADORA L\u00c1SER Multi-funci\u00f3n AG-1390E<\/h3>\n<h3>Multifunction Laser Cutting Machine<\/h3>\n<p>&#8211; Amplia mesa de trabajo 130 x 90 cm.<\/p>\n<p>&#8211; Incluye mesa en reja y tipo \u201cpanel abejas\u201d (ambas), con movimiento vertical para diferentes alturas del material a cortar<\/p>\n<p>&#8211; Con conexi\u00f3n a torno rotativo (opcional) para grabado en objetos cil\u00edndricos.<\/p>\n<p>&#8211; Procesa una gran variedad de materiales,?en superficies amplias, con una alta velocidad, precisi\u00f3n y eficiencia<\/p>\n<p>&#8211; Riel Gu\u00eda de cabezal de corte, lineal de origen Jap\u00f3n, garantizaran estabilidad en la operaci\u00f3n<\/p>\n<p>&#8211; Lente de enfoque de origen Singapur, para alto rendimiento de l\u00e1ser.<\/p>\n<p>&#8211; Capaz de cortar 15mm de espesor en acr\u00edlico y 10 mm en madera.<\/p>\n<p><strong>MATERIALES APLICABLES: <\/strong><\/p>\n<p>Madera, acr\u00edlico, madera MDF, papel, cart\u00f3n, cartonplast, pvc, cuero, cuerina, etc.<\/p>\n<p>No aplicable para metales.<\/p>\n<\/div>\n<\/div>\n<\/div>\n","protected":false},"excerpt":{"rendered":"<p>CORTADORA Y GRABADORA L\u00c1SER Multi-funci\u00f3n AG-1390E Multifunction Laser Cutting Machine &#8211; Amplia mesa de trabajo 130 x 90 cm. &#8211; Incluye mesa en reja y tipo \u201cpanel abejas\u201d (ambas), con movimiento vertical para diferentes alturas del material a cortar &#8211; Con conexi\u00f3n a torno rotativo (opcional) para grabado en objetos cil\u00edndricos. &#8211; Procesa una gran [&hellip;]<\/p>\n","protected":false},"featured_media":1489,"template":"","meta":{"pagelayer_contact_templates":[],"_pagelayer_content":""},"product_brand":[],"product_cat":[45],"product_tag":[],"class_list":{"0":"post-1488","1":"product","2":"type-product","3":"status-publish","4":"has-post-thumbnail","6":"product_cat-grabadoras-y-cortadoras-laser","8":"first","9":"instock","10":"shipping-taxable","11":"product-type-simple"},"_links":{"self":[{"href":"https:\/\/www.alephgraphics.com\/es\/wp-json\/wp\/v2\/product\/1488","targetHints":{"allow":["GET"]}}],"collection":[{"href":"https:\/\/www.alephgraphics.com\/es\/wp-json\/wp\/v2\/product"}],"about":[{"href":"https:\/\/www.alephgraphics.com\/es\/wp-json\/wp\/v2\/types\/product"}],"wp:featuredmedia":[{"embeddable":true,"href":"https:\/\/www.alephgraphics.com\/es\/wp-json\/wp\/v2\/media\/1489"}],"wp:attachment":[{"href":"https:\/\/www.alephgraphics.com\/es\/wp-json\/wp\/v2\/media?parent=1488"}],"wp:term":[{"taxonomy":"product_brand","embeddable":true,"href":"https:\/\/www.alephgraphics.com\/es\/wp-json\/wp\/v2\/product_brand?post=1488"},{"taxonomy":"product_cat","embeddable":true,"href":"https:\/\/www.alephgraphics.com\/es\/wp-json\/wp\/v2\/product_cat?post=1488"},{"taxonomy":"product_tag","embeddable":true,"href":"https:\/\/www.alephgraphics.com\/es\/wp-json\/wp\/v2\/product_tag?post=1488"}],"curies":[{"name":"wp","href":"https:\/\/api.w.org\/{rel}","templated":true}]}}