{"id":1485,"date":"2020-09-15T21:19:00","date_gmt":"2020-09-15T21:19:00","guid":{"rendered":"http:\/\/192.168.1.192:8080\/?post_type=product&#038;p=1485"},"modified":"2020-09-15T21:19:00","modified_gmt":"2020-09-15T21:19:00","slug":"ag-1610d-cortadora-y-grabadora-laser-de-alta-velocidad","status":"publish","type":"product","link":"https:\/\/www.alephgraphics.com\/es\/producto\/ag-1610d-cortadora-y-grabadora-laser-de-alta-velocidad\/","title":{"rendered":"AG-1610D Cortadora y Grabadora L\u00e1ser de Alta Velocidad"},"content":{"rendered":"<div class=\"page\" title=\"Page 1\">\n<div class=\"layoutArea\">\n<div class=\"column\">\n<h3>CORTADORA Y GRABADORA L\u00c1SER DE ALTA VELOCIDAD<\/h3>\n<h3>AG-1610D Garments Laser Cutting Machine<\/h3>\n<p>El modelo AG-1610D se utiliza con \u00e9xito en las industrias de procesamiento intensivo de textiles y prendas de vestir.<\/p>\n<p>Las m\u00e1quinas son adecuadas para trabajar de forma eficiente y continua las 24 horas del d\u00eda.<\/p>\n<p>Su estabilidad, durabilidad y seguridad est\u00e1n al nivel de Europa y Norte Am\u00e9rica, ocupando un papel preponderante por su dise\u00f1o innovador.<\/p>\n<p>Combina perfectamente su construcci\u00f3n mec\u00e1nica y un rendimiento el\u00e9ctrico con el dise\u00f1o de software haciendo que la m\u00e1quina cumpla con muy buenas condiciones de trabajo.<\/p>\n<p>Para mejorar su eficiencia, esta equipada con dos cabezales de grabado.<\/p>\n<\/div>\n<\/div>\n<\/div>\n","protected":false},"excerpt":{"rendered":"<p>CORTADORA Y GRABADORA L\u00c1SER DE ALTA VELOCIDAD AG-1610D Garments Laser Cutting Machine El modelo AG-1610D se utiliza con \u00e9xito en las industrias de procesamiento intensivo de textiles y prendas de vestir. Las m\u00e1quinas son adecuadas para trabajar de forma eficiente y continua las 24 horas del d\u00eda. Su estabilidad, durabilidad y seguridad est\u00e1n al nivel [&hellip;]<\/p>\n","protected":false},"featured_media":1486,"template":"","meta":{"pagelayer_contact_templates":[],"_pagelayer_content":""},"product_brand":[],"product_cat":[45],"product_tag":[],"class_list":{"0":"post-1485","1":"product","2":"type-product","3":"status-publish","4":"has-post-thumbnail","6":"product_cat-grabadoras-y-cortadoras-laser","8":"first","9":"instock","10":"shipping-taxable","11":"product-type-simple"},"_links":{"self":[{"href":"https:\/\/www.alephgraphics.com\/es\/wp-json\/wp\/v2\/product\/1485","targetHints":{"allow":["GET"]}}],"collection":[{"href":"https:\/\/www.alephgraphics.com\/es\/wp-json\/wp\/v2\/product"}],"about":[{"href":"https:\/\/www.alephgraphics.com\/es\/wp-json\/wp\/v2\/types\/product"}],"wp:featuredmedia":[{"embeddable":true,"href":"https:\/\/www.alephgraphics.com\/es\/wp-json\/wp\/v2\/media\/1486"}],"wp:attachment":[{"href":"https:\/\/www.alephgraphics.com\/es\/wp-json\/wp\/v2\/media?parent=1485"}],"wp:term":[{"taxonomy":"product_brand","embeddable":true,"href":"https:\/\/www.alephgraphics.com\/es\/wp-json\/wp\/v2\/product_brand?post=1485"},{"taxonomy":"product_cat","embeddable":true,"href":"https:\/\/www.alephgraphics.com\/es\/wp-json\/wp\/v2\/product_cat?post=1485"},{"taxonomy":"product_tag","embeddable":true,"href":"https:\/\/www.alephgraphics.com\/es\/wp-json\/wp\/v2\/product_tag?post=1485"}],"curies":[{"name":"wp","href":"https:\/\/api.w.org\/{rel}","templated":true}]}}