{"id":1482,"date":"2020-09-15T21:16:29","date_gmt":"2020-09-15T21:16:29","guid":{"rendered":"http:\/\/192.168.1.192:8080\/?post_type=product&#038;p=1482"},"modified":"2020-09-15T21:16:29","modified_gmt":"2020-09-15T21:16:29","slug":"flejadora-ag-a2","status":"publish","type":"product","link":"https:\/\/www.alephgraphics.com\/es\/producto\/flejadora-ag-a2\/","title":{"rendered":"Flejadora AG-A2"},"content":{"rendered":"<div class=\"page\" title=\"Page 1\">\n<div class=\"layoutArea\">\n<div class=\"column\">\n<h3>FLEJADORA SEMIAUTOM\u00c1TICA AG-A2<\/h3>\n<h3>Semi-automatic strapping machine<\/h3>\n<p>&nbsp;<\/p>\n<div class=\"page\" title=\"Page 1\">\n<div class=\"layoutArea\">\n<div class=\"column\">\n<p>. Flejadora semi-autom\u00e1tica para flejes de Polipropileno PP<\/p>\n<p>. Construcci\u00f3n resistente y compacta, con pr\u00e1cticas ruedas de transporte<\/p>\n<p>. Operaci\u00f3n simple, segura y productiva<\/p>\n<p>. Integrada con carrete de alta capacidad<\/p>\n<p>. Tensi\u00f3n de la correa ajustable de suave a alta<\/p>\n<\/div>\n<\/div>\n<\/div>\n<\/div>\n<\/div>\n<\/div>\n","protected":false},"excerpt":{"rendered":"<p>FLEJADORA SEMIAUTOM\u00c1TICA AG-A2 Semi-automatic strapping machine &nbsp; . Flejadora semi-autom\u00e1tica para flejes de Polipropileno PP . Construcci\u00f3n resistente y compacta, con pr\u00e1cticas ruedas de transporte . Operaci\u00f3n simple, segura y productiva . Integrada con carrete de alta capacidad . Tensi\u00f3n de la correa ajustable de suave a alta<\/p>\n","protected":false},"featured_media":1483,"template":"","meta":{"pagelayer_contact_templates":[],"_pagelayer_content":""},"product_brand":[],"product_cat":[44,34],"product_tag":[],"class_list":{"0":"post-1482","1":"product","2":"type-product","3":"status-publish","4":"has-post-thumbnail","6":"product_cat-encuadernacion","7":"product_cat-terminacion","9":"first","10":"instock","11":"shipping-taxable","12":"product-type-simple"},"_links":{"self":[{"href":"https:\/\/www.alephgraphics.com\/es\/wp-json\/wp\/v2\/product\/1482","targetHints":{"allow":["GET"]}}],"collection":[{"href":"https:\/\/www.alephgraphics.com\/es\/wp-json\/wp\/v2\/product"}],"about":[{"href":"https:\/\/www.alephgraphics.com\/es\/wp-json\/wp\/v2\/types\/product"}],"wp:featuredmedia":[{"embeddable":true,"href":"https:\/\/www.alephgraphics.com\/es\/wp-json\/wp\/v2\/media\/1483"}],"wp:attachment":[{"href":"https:\/\/www.alephgraphics.com\/es\/wp-json\/wp\/v2\/media?parent=1482"}],"wp:term":[{"taxonomy":"product_brand","embeddable":true,"href":"https:\/\/www.alephgraphics.com\/es\/wp-json\/wp\/v2\/product_brand?post=1482"},{"taxonomy":"product_cat","embeddable":true,"href":"https:\/\/www.alephgraphics.com\/es\/wp-json\/wp\/v2\/product_cat?post=1482"},{"taxonomy":"product_tag","embeddable":true,"href":"https:\/\/www.alephgraphics.com\/es\/wp-json\/wp\/v2\/product_tag?post=1482"}],"curies":[{"name":"wp","href":"https:\/\/api.w.org\/{rel}","templated":true}]}}