{"id":1479,"date":"2020-09-15T21:13:28","date_gmt":"2020-09-15T21:13:28","guid":{"rendered":"http:\/\/192.168.1.192:8080\/?post_type=product&#038;p=1479"},"modified":"2020-09-15T21:13:28","modified_gmt":"2020-09-15T21:13:28","slug":"convertidor-de-papel-ag","status":"publish","type":"product","link":"https:\/\/www.alephgraphics.com\/es\/producto\/convertidor-de-papel-ag\/","title":{"rendered":"Convertidor de Papel AG"},"content":{"rendered":"<h3>CONVERTIDORA DE PAPEL<\/h3>\n<h3>High speed paper sheet cutting machine AG1400\/1700\/1900<\/h3>\n<p>&nbsp;<\/p>\n<div class=\"page\" title=\"Page 1\">\n<div class=\"layoutArea\">\n<div class=\"column\">\n<p>Equipo de precisi\u00f3n de alta velocidad de corte, que aplica t\u00e9cnicas avanzadas de Alemania e Inglaterra. Integrado con un sistema de control por ordenador que permite aplicar un motor Inovance Servo de Alemania y un transductor de aire acondiconado de Jap\u00f3n. Las cintas transportadoras son marca Nitta de Jap\u00f3n y el vibrador neum\u00e1tico de la marca suiza Powtek.<\/p>\n<p>Funciona con un sistema el\u00e9ctrico que adopta tecnolog\u00eda Schneider Omron, y garantiza un transporte y corte del papel r\u00e1pido, estable y preciso. Adem\u00e1s, contiene un controlador de pantalla t\u00e1ctil simple pero conveniente para la operaci\u00f3n.<\/p>\n<\/div>\n<\/div>\n<\/div>\n","protected":false},"excerpt":{"rendered":"<p>CONVERTIDORA DE PAPEL High speed paper sheet cutting machine AG1400\/1700\/1900 &nbsp; Equipo de precisi\u00f3n de alta velocidad de corte, que aplica t\u00e9cnicas avanzadas de Alemania e Inglaterra. Integrado con un sistema de control por ordenador que permite aplicar un motor Inovance Servo de Alemania y un transductor de aire acondiconado de Jap\u00f3n. Las cintas transportadoras [&hellip;]<\/p>\n","protected":false},"featured_media":1480,"template":"","meta":{"pagelayer_contact_templates":[],"_pagelayer_content":""},"product_brand":[],"product_cat":[40],"product_tag":[],"class_list":{"0":"post-1479","1":"product","2":"type-product","3":"status-publish","4":"has-post-thumbnail","6":"product_cat-impresion-digital","8":"first","9":"instock","10":"shipping-taxable","11":"product-type-simple"},"_links":{"self":[{"href":"https:\/\/www.alephgraphics.com\/es\/wp-json\/wp\/v2\/product\/1479","targetHints":{"allow":["GET"]}}],"collection":[{"href":"https:\/\/www.alephgraphics.com\/es\/wp-json\/wp\/v2\/product"}],"about":[{"href":"https:\/\/www.alephgraphics.com\/es\/wp-json\/wp\/v2\/types\/product"}],"wp:featuredmedia":[{"embeddable":true,"href":"https:\/\/www.alephgraphics.com\/es\/wp-json\/wp\/v2\/media\/1480"}],"wp:attachment":[{"href":"https:\/\/www.alephgraphics.com\/es\/wp-json\/wp\/v2\/media?parent=1479"}],"wp:term":[{"taxonomy":"product_brand","embeddable":true,"href":"https:\/\/www.alephgraphics.com\/es\/wp-json\/wp\/v2\/product_brand?post=1479"},{"taxonomy":"product_cat","embeddable":true,"href":"https:\/\/www.alephgraphics.com\/es\/wp-json\/wp\/v2\/product_cat?post=1479"},{"taxonomy":"product_tag","embeddable":true,"href":"https:\/\/www.alephgraphics.com\/es\/wp-json\/wp\/v2\/product_tag?post=1479"}],"curies":[{"name":"wp","href":"https:\/\/api.w.org\/{rel}","templated":true}]}}