{"id":1476,"date":"2020-09-15T21:10:31","date_gmt":"2020-09-15T21:10:31","guid":{"rendered":"http:\/\/192.168.1.192:8080\/?post_type=product&#038;p=1476"},"modified":"2020-09-15T21:10:32","modified_gmt":"2020-09-15T21:10:32","slug":"tintas-offset","status":"publish","type":"product","link":"https:\/\/www.alephgraphics.com\/es\/producto\/tintas-offset\/","title":{"rendered":"Tintas Offset"},"content":{"rendered":"<p><span style=\"text-decoration: underline;\">Universal:<\/span><\/p>\n<p>Es una tinta con buenas caracter\u00edsticas de impresi\u00f3n, brillo, rendimiento y buena adherencia en cualquier tipo de sustrato. La podr\u00edamos llamar \u00abla tinta de todos los d\u00edas\u00bb por su excelente relaci\u00f3n calidad\/precio.<\/p>\n<p><em>Unidad de empaque: Tarro de 2.5 kilos, empacado al vac\u00edo.<\/em><\/p>\n<p>&nbsp;<\/p>\n<p><span style=\"text-decoration: underline;\">High Grade:<\/span><\/p>\n<p>Es una tinta de excelentes caracter\u00edsticas de brillo, rendimiento y adherencia en cualquier tipo de sustrato. Ideal para impresoras que requieran una tinta Premium.<\/p>\n<p><em>Unidad de empaque: Tarro de 2.5 kilos, empacado al vac\u00edo.<\/em><\/p>\n<p>&nbsp;<\/p>\n<p><span style=\"text-decoration: underline;\">Book Black:<\/span><\/p>\n<p>Tinta de color negro exclusivamente para impresores de libros que requieran una impresi\u00f3n de texto con negro intenso.<\/p>\n<p><em>Unidad de empaque: Paila de 20 kilos, empacado al vac\u00edo.<\/em><\/p>\n","protected":false},"excerpt":{"rendered":"<p>Universal: Es una tinta con buenas caracter\u00edsticas de impresi\u00f3n, brillo, rendimiento y buena adherencia en cualquier tipo de sustrato. La podr\u00edamos llamar \u00abla tinta de todos los d\u00edas\u00bb por su excelente relaci\u00f3n calidad\/precio. Unidad de empaque: Tarro de 2.5 kilos, empacado al vac\u00edo. &nbsp; High Grade: Es una tinta de excelentes caracter\u00edsticas de brillo, rendimiento [&hellip;]<\/p>\n","protected":false},"featured_media":1477,"template":"","meta":{"pagelayer_contact_templates":[],"_pagelayer_content":""},"product_brand":[],"product_cat":[39],"product_tag":[],"class_list":{"0":"post-1476","1":"product","2":"type-product","3":"status-publish","4":"has-post-thumbnail","6":"product_cat-insumos-graficos","8":"first","9":"instock","10":"shipping-taxable","11":"product-type-simple"},"_links":{"self":[{"href":"https:\/\/www.alephgraphics.com\/es\/wp-json\/wp\/v2\/product\/1476","targetHints":{"allow":["GET"]}}],"collection":[{"href":"https:\/\/www.alephgraphics.com\/es\/wp-json\/wp\/v2\/product"}],"about":[{"href":"https:\/\/www.alephgraphics.com\/es\/wp-json\/wp\/v2\/types\/product"}],"wp:featuredmedia":[{"embeddable":true,"href":"https:\/\/www.alephgraphics.com\/es\/wp-json\/wp\/v2\/media\/1477"}],"wp:attachment":[{"href":"https:\/\/www.alephgraphics.com\/es\/wp-json\/wp\/v2\/media?parent=1476"}],"wp:term":[{"taxonomy":"product_brand","embeddable":true,"href":"https:\/\/www.alephgraphics.com\/es\/wp-json\/wp\/v2\/product_brand?post=1476"},{"taxonomy":"product_cat","embeddable":true,"href":"https:\/\/www.alephgraphics.com\/es\/wp-json\/wp\/v2\/product_cat?post=1476"},{"taxonomy":"product_tag","embeddable":true,"href":"https:\/\/www.alephgraphics.com\/es\/wp-json\/wp\/v2\/product_tag?post=1476"}],"curies":[{"name":"wp","href":"https:\/\/api.w.org\/{rel}","templated":true}]}}