{"id":1473,"date":"2020-09-15T21:06:32","date_gmt":"2020-09-15T21:06:32","guid":{"rendered":"http:\/\/192.168.1.192:8080\/?post_type=product&#038;p=1473"},"modified":"2020-09-15T21:06:32","modified_gmt":"2020-09-15T21:06:32","slug":"xitron-sierra-workflow","status":"publish","type":"product","link":"https:\/\/www.alephgraphics.com\/es\/producto\/xitron-sierra-workflow\/","title":{"rendered":"XITRON Sierra Workflow"},"content":{"rendered":"<h4><span style=\"text-decoration: underline;\">El pico de la Productividad<\/span><\/h4>\n<p>Sierra se basa en Adobe&#8217;s PDF Print Engine (APPE)) con funcionalidad cross media. Es igualmente productivo en aplicaciones comerciales, digitales, e h\u00edbridas con un fuerte conjunto de caracter\u00edsticas que incluye Adobe in-RIP trapping, PDF preflighting,, imposici\u00f3n din\u00e1mica, y pruebas avanzadas en pantalla, tanto en 2D y 3D.<\/p>\n<p>La arquitectura cliente-servidor de Sierra ofrece una interfaz de usuario sencilla, tanto para estaciones de trabajo Mac y PC, permitiendo a los operadores un acceso r\u00e1pido a los puestos de trabajo a medida que avanzan a trav\u00e9s de cada etapa de la preparaci\u00f3n hacia la salida final. La\u00a0funcionalidad de imposici\u00f3n est\u00e1 disponible para cada operador, sin restricci\u00f3n, y\u00a0ofrece una alternativa econ\u00f3mica a las aplicaciones de licencia. A partir de 4\u00a0formatos de salida VLF, Sierra maneja los requisitos de trabajo complejos con facilidad, lo que resulta en menos errores y mayor productividad.<\/p>\n<p>Permite trabajar con aproximadamente\u00a0250 dispositivos de salida diferentes en el mercado actual. Sierra ofrece una verdadera independencia de preimpresi\u00f3n en un paquete escalable, asequible y completo. Sierra Adobe Workflow\u00a0ha demostrado su eficacia en m\u00e1s de 300 instalaciones en todo el mundo y su\u00a0base de usuarios sigue creciendo.<\/p>\n<p>&nbsp;<\/p>\n<div class=\"ccm-layout-299-col-2 ccm-layout-cell ccm-layout-col ccm-layout-col-2 \">\n<div class=\"ccm-layout-col-spacing\">\n<p><strong><em>Cross Media Workflow<\/em><\/strong>\u00a0apto para aplicaciones\u00a0digitales, offset e\u00a0h\u00edbridas. Sierra proporciona flexibilidad en la demanda y en la fecha prevista.<\/p>\n<p><em><strong>Adobe PDF Print Engine<\/strong><\/em><em><strong> (APPE)<\/strong><\/em>\u00a0ofrece lo \u00faltimo en poder interpretativo con el cumplimiento JDF. El trabajo se mantiene en formato de documento port\u00e1til a trav\u00e9s de cada paso del flujo de trabajo, incluyendo la interpretaci\u00f3n.<\/p>\n<p><strong><em>Verificaci\u00f3n previa del PDF\u00a0<\/em><\/strong>con correcci\u00f3n de trabajo automatizado a trav\u00e9s de la c\u00e9lebre Biblioteca de Enfocus. Detecta errores de dise\u00f1o y automatiza las correcciones de errores antes de que sea la\u00a0salida.<\/p>\n<p><strong><em>Imposici\u00f3n din\u00e1mica totalmente integrada\u00a0<\/em><\/strong>reemplaza aplicaciones costosas independientes, lo que reduce el coste de propiedad y permite mantener el trabajo en el interior de una \u00fanica interfaz.<\/p>\n<p><strong><em>Adobe In-RIP Trapping<\/em><\/strong>\u00a0ofrece calidad y eficiencia sin cargo adicional. El Trapping\u00a0es personalizable para cada dispositivo y los ajustes se aplican en consecuencia.<\/p>\n<p><strong><em>Arquitectura cliente-servidor<\/em><\/strong> permite el acceso de varios operadores desde cualquier punto de la red.\u00a0Es compatible con los sistemas operativos Mac y PC.<\/p>\n<p><strong><em>Ink Remapping<\/em><\/strong>\u00a0ayuda a los operadores a evitar desperdicio de tiempo y de material combinando\u00a0adecuadamente las\u00a0separaciones causadas por errores en el dise\u00f1o.<\/p>\n<p><strong><em>Soporte de salida<\/em><\/strong> de m\u00e1s de 250 diferentes platesetters, imagesetters, proofers, impresoras digitales y prensas digitales, ofreciendo\u00a0una verdadera independencia de preimpresi\u00f3n.<\/p>\n<\/div>\n<\/div>\n<div class=\"ccm-layout-299-col-3 ccm-layout-cell ccm-layout-col ccm-layout-col-3 last\"><\/div>\n","protected":false},"excerpt":{"rendered":"<p>El pico de la Productividad Sierra se basa en Adobe&#8217;s PDF Print Engine (APPE)) con funcionalidad cross media. Es igualmente productivo en aplicaciones comerciales, digitales, e h\u00edbridas con un fuerte conjunto de caracter\u00edsticas que incluye Adobe in-RIP trapping, PDF preflighting,, imposici\u00f3n din\u00e1mica, y pruebas avanzadas en pantalla, tanto en 2D y 3D. La arquitectura cliente-servidor [&hellip;]<\/p>\n","protected":false},"featured_media":1474,"template":"","meta":{"pagelayer_contact_templates":[],"_pagelayer_content":""},"product_brand":[],"product_cat":[58],"product_tag":[],"class_list":{"0":"post-1473","1":"product","2":"type-product","3":"status-publish","4":"has-post-thumbnail","6":"product_cat-xitron","8":"first","9":"instock","10":"shipping-taxable","11":"product-type-simple"},"_links":{"self":[{"href":"https:\/\/www.alephgraphics.com\/es\/wp-json\/wp\/v2\/product\/1473","targetHints":{"allow":["GET"]}}],"collection":[{"href":"https:\/\/www.alephgraphics.com\/es\/wp-json\/wp\/v2\/product"}],"about":[{"href":"https:\/\/www.alephgraphics.com\/es\/wp-json\/wp\/v2\/types\/product"}],"wp:featuredmedia":[{"embeddable":true,"href":"https:\/\/www.alephgraphics.com\/es\/wp-json\/wp\/v2\/media\/1474"}],"wp:attachment":[{"href":"https:\/\/www.alephgraphics.com\/es\/wp-json\/wp\/v2\/media?parent=1473"}],"wp:term":[{"taxonomy":"product_brand","embeddable":true,"href":"https:\/\/www.alephgraphics.com\/es\/wp-json\/wp\/v2\/product_brand?post=1473"},{"taxonomy":"product_cat","embeddable":true,"href":"https:\/\/www.alephgraphics.com\/es\/wp-json\/wp\/v2\/product_cat?post=1473"},{"taxonomy":"product_tag","embeddable":true,"href":"https:\/\/www.alephgraphics.com\/es\/wp-json\/wp\/v2\/product_tag?post=1473"}],"curies":[{"name":"wp","href":"https:\/\/api.w.org\/{rel}","templated":true}]}}