{"id":1467,"date":"2020-09-15T20:52:34","date_gmt":"2020-09-15T20:52:34","guid":{"rendered":"http:\/\/192.168.1.192:8080\/?post_type=product&#038;p=1467"},"modified":"2020-09-15T20:52:34","modified_gmt":"2020-09-15T20:52:34","slug":"conductimetro-hi8633-8733","status":"publish","type":"product","link":"https:\/\/www.alephgraphics.com\/es\/producto\/conductimetro-hi8633-8733\/","title":{"rendered":"Conduct\u00edmetro HI8633 \/ 8733"},"content":{"rendered":"<h3>MEDIDOR DE CONDUCTIVIDAD CON COMPENSACI\u00d3N DE TEMPERATURA HI 8633 &#8211; HI 8733N<\/h3>\n<p>HI 8733 ha sido dise\u00f1ado espec\u00edficamente para su uso en las \u00e1reas de producci\u00f3n y control de calidad. El sistema amperom\u00e9trico requerir\u00eda recalibraciones y cambios de sonda constantes, haciendo el proceso de medici\u00f3n muy largo y poco fiable.<\/p>\n<p>Para solucionar este problema Hanna ha desarrollado el HI 8733 que usa una sonda potenciom\u00e9trica de 4 anillos. Usando un punto de calibraci\u00f3n, ahora es posible obtener lecturas precisas en toda la gama de 0.1 a 199.900?S\/cm. Si la temperatura de la soluci\u00f3n fluct\u00faa, el HI 8733 con sensor de temperatura incorporado y Compensaci\u00f3n autom\u00e1tica de Temperatura es el instrumento perfecto.<\/p>\n","protected":false},"excerpt":{"rendered":"<p>MEDIDOR DE CONDUCTIVIDAD CON COMPENSACI\u00d3N DE TEMPERATURA HI 8633 &#8211; HI 8733N HI 8733 ha sido dise\u00f1ado espec\u00edficamente para su uso en las \u00e1reas de producci\u00f3n y control de calidad. El sistema amperom\u00e9trico requerir\u00eda recalibraciones y cambios de sonda constantes, haciendo el proceso de medici\u00f3n muy largo y poco fiable. Para solucionar este problema Hanna [&hellip;]<\/p>\n","protected":false},"featured_media":1468,"template":"","meta":{"pagelayer_contact_templates":[],"_pagelayer_content":""},"product_brand":[],"product_cat":[51,26],"product_tag":[],"class_list":{"0":"post-1467","1":"product","2":"type-product","3":"status-publish","4":"has-post-thumbnail","6":"product_cat-instrumentos-offset","7":"product_cat-procesadoras","9":"first","10":"instock","11":"shipping-taxable","12":"product-type-simple"},"_links":{"self":[{"href":"https:\/\/www.alephgraphics.com\/es\/wp-json\/wp\/v2\/product\/1467","targetHints":{"allow":["GET"]}}],"collection":[{"href":"https:\/\/www.alephgraphics.com\/es\/wp-json\/wp\/v2\/product"}],"about":[{"href":"https:\/\/www.alephgraphics.com\/es\/wp-json\/wp\/v2\/types\/product"}],"wp:featuredmedia":[{"embeddable":true,"href":"https:\/\/www.alephgraphics.com\/es\/wp-json\/wp\/v2\/media\/1468"}],"wp:attachment":[{"href":"https:\/\/www.alephgraphics.com\/es\/wp-json\/wp\/v2\/media?parent=1467"}],"wp:term":[{"taxonomy":"product_brand","embeddable":true,"href":"https:\/\/www.alephgraphics.com\/es\/wp-json\/wp\/v2\/product_brand?post=1467"},{"taxonomy":"product_cat","embeddable":true,"href":"https:\/\/www.alephgraphics.com\/es\/wp-json\/wp\/v2\/product_cat?post=1467"},{"taxonomy":"product_tag","embeddable":true,"href":"https:\/\/www.alephgraphics.com\/es\/wp-json\/wp\/v2\/product_tag?post=1467"}],"curies":[{"name":"wp","href":"https:\/\/api.w.org\/{rel}","templated":true}]}}