{"id":1464,"date":"2020-09-15T20:37:23","date_gmt":"2020-09-15T20:37:23","guid":{"rendered":"http:\/\/192.168.1.192:8080\/?post_type=product&#038;p=1464"},"modified":"2020-09-15T20:37:24","modified_gmt":"2020-09-15T20:37:24","slug":"ihara-vt101-microscopio-digital","status":"publish","type":"product","link":"https:\/\/www.alephgraphics.com\/es\/producto\/ihara-vt101-microscopio-digital\/","title":{"rendered":"IHARA VT101 Microscopio Digital"},"content":{"rendered":"<h3>MICROSCOPIO DIGITAL IHARA VT 101<\/h3>\n<p>El microscopio digital port\u00e1til Ihara VT-101 es la herramienta m\u00e1s conveniente para examinar peque\u00f1os detalles en diversas aplicaciones. Este microscopio digital de mano tiene un valor de ampliaci\u00f3n ajustable de 7x ~ 108x.<\/p>\n<p>La capacidad de enfoque manual permite al\u00a0usuario conseguir un\u00a0enfoque m\u00e1s n\u00edtido en cualquier entorno. Este dispositivo multi-vers\u00e1til puede capturar y almacenar hasta 60 im\u00e1genes. Por otra parte, las im\u00e1genes capturadas se pueden transferir a un ordenador (PC) a trav\u00e9s de la conexi\u00f3n del cable USB. Contiene funciones adicionales como comparaci\u00f3n de imagenes, medici\u00f3n de distancia, escala de grises, gofrado, inverso y otras caracter\u00edsticas est\u00e1n disponibles con el software.<\/p>\n","protected":false},"excerpt":{"rendered":"<p>MICROSCOPIO DIGITAL IHARA VT 101 El microscopio digital port\u00e1til Ihara VT-101 es la herramienta m\u00e1s conveniente para examinar peque\u00f1os detalles en diversas aplicaciones. Este microscopio digital de mano tiene un valor de ampliaci\u00f3n ajustable de 7x ~ 108x. La capacidad de enfoque manual permite al\u00a0usuario conseguir un\u00a0enfoque m\u00e1s n\u00edtido en cualquier entorno. Este dispositivo multi-vers\u00e1til [&hellip;]<\/p>\n","protected":false},"featured_media":1465,"template":"","meta":{"pagelayer_contact_templates":[],"_pagelayer_content":""},"product_brand":[],"product_cat":[50,49,51],"product_tag":[],"class_list":{"0":"post-1464","1":"product","2":"type-product","3":"status-publish","4":"has-post-thumbnail","6":"product_cat-instrumentos-color","7":"product_cat-instrumentos-flexo","8":"product_cat-instrumentos-offset","10":"first","11":"instock","12":"shipping-taxable","13":"product-type-simple"},"_links":{"self":[{"href":"https:\/\/www.alephgraphics.com\/es\/wp-json\/wp\/v2\/product\/1464","targetHints":{"allow":["GET"]}}],"collection":[{"href":"https:\/\/www.alephgraphics.com\/es\/wp-json\/wp\/v2\/product"}],"about":[{"href":"https:\/\/www.alephgraphics.com\/es\/wp-json\/wp\/v2\/types\/product"}],"wp:featuredmedia":[{"embeddable":true,"href":"https:\/\/www.alephgraphics.com\/es\/wp-json\/wp\/v2\/media\/1465"}],"wp:attachment":[{"href":"https:\/\/www.alephgraphics.com\/es\/wp-json\/wp\/v2\/media?parent=1464"}],"wp:term":[{"taxonomy":"product_brand","embeddable":true,"href":"https:\/\/www.alephgraphics.com\/es\/wp-json\/wp\/v2\/product_brand?post=1464"},{"taxonomy":"product_cat","embeddable":true,"href":"https:\/\/www.alephgraphics.com\/es\/wp-json\/wp\/v2\/product_cat?post=1464"},{"taxonomy":"product_tag","embeddable":true,"href":"https:\/\/www.alephgraphics.com\/es\/wp-json\/wp\/v2\/product_tag?post=1464"}],"curies":[{"name":"wp","href":"https:\/\/api.w.org\/{rel}","templated":true}]}}