{"id":1461,"date":"2020-09-15T20:34:42","date_gmt":"2020-09-15T20:34:42","guid":{"rendered":"http:\/\/192.168.1.192:8080\/?post_type=product&#038;p=1461"},"modified":"2020-09-15T20:34:42","modified_gmt":"2020-09-15T20:34:42","slug":"pantone-formula-scale-3","status":"publish","type":"product","link":"https:\/\/www.alephgraphics.com\/es\/producto\/pantone-formula-scale-3\/","title":{"rendered":"PANTONE Formula Scale 3"},"content":{"rendered":"<p>La balanza Pantone Formula Scale 3 tiene una capacidad de 10-lb y es ideal para medianas y grandes mezclas de tinta. Permite ahorrar tiempo y dinero mezclando \u00fanicamente la cantidad de tinta necesaria.<\/p>\n<p>Proporciona formulaciones de tinta r\u00e1pidos, precisos y fiables en cuesti\u00f3n de segundos para permitirle mezclar sus propios PANTONE PLUS SERIES, incluyendo pasteles y met\u00e1licos, en cantidades de hasta 10 libras simplemente tecleando el n\u00famero de PANTONE y la cantidad de tinta, siguiendo\u00a0paso a paso las instrucciones.<\/p>\n<p><span style=\"text-decoration: underline;\">CARACTER\u00cdSTICAS PRINCIPALES<\/span><\/p>\n<p>. Programado para proporcionar formulaciones de tinta exactos para todas las series PANTONE PLUS<\/p>\n<p>. Incluye colores pasteles y colores met\u00e1licos.<\/p>\n<p>. Gran pantalla retroiluminada con informaci\u00f3n detallada<\/p>\n<p>. Barra indicadora que muestra el progreso de cada adici\u00f3n de tinta de base<\/p>\n<p>. Doble funci\u00f3n: f\u00f3rmulas Pantone\u00a0o de pesaje convencional<\/p>\n<p>. Una escala para ambos est\u00e1ndares m\u00e9tricos y de Estados Unidos<\/p>\n<p>. Ahorrar tinta y reducir los residuos<\/p>\n<p>. Precisi\u00f3n en el resultado final del color.<\/p>\n<p>. F\u00e1cil de usar<\/p>\n","protected":false},"excerpt":{"rendered":"<p>La balanza Pantone Formula Scale 3 tiene una capacidad de 10-lb y es ideal para medianas y grandes mezclas de tinta. Permite ahorrar tiempo y dinero mezclando \u00fanicamente la cantidad de tinta necesaria. Proporciona formulaciones de tinta r\u00e1pidos, precisos y fiables en cuesti\u00f3n de segundos para permitirle mezclar sus propios PANTONE PLUS SERIES, incluyendo pasteles [&hellip;]<\/p>\n","protected":false},"featured_media":1462,"template":"","meta":{"pagelayer_contact_templates":[],"_pagelayer_content":""},"product_brand":[],"product_cat":[29,50,49,51],"product_tag":[],"class_list":{"0":"post-1461","1":"product","2":"type-product","3":"status-publish","4":"has-post-thumbnail","6":"product_cat-color","7":"product_cat-instrumentos-color","8":"product_cat-instrumentos-flexo","9":"product_cat-instrumentos-offset","11":"first","12":"instock","13":"shipping-taxable","14":"product-type-simple"},"_links":{"self":[{"href":"https:\/\/www.alephgraphics.com\/es\/wp-json\/wp\/v2\/product\/1461","targetHints":{"allow":["GET"]}}],"collection":[{"href":"https:\/\/www.alephgraphics.com\/es\/wp-json\/wp\/v2\/product"}],"about":[{"href":"https:\/\/www.alephgraphics.com\/es\/wp-json\/wp\/v2\/types\/product"}],"wp:featuredmedia":[{"embeddable":true,"href":"https:\/\/www.alephgraphics.com\/es\/wp-json\/wp\/v2\/media\/1462"}],"wp:attachment":[{"href":"https:\/\/www.alephgraphics.com\/es\/wp-json\/wp\/v2\/media?parent=1461"}],"wp:term":[{"taxonomy":"product_brand","embeddable":true,"href":"https:\/\/www.alephgraphics.com\/es\/wp-json\/wp\/v2\/product_brand?post=1461"},{"taxonomy":"product_cat","embeddable":true,"href":"https:\/\/www.alephgraphics.com\/es\/wp-json\/wp\/v2\/product_cat?post=1461"},{"taxonomy":"product_tag","embeddable":true,"href":"https:\/\/www.alephgraphics.com\/es\/wp-json\/wp\/v2\/product_tag?post=1461"}],"curies":[{"name":"wp","href":"https:\/\/api.w.org\/{rel}","templated":true}]}}