{"id":1452,"date":"2020-09-15T20:27:34","date_gmt":"2020-09-15T20:27:34","guid":{"rendered":"http:\/\/192.168.1.192:8080\/?post_type=product&#038;p=1452"},"modified":"2020-09-15T20:27:34","modified_gmt":"2020-09-15T20:27:34","slug":"ihara-r800-espectofotometro","status":"publish","type":"product","link":"https:\/\/www.alephgraphics.com\/es\/producto\/ihara-r800-espectofotometro\/","title":{"rendered":"IHARA R800 Espectofot\u00f3metro"},"content":{"rendered":"<h3>ESPECTOFOT\u00d3METRO IHARA\u00a0R800<\/h3>\n<div class=\"page\" title=\"Page 2\">\n<div class=\"section\">\n<div class=\"layoutArea\">\n<div class=\"column\">\n<p>Ihara Electronic Industries Co., Ltd., se enorgullece en presentar el nuevo espectrofot\u00f3metro modelo R800. Su geometr\u00eda 45\u00b0 \/ 0\u00ba junto con el sistema de red de difracci\u00f3n proporciona un excelente rendimiento y funcionalidad. Soporta una amplia gama de aplicaciones industriales, como papel, envases, pl\u00e1stico, revestimiento, pintura, impresi\u00f3n y cer\u00e1mica. M\u00e1s importante a\u00fan, cumplen con todos los est\u00e1ndares industriales. Utiliza la tecnolog\u00eda m\u00e1s avanzada para garantizar una \u00f3ptima precisi\u00f3n y repetibilidad.<\/p>\n<\/div>\n<\/div>\n<\/div>\n<\/div>\n","protected":false},"excerpt":{"rendered":"<p>ESPECTOFOT\u00d3METRO IHARA\u00a0R800 Ihara Electronic Industries Co., Ltd., se enorgullece en presentar el nuevo espectrofot\u00f3metro modelo R800. Su geometr\u00eda 45\u00b0 \/ 0\u00ba junto con el sistema de red de difracci\u00f3n proporciona un excelente rendimiento y funcionalidad. Soporta una amplia gama de aplicaciones industriales, como papel, envases, pl\u00e1stico, revestimiento, pintura, impresi\u00f3n y cer\u00e1mica. M\u00e1s importante a\u00fan, cumplen [&hellip;]<\/p>\n","protected":false},"featured_media":1453,"template":"","meta":{"pagelayer_contact_templates":[],"_pagelayer_content":""},"product_brand":[],"product_cat":[29,50,49,51],"product_tag":[],"class_list":{"0":"post-1452","1":"product","2":"type-product","3":"status-publish","4":"has-post-thumbnail","6":"product_cat-color","7":"product_cat-instrumentos-color","8":"product_cat-instrumentos-flexo","9":"product_cat-instrumentos-offset","11":"first","12":"instock","13":"shipping-taxable","14":"product-type-simple"},"_links":{"self":[{"href":"https:\/\/www.alephgraphics.com\/es\/wp-json\/wp\/v2\/product\/1452","targetHints":{"allow":["GET"]}}],"collection":[{"href":"https:\/\/www.alephgraphics.com\/es\/wp-json\/wp\/v2\/product"}],"about":[{"href":"https:\/\/www.alephgraphics.com\/es\/wp-json\/wp\/v2\/types\/product"}],"wp:featuredmedia":[{"embeddable":true,"href":"https:\/\/www.alephgraphics.com\/es\/wp-json\/wp\/v2\/media\/1453"}],"wp:attachment":[{"href":"https:\/\/www.alephgraphics.com\/es\/wp-json\/wp\/v2\/media?parent=1452"}],"wp:term":[{"taxonomy":"product_brand","embeddable":true,"href":"https:\/\/www.alephgraphics.com\/es\/wp-json\/wp\/v2\/product_brand?post=1452"},{"taxonomy":"product_cat","embeddable":true,"href":"https:\/\/www.alephgraphics.com\/es\/wp-json\/wp\/v2\/product_cat?post=1452"},{"taxonomy":"product_tag","embeddable":true,"href":"https:\/\/www.alephgraphics.com\/es\/wp-json\/wp\/v2\/product_tag?post=1452"}],"curies":[{"name":"wp","href":"https:\/\/api.w.org\/{rel}","templated":true}]}}