{"id":1440,"date":"2020-09-15T20:19:13","date_gmt":"2020-09-15T20:19:13","guid":{"rendered":"http:\/\/192.168.1.192:8080\/?post_type=product&#038;p=1440"},"modified":"2020-09-15T20:19:13","modified_gmt":"2020-09-15T20:19:13","slug":"ihara-r730-densitometro","status":"publish","type":"product","link":"https:\/\/www.alephgraphics.com\/es\/producto\/ihara-r730-densitometro\/","title":{"rendered":"IHARA R730 Densit\u00f3metro"},"content":{"rendered":"<h3>DENSIT\u00d3METRO DE COLOR DE REFLEXI\u00d3N IHARA R730<\/h3>\n<p>Densit\u00f3metro de color de reflexi\u00f3n utiliza la \u00faltima tecnolog\u00eda para garantizar una gran precisi\u00f3n, entre instrumentos, y repetibilidad. Este instrumento combina una interfaz de usuario funcional y simple en un dise\u00f1o peque\u00f1o y ligero.<\/p>\n<p>El modelo R730 permite medir: Densidad, diferencia de densidad, \u00e1rea de punto, ganancia de punto, trampa de tinta, contraste de impresi\u00f3n, tono de error, grisado, Brillo, Cast, Saturaci\u00f3n, an\u00e1lisis de puntos y la funci\u00f3n Auto.<\/p>\n","protected":false},"excerpt":{"rendered":"<p>DENSIT\u00d3METRO DE COLOR DE REFLEXI\u00d3N IHARA R730 Densit\u00f3metro de color de reflexi\u00f3n utiliza la \u00faltima tecnolog\u00eda para garantizar una gran precisi\u00f3n, entre instrumentos, y repetibilidad. Este instrumento combina una interfaz de usuario funcional y simple en un dise\u00f1o peque\u00f1o y ligero. El modelo R730 permite medir: Densidad, diferencia de densidad, \u00e1rea de punto, ganancia de [&hellip;]<\/p>\n","protected":false},"featured_media":1441,"template":"","meta":{"pagelayer_contact_templates":[],"_pagelayer_content":""},"product_brand":[],"product_cat":[29,25,50,51],"product_tag":[],"class_list":{"0":"post-1440","1":"product","2":"type-product","3":"status-publish","4":"has-post-thumbnail","6":"product_cat-color","7":"product_cat-ctf","8":"product_cat-instrumentos-color","9":"product_cat-instrumentos-offset","11":"first","12":"instock","13":"shipping-taxable","14":"product-type-simple"},"_links":{"self":[{"href":"https:\/\/www.alephgraphics.com\/es\/wp-json\/wp\/v2\/product\/1440","targetHints":{"allow":["GET"]}}],"collection":[{"href":"https:\/\/www.alephgraphics.com\/es\/wp-json\/wp\/v2\/product"}],"about":[{"href":"https:\/\/www.alephgraphics.com\/es\/wp-json\/wp\/v2\/types\/product"}],"wp:featuredmedia":[{"embeddable":true,"href":"https:\/\/www.alephgraphics.com\/es\/wp-json\/wp\/v2\/media\/1441"}],"wp:attachment":[{"href":"https:\/\/www.alephgraphics.com\/es\/wp-json\/wp\/v2\/media?parent=1440"}],"wp:term":[{"taxonomy":"product_brand","embeddable":true,"href":"https:\/\/www.alephgraphics.com\/es\/wp-json\/wp\/v2\/product_brand?post=1440"},{"taxonomy":"product_cat","embeddable":true,"href":"https:\/\/www.alephgraphics.com\/es\/wp-json\/wp\/v2\/product_cat?post=1440"},{"taxonomy":"product_tag","embeddable":true,"href":"https:\/\/www.alephgraphics.com\/es\/wp-json\/wp\/v2\/product_tag?post=1440"}],"curies":[{"name":"wp","href":"https:\/\/api.w.org\/{rel}","templated":true}]}}