{"id":1426,"date":"2020-09-15T20:08:47","date_gmt":"2020-09-15T20:08:47","guid":{"rendered":"http:\/\/192.168.1.192:8080\/?post_type=product&#038;p=1426"},"modified":"2020-09-15T20:08:47","modified_gmt":"2020-09-15T20:08:47","slug":"techcron-spectrojet","status":"publish","type":"product","link":"https:\/\/www.alephgraphics.com\/es\/producto\/techcron-spectrojet\/","title":{"rendered":"TECHCRON SpectroJet"},"content":{"rendered":"<p><strong>TECHCRON SpectroJet<\/strong><\/p>\n<p>SpectroJet es un espectrofot\u00f3metro sobre ruedas que autom\u00e1ticamente mide la densidad y valores de color CMYK y colores planos y simult\u00e1neamente trasmite los datos a un PC en segundos. Con sus capacidades de medir autom\u00e1ticamente color y densidad es la perfecta soluci\u00f3n para incrementar sustancialmente la productividad de prensa.<\/p>\n<p>Autom\u00e1ticamente mide los valores de cualquier barra de control de impresi\u00f3n de cualquier impreso en proceso. El instrumento es guiado simplemente a mano a lo largo del parche de test de colores. Sus ruedas de seguimiento en la parte inferior aseguran un manejo recto.<\/p>\n<p>Simult\u00e1neamente, los datos de medici\u00f3n espectral exacta se env\u00eda al PC donde se muestra toda la informaci\u00f3n relevante para el control de la impresora.<\/p>\n<p>SpectroJet est\u00e1 equipado con un sensor espectral de alta resoluci\u00f3n incluyendo un verdadero filtro de polarizaci\u00f3n f\u00edsico, cambiable que analiza las muestras de color en condiciones estandarizada bajo requisitos ISO y Gracol G7.<\/p>\n<p>Los datos de la medici\u00f3n pueden ser exportados al software TECHCRON\u00a0ExPresso que ofrece un conjunto de herramientas integrales que comprenden la medici\u00f3n de CMYK, colores planos, soporta hasta 16 unidades impresas, frente y dorso, muestra densidad de color, ganancia de punto, balance de gris, valores Lab y recomendaciones de c\u00f3mo ajustar los tinteros en prensa.<\/p>\n<p>&nbsp;<\/p>\n<p>Este es solo un extracto de la funcionalidad completa. Gracias a su modularidad, TECHKON ExPresso es ampliable y vers\u00e1til. Los datos de medici\u00f3n pueden ser exportados a otras aplicaciones de software que se conectan en tiempo real con m\u00e1quinas de impresi\u00f3n para permitir que una soluci\u00f3n \u00abcircuito cerrado\u00bb llave en mano.<\/p>\n","protected":false},"excerpt":{"rendered":"<p>TECHCRON SpectroJet SpectroJet es un espectrofot\u00f3metro sobre ruedas que autom\u00e1ticamente mide la densidad y valores de color CMYK y colores planos y simult\u00e1neamente trasmite los datos a un PC en segundos. Con sus capacidades de medir autom\u00e1ticamente color y densidad es la perfecta soluci\u00f3n para incrementar sustancialmente la productividad de prensa. Autom\u00e1ticamente mide los valores [&hellip;]<\/p>\n","protected":false},"featured_media":1427,"template":"","meta":{"pagelayer_contact_templates":[],"_pagelayer_content":""},"product_brand":[],"product_cat":[29,50,30],"product_tag":[],"class_list":{"0":"post-1426","1":"product","2":"type-product","3":"status-publish","4":"has-post-thumbnail","6":"product_cat-color","7":"product_cat-instrumentos-color","8":"product_cat-proofer","10":"first","11":"instock","12":"shipping-taxable","13":"product-type-simple"},"_links":{"self":[{"href":"https:\/\/www.alephgraphics.com\/es\/wp-json\/wp\/v2\/product\/1426","targetHints":{"allow":["GET"]}}],"collection":[{"href":"https:\/\/www.alephgraphics.com\/es\/wp-json\/wp\/v2\/product"}],"about":[{"href":"https:\/\/www.alephgraphics.com\/es\/wp-json\/wp\/v2\/types\/product"}],"wp:featuredmedia":[{"embeddable":true,"href":"https:\/\/www.alephgraphics.com\/es\/wp-json\/wp\/v2\/media\/1427"}],"wp:attachment":[{"href":"https:\/\/www.alephgraphics.com\/es\/wp-json\/wp\/v2\/media?parent=1426"}],"wp:term":[{"taxonomy":"product_brand","embeddable":true,"href":"https:\/\/www.alephgraphics.com\/es\/wp-json\/wp\/v2\/product_brand?post=1426"},{"taxonomy":"product_cat","embeddable":true,"href":"https:\/\/www.alephgraphics.com\/es\/wp-json\/wp\/v2\/product_cat?post=1426"},{"taxonomy":"product_tag","embeddable":true,"href":"https:\/\/www.alephgraphics.com\/es\/wp-json\/wp\/v2\/product_tag?post=1426"}],"curies":[{"name":"wp","href":"https:\/\/api.w.org\/{rel}","templated":true}]}}