{"id":1420,"date":"2020-09-15T20:04:04","date_gmt":"2020-09-15T20:04:04","guid":{"rendered":"http:\/\/192.168.1.192:8080\/?post_type=product&#038;p=1420"},"modified":"2020-09-15T20:04:05","modified_gmt":"2020-09-15T20:04:05","slug":"techcron-spectrodens","status":"publish","type":"product","link":"https:\/\/www.alephgraphics.com\/es\/producto\/techcron-spectrodens\/","title":{"rendered":"TECHCRON SpectroDens"},"content":{"rendered":"<h3><strong>TECHCRON SpectroDens<\/strong><\/h3>\n<p><strong>Epectro-Densitometro.\u00a0<\/strong><strong>Todos los colores bajo un control perfecto.<\/strong><\/p>\n<p>SpectroDens es un moderno dispositivo multiuso de medici\u00f3n moderno para todas las aplicaciones de pre-prensa.<\/p>\n<p>Ya sea en pre-impresi\u00f3n para control de pruebas, para el control continuo de la calidad en la prensa de impresi\u00f3n, durante la inspecci\u00f3n de producci\u00f3n o en un laboratorio de color, SpectroDens es excepcionalmente adecuado, sea cual sea su aplicaci\u00f3n.<\/p>\n<p>Combina las cualidades de un espectrofot\u00f3metro de alta precisi\u00f3n y un densit\u00f3metro y es muy f\u00e1cil de usar. La medici\u00f3n es espectral, es decir, toda la informaci\u00f3n de color, la huella espectral del color, se registra con precisi\u00f3n.<\/p>\n<p>El dispositivo funciona estrictamente de acuerdo con las normas vigentes para la industria gr\u00e1fica. Es especialmente bueno en la evaluaci\u00f3n de la cu\u00f1a Ugra \/ Fogra, ya que alterna entre la medici\u00f3n colorim\u00e9trica sin filtro de polarizaci\u00f3n y la medici\u00f3n de la densidad con filtro, con s\u00f3lo pulsar un bot\u00f3n.<\/p>\n<p>El software Windows de SpectroDens Connect suministrado con el instrumento muestra claramente los datos de medici\u00f3n recogidos desde el puerto USB en el monitor del PC.<\/p>\n","protected":false},"excerpt":{"rendered":"<p>TECHCRON SpectroDens Epectro-Densitometro.\u00a0Todos los colores bajo un control perfecto. SpectroDens es un moderno dispositivo multiuso de medici\u00f3n moderno para todas las aplicaciones de pre-prensa. Ya sea en pre-impresi\u00f3n para control de pruebas, para el control continuo de la calidad en la prensa de impresi\u00f3n, durante la inspecci\u00f3n de producci\u00f3n o en un laboratorio de color, [&hellip;]<\/p>\n","protected":false},"featured_media":1421,"template":"","meta":{"pagelayer_contact_templates":[],"_pagelayer_content":""},"product_brand":[],"product_cat":[29,50],"product_tag":[],"class_list":{"0":"post-1420","1":"product","2":"type-product","3":"status-publish","4":"has-post-thumbnail","6":"product_cat-color","7":"product_cat-instrumentos-color","9":"first","10":"instock","11":"shipping-taxable","12":"product-type-simple"},"_links":{"self":[{"href":"https:\/\/www.alephgraphics.com\/es\/wp-json\/wp\/v2\/product\/1420","targetHints":{"allow":["GET"]}}],"collection":[{"href":"https:\/\/www.alephgraphics.com\/es\/wp-json\/wp\/v2\/product"}],"about":[{"href":"https:\/\/www.alephgraphics.com\/es\/wp-json\/wp\/v2\/types\/product"}],"wp:featuredmedia":[{"embeddable":true,"href":"https:\/\/www.alephgraphics.com\/es\/wp-json\/wp\/v2\/media\/1421"}],"wp:attachment":[{"href":"https:\/\/www.alephgraphics.com\/es\/wp-json\/wp\/v2\/media?parent=1420"}],"wp:term":[{"taxonomy":"product_brand","embeddable":true,"href":"https:\/\/www.alephgraphics.com\/es\/wp-json\/wp\/v2\/product_brand?post=1420"},{"taxonomy":"product_cat","embeddable":true,"href":"https:\/\/www.alephgraphics.com\/es\/wp-json\/wp\/v2\/product_cat?post=1420"},{"taxonomy":"product_tag","embeddable":true,"href":"https:\/\/www.alephgraphics.com\/es\/wp-json\/wp\/v2\/product_tag?post=1420"}],"curies":[{"name":"wp","href":"https:\/\/api.w.org\/{rel}","templated":true}]}}