{"id":1417,"date":"2020-09-15T20:01:20","date_gmt":"2020-09-15T20:01:20","guid":{"rendered":"http:\/\/192.168.1.192:8080\/?post_type=product&#038;p=1417"},"modified":"2020-09-15T20:01:20","modified_gmt":"2020-09-15T20:01:20","slug":"xante-impressia-digital-multi-media-print","status":"publish","type":"product","link":"https:\/\/www.alephgraphics.com\/es\/producto\/xante-impressia-digital-multi-media-print\/","title":{"rendered":"XANTE Impressia Digital Multi-Media Print"},"content":{"rendered":"<p><strong>El sistema de impresi\u00f3n Impressia Digital Multi-Media de XANT\u00c9 permite de adentrarse en el mundo digital y satisfacer la demanda de membretes, tarjetas de visita, formularios, folletos, mailing, etiquetas, banners y mucho m\u00e1s impresos r\u00e1pidamente y a todo color.<\/strong><\/p>\n<div class=\"page\" title=\"Page 2\">\n<div class=\"layoutArea\">\n<div class=\"column\">\n<p>Ahora puede imprimir una amplia variedad de sustratos y formatos y producir en casa,\u00a0con\u00a0bajo demanda. El flujo de trabajo iQueue Ultimate controla la soluci\u00f3n digital completa automatizando la producci\u00f3n de la pre impresi\u00f3n desde diferentes ordenadores.<\/p>\n<\/div>\n<\/div>\n<\/div>\n<p>&#8211; Mejor impresora digital de sobres a color en la industria<\/p>\n<p>&#8211; El menor costo por impresi\u00f3n en la industria<\/p>\n<p>&#8211; Imprime en una amplia variedad de\u00a0medios y tama\u00f1os de hoja<\/p>\n<p>&#8211; Velocidades de impresi\u00f3n altas (hasta 78 sobres #10 a todo color por minuto)<\/p>\n<p>&#8211; Alta resoluci\u00f3n\u00a0(hasta 2400dpi)<\/p>\n<p>&#8211; La salida es 100% resistente al agua<\/p>\n","protected":false},"excerpt":{"rendered":"<p>El sistema de impresi\u00f3n Impressia Digital Multi-Media de XANT\u00c9 permite de adentrarse en el mundo digital y satisfacer la demanda de membretes, tarjetas de visita, formularios, folletos, mailing, etiquetas, banners y mucho m\u00e1s impresos r\u00e1pidamente y a todo color. Ahora puede imprimir una amplia variedad de sustratos y formatos y producir en casa,\u00a0con\u00a0bajo demanda. El [&hellip;]<\/p>\n","protected":false},"featured_media":1418,"template":"","meta":{"pagelayer_contact_templates":[],"_pagelayer_content":""},"product_brand":[],"product_cat":[40],"product_tag":[],"class_list":{"0":"post-1417","1":"product","2":"type-product","3":"status-publish","4":"has-post-thumbnail","6":"product_cat-impresion-digital","8":"first","9":"instock","10":"shipping-taxable","11":"product-type-simple"},"_links":{"self":[{"href":"https:\/\/www.alephgraphics.com\/es\/wp-json\/wp\/v2\/product\/1417","targetHints":{"allow":["GET"]}}],"collection":[{"href":"https:\/\/www.alephgraphics.com\/es\/wp-json\/wp\/v2\/product"}],"about":[{"href":"https:\/\/www.alephgraphics.com\/es\/wp-json\/wp\/v2\/types\/product"}],"wp:featuredmedia":[{"embeddable":true,"href":"https:\/\/www.alephgraphics.com\/es\/wp-json\/wp\/v2\/media\/1418"}],"wp:attachment":[{"href":"https:\/\/www.alephgraphics.com\/es\/wp-json\/wp\/v2\/media?parent=1417"}],"wp:term":[{"taxonomy":"product_brand","embeddable":true,"href":"https:\/\/www.alephgraphics.com\/es\/wp-json\/wp\/v2\/product_brand?post=1417"},{"taxonomy":"product_cat","embeddable":true,"href":"https:\/\/www.alephgraphics.com\/es\/wp-json\/wp\/v2\/product_cat?post=1417"},{"taxonomy":"product_tag","embeddable":true,"href":"https:\/\/www.alephgraphics.com\/es\/wp-json\/wp\/v2\/product_tag?post=1417"}],"curies":[{"name":"wp","href":"https:\/\/api.w.org\/{rel}","templated":true}]}}