{"id":1414,"date":"2020-09-15T19:59:37","date_gmt":"2020-09-15T19:59:37","guid":{"rendered":"http:\/\/192.168.1.192:8080\/?post_type=product&#038;p=1414"},"modified":"2020-09-15T19:59:38","modified_gmt":"2020-09-15T19:59:38","slug":"heights-violet-inca-80xp","status":"publish","type":"product","link":"https:\/\/www.alephgraphics.com\/es\/producto\/heights-violet-inca-80xp\/","title":{"rendered":"HEIGHTS Violet Inca 80XP"},"content":{"rendered":"<h4>Las procesadoras INCA 80 XP para plancha violeta fotopol\u00edmera est\u00e1n dise\u00f1adas para satisfacer las necesidades de mediano a alto rendimiento de procesamiento. Una m\u00e1quina con la ingenier\u00eda de precisi\u00f3n, robustez y durabilidad asociado con todos las procesadoras Heights.<\/h4>\n<p>HEIGHTS es lider mundial en el dise\u00f1o, fabricaci\u00f3n y comercializaci\u00f3n de procesadoras de planchas y equipos afines para la Industria de las Artes Graficas.<\/p>\n<p>HEIGHTS es proveedor OEM para algunos de los nombres de mayor reputaci\u00f3n en la Industria de las Artes Graficas, tales como Kodak, Kelleigh, Technigraph y Photomeca.<\/p>\n<p>Tambi\u00e9n fabrica equipos para ambas industrias, Offset y Flexo bajo nombre propio.<\/p>\n","protected":false},"excerpt":{"rendered":"<p>Las procesadoras INCA 80 XP para plancha violeta fotopol\u00edmera est\u00e1n dise\u00f1adas para satisfacer las necesidades de mediano a alto rendimiento de procesamiento. Una m\u00e1quina con la ingenier\u00eda de precisi\u00f3n, robustez y durabilidad asociado con todos las procesadoras Heights. HEIGHTS es lider mundial en el dise\u00f1o, fabricaci\u00f3n y comercializaci\u00f3n de procesadoras de planchas y equipos afines [&hellip;]<\/p>\n","protected":false},"featured_media":1415,"template":"","meta":{"pagelayer_contact_templates":[],"_pagelayer_content":""},"product_brand":[],"product_cat":[26],"product_tag":[],"class_list":{"0":"post-1414","1":"product","2":"type-product","3":"status-publish","4":"has-post-thumbnail","6":"product_cat-procesadoras","8":"first","9":"instock","10":"shipping-taxable","11":"product-type-simple"},"_links":{"self":[{"href":"https:\/\/www.alephgraphics.com\/es\/wp-json\/wp\/v2\/product\/1414","targetHints":{"allow":["GET"]}}],"collection":[{"href":"https:\/\/www.alephgraphics.com\/es\/wp-json\/wp\/v2\/product"}],"about":[{"href":"https:\/\/www.alephgraphics.com\/es\/wp-json\/wp\/v2\/types\/product"}],"wp:featuredmedia":[{"embeddable":true,"href":"https:\/\/www.alephgraphics.com\/es\/wp-json\/wp\/v2\/media\/1415"}],"wp:attachment":[{"href":"https:\/\/www.alephgraphics.com\/es\/wp-json\/wp\/v2\/media?parent=1414"}],"wp:term":[{"taxonomy":"product_brand","embeddable":true,"href":"https:\/\/www.alephgraphics.com\/es\/wp-json\/wp\/v2\/product_brand?post=1414"},{"taxonomy":"product_cat","embeddable":true,"href":"https:\/\/www.alephgraphics.com\/es\/wp-json\/wp\/v2\/product_cat?post=1414"},{"taxonomy":"product_tag","embeddable":true,"href":"https:\/\/www.alephgraphics.com\/es\/wp-json\/wp\/v2\/product_tag?post=1414"}],"curies":[{"name":"wp","href":"https:\/\/api.w.org\/{rel}","templated":true}]}}