{"id":1405,"date":"2020-09-15T19:51:22","date_gmt":"2020-09-15T19:51:22","guid":{"rendered":"http:\/\/192.168.1.192:8080\/?post_type=product&#038;p=1405"},"modified":"2020-09-15T19:51:22","modified_gmt":"2020-09-15T19:51:22","slug":"glunz-jensen-procesadora-t-c-tiger","status":"publish","type":"product","link":"https:\/\/www.alephgraphics.com\/es\/producto\/glunz-jensen-procesadora-t-c-tiger\/","title":{"rendered":"Glunz &#038; Jensen Procesadora T\/C TIGER"},"content":{"rendered":"<h4>Procesadora basada en la seria G&amp;J Quartz Supreme. Disponible en dos anchos: 86 y 125 cm, se puede utilizar tanto para el procesamiento convencional como t\u00e9rmico.<\/h4>\n<p><span style=\"text-decoration: underline;\">Panel de control simple<\/span><\/p>\n<p>Nuevo panel de control con teclas de funci\u00f3n que permiten un f\u00e1cil cambio de programa. Los mensajes de estado y de error se explican en la pantalla, mientras que las luces indicadoras sencillas permiten saber que las cosas est\u00e1n funcionando sin problemas.<\/p>\n<p><span style=\"text-decoration: underline;\">Limpieza y mantenimiento sin problemas<\/span><\/p>\n<p>Cubierta superior de f\u00e1cil apertura permite desmontar f\u00e1cilmente los\u00a0cepillos, rodillos, barras de pulverizaci\u00f3n y gu\u00edas, para ser sustituidos\u00a0en minutos,\u00a0sin el uso de herramientas o la necesidad de volver a calibrar.<\/p>\n<p><span style=\"text-decoration: underline;\">Configuraci\u00f3n Ethernet<\/span><\/p>\n<p>Forma nueva y f\u00e1cil de configurar el software a trav\u00e9s de Ethernet. Crear nuevos programas de procesamiento est\u00e1ndar y software de actualizaci\u00f3n.<\/p>\n","protected":false},"excerpt":{"rendered":"<p>Procesadora basada en la seria G&amp;J Quartz Supreme. Disponible en dos anchos: 86 y 125 cm, se puede utilizar tanto para el procesamiento convencional como t\u00e9rmico. Panel de control simple Nuevo panel de control con teclas de funci\u00f3n que permiten un f\u00e1cil cambio de programa. Los mensajes de estado y de error se explican en [&hellip;]<\/p>\n","protected":false},"featured_media":1406,"template":"","meta":{"pagelayer_contact_templates":[],"_pagelayer_content":""},"product_brand":[],"product_cat":[26],"product_tag":[],"class_list":{"0":"post-1405","1":"product","2":"type-product","3":"status-publish","4":"has-post-thumbnail","6":"product_cat-procesadoras","8":"first","9":"instock","10":"shipping-taxable","11":"product-type-simple"},"_links":{"self":[{"href":"https:\/\/www.alephgraphics.com\/es\/wp-json\/wp\/v2\/product\/1405","targetHints":{"allow":["GET"]}}],"collection":[{"href":"https:\/\/www.alephgraphics.com\/es\/wp-json\/wp\/v2\/product"}],"about":[{"href":"https:\/\/www.alephgraphics.com\/es\/wp-json\/wp\/v2\/types\/product"}],"wp:featuredmedia":[{"embeddable":true,"href":"https:\/\/www.alephgraphics.com\/es\/wp-json\/wp\/v2\/media\/1406"}],"wp:attachment":[{"href":"https:\/\/www.alephgraphics.com\/es\/wp-json\/wp\/v2\/media?parent=1405"}],"wp:term":[{"taxonomy":"product_brand","embeddable":true,"href":"https:\/\/www.alephgraphics.com\/es\/wp-json\/wp\/v2\/product_brand?post=1405"},{"taxonomy":"product_cat","embeddable":true,"href":"https:\/\/www.alephgraphics.com\/es\/wp-json\/wp\/v2\/product_cat?post=1405"},{"taxonomy":"product_tag","embeddable":true,"href":"https:\/\/www.alephgraphics.com\/es\/wp-json\/wp\/v2\/product_tag?post=1405"}],"curies":[{"name":"wp","href":"https:\/\/api.w.org\/{rel}","templated":true}]}}