{"id":1399,"date":"2020-09-15T19:46:20","date_gmt":"2020-09-15T19:46:20","guid":{"rendered":"http:\/\/192.168.1.192:8080\/?post_type=product&#038;p=1399"},"modified":"2020-09-15T19:46:20","modified_gmt":"2020-09-15T19:46:20","slug":"glunz-jensen-t-c-raptor-t","status":"publish","type":"product","link":"https:\/\/www.alephgraphics.com\/es\/producto\/glunz-jensen-t-c-raptor-t\/","title":{"rendered":"Glunz &#038; Jensen T\/C RAPTOR +T"},"content":{"rendered":"<h4>Procesadora de planchas offset termales o convencionales\u00a0de hasta 85 cms. de ancho. Operaci\u00f3n completa en un dise\u00f1o compacto.<\/h4>\n<p><span style=\"text-decoration: underline;\">Limpieza y mantenimiento sin problemas<\/span><\/p>\n<p>Cubierta superior de f\u00e1cil apertura permite desmontar f\u00e1cilmente los\u00a0cepillos, rodillos, barras de pulverizaci\u00f3n y gu\u00edas, para ser sustituidos\u00a0en minutos,\u00a0sin el uso de herramientas o la necesidad de volver a calibrar.<\/p>\n<p><span style=\"text-decoration: underline;\">Controles mediante pantalla t\u00e1ctil<\/span><\/p>\n<p>Panel de control de pantalla t\u00e1ctil f\u00e1cil de dominar con la opci\u00f3n plug-in de idioma nativo y una funci\u00f3n de soporte y diagnostico remotos.<\/p>\n<p><span style=\"text-decoration: underline;\">Supervisi\u00f3n y regulaci\u00f3n autom\u00e1tica<\/span><\/p>\n<p>Muy f\u00e1cil de manejar, incluso sin supervisi\u00f3n, ya que\u00a0el procesador controla los niveles de l\u00edquido y la temperatura y se ajusta en consecuencia. Si requiere la intervenci\u00f3n del usuario, se\u00a0alerta al operador y proporciona ayuda en pantalla paso a paso.<\/p>\n<p><span style=\"text-decoration: underline;\">Compatibilidad CtP universal<\/span><\/p>\n<p>El panel frontal universal se integra\u00a0en l\u00ednea con cualquier CtP. Todo lo que necesita es un kit simple de adaptaci\u00f3n CtP espec\u00edfico.<\/p>\n","protected":false},"excerpt":{"rendered":"<p>Procesadora de planchas offset termales o convencionales\u00a0de hasta 85 cms. de ancho. Operaci\u00f3n completa en un dise\u00f1o compacto. Limpieza y mantenimiento sin problemas Cubierta superior de f\u00e1cil apertura permite desmontar f\u00e1cilmente los\u00a0cepillos, rodillos, barras de pulverizaci\u00f3n y gu\u00edas, para ser sustituidos\u00a0en minutos,\u00a0sin el uso de herramientas o la necesidad de volver a calibrar. Controles mediante [&hellip;]<\/p>\n","protected":false},"featured_media":1400,"template":"","meta":{"pagelayer_contact_templates":[],"_pagelayer_content":""},"product_brand":[],"product_cat":[26],"product_tag":[],"class_list":{"0":"post-1399","1":"product","2":"type-product","3":"status-publish","4":"has-post-thumbnail","6":"product_cat-procesadoras","8":"first","9":"instock","10":"shipping-taxable","11":"product-type-simple"},"_links":{"self":[{"href":"https:\/\/www.alephgraphics.com\/es\/wp-json\/wp\/v2\/product\/1399","targetHints":{"allow":["GET"]}}],"collection":[{"href":"https:\/\/www.alephgraphics.com\/es\/wp-json\/wp\/v2\/product"}],"about":[{"href":"https:\/\/www.alephgraphics.com\/es\/wp-json\/wp\/v2\/types\/product"}],"wp:featuredmedia":[{"embeddable":true,"href":"https:\/\/www.alephgraphics.com\/es\/wp-json\/wp\/v2\/media\/1400"}],"wp:attachment":[{"href":"https:\/\/www.alephgraphics.com\/es\/wp-json\/wp\/v2\/media?parent=1399"}],"wp:term":[{"taxonomy":"product_brand","embeddable":true,"href":"https:\/\/www.alephgraphics.com\/es\/wp-json\/wp\/v2\/product_brand?post=1399"},{"taxonomy":"product_cat","embeddable":true,"href":"https:\/\/www.alephgraphics.com\/es\/wp-json\/wp\/v2\/product_cat?post=1399"},{"taxonomy":"product_tag","embeddable":true,"href":"https:\/\/www.alephgraphics.com\/es\/wp-json\/wp\/v2\/product_tag?post=1399"}],"curies":[{"name":"wp","href":"https:\/\/api.w.org\/{rel}","templated":true}]}}