{"id":1392,"date":"2020-09-15T19:36:01","date_gmt":"2020-09-15T19:36:01","guid":{"rendered":"http:\/\/192.168.1.192:8080\/?post_type=product&#038;p=1392"},"modified":"2020-09-16T01:27:56","modified_gmt":"2020-09-16T01:27:56","slug":"founder-superline","status":"publish","type":"product","link":"https:\/\/www.alephgraphics.com\/es\/producto\/founder-superline\/","title":{"rendered":"Founder SuperLine"},"content":{"rendered":"<p>Founder SuperLine es un software de dise\u00f1o anti-falsificaci\u00f3n para impresi\u00f3n de seguridad en etiquetado y embalaje con caracter\u00edsticas sorprendentes de tecnolog\u00eda de arte lineal para ayudar a prevenir la falsificaci\u00f3n y la falsificaci\u00f3n.<\/p>\n<div class=\"page\" title=\"Page 2\">\n<div class=\"layoutArea\">\n<div class=\"column\">\n<h3>Sistema dise\u00f1ado para evitar las falsificaciones<\/h3>\n<p><strong>SuperLine es una poderosa aplicaci\u00f3n de dise\u00f1o en seguridad que se utiliza en productos impresos que pueden llegar a ser vulnerables a la falsificaci\u00f3n, tales como billetes bancarios, pasaportes, certificados, licencias, tickets de loter\u00eda y packaging.<\/strong><\/p>\n<p>&nbsp;<\/p>\n<div class=\"page\" title=\"Page 3\">\n<div class=\"layoutArea\">\n<div class=\"column\">\n<p><span style=\"text-decoration: underline;\">FUNCIONES PRINCIPALES:<\/span><\/p>\n<p><span style=\"text-decoration: underline;\">L\u00edneas entrecruzadas:<\/span>\u00a0Un modelo ornamental formado por dos o m\u00e1s bandas curvas que se entrelazan para repetir un dise\u00f1o circular con antifalsificaci\u00f3n eficaz y efectos est\u00e9ticos agradables.<\/p>\n<p><span style=\"text-decoration: underline;\">Textura:<\/span>\u00a0Texturas est\u00e9ticas se pueden generar f\u00e1cilmente con herramientas convenientes en SuperLine.<\/p>\n<p><span style=\"text-decoration: underline;\">Microtexto:<\/span> Generado por letras muy peque\u00f1as en lugar de l\u00edneas, por ejemplo, permite sustituir un segmento de l\u00ednea con una l\u00ednea de letras que son menores de 0,2 mm.<\/p>\n<p><span style=\"text-decoration: underline;\">Grabado:<\/span> Mediante el uso de l\u00edneas de diferentes im\u00e1genes de ancho permite ser transformardo para la simulaci\u00f3n de grabado.<\/p>\n<p><span style=\"text-decoration: underline;\">Encaje:<\/span> Generado mediante la repetici\u00f3n de uno o m\u00e1s elementos a menudo utilizados en marcos ornamentales.<\/p>\n<p><span style=\"text-decoration: underline;\">Refracci\u00f3n:<\/span> Esta funci\u00f3n es especial para el dise\u00f1o gr\u00e1fico en la industria de envasado y para la imagen de la artesan\u00eda de metal.<\/p>\n<p><span style=\"text-decoration: underline;\">Lock-opening:<\/span>\u00a0Permite grabar imagenes proyectadas ocultas a simple vista, las cu\u00e1les se visualizan posicionando la impresi\u00f3n en un \u00e1ngulo determinado.<\/p>\n<div class=\"page\" title=\"Page 3\">\n<div class=\"layoutArea\">\n<div class=\"column\">\n<p><span style=\"text-decoration: underline;\">Latente:<\/span> Mediante el uso de l\u00edneas con anchuras variables en diferentes direcciones, caracteres o im\u00e1genes se pueden ocultar en otras im\u00e1genes de fondo.<\/p>\n<p><span style=\"text-decoration: underline;\">Rasterizaci\u00f3n:<\/span> Las im\u00e1genes se pueden rasterizar por cualquier punto de forma. Los diminutos puntos generados perturbar\u00e1n con eficacia el proceso de rasterizado en la falsificaci\u00f3n o copias il\u00edcitas previniendo la duplicaci\u00f3n no autorizada.<\/p>\n<p><span style=\"text-decoration: underline;\">Relieve:<\/span> El efecto de relieve se puede aplicar a im\u00e1genes o gr\u00e1ficos. Lock-opening es una de las aplicaciones de este efecto.<\/p>\n<p><span style=\"text-decoration: underline;\">C\u00f3digo de barra:<\/span> SuperLine puede producir varios estilos diferentes de c\u00f3digos de barras para una amplia variedad de aplicaciones.<\/p>\n<p><span style=\"text-decoration: underline;\">L\u00ednea divisoria:<\/span> Divide una l\u00ednea en dos o varias l\u00edneas finas para evitar la duplicaci\u00f3n no autorizada.<\/p>\n<\/div>\n<\/div>\n<\/div>\n<\/div>\n<\/div>\n<\/div>\n<\/div>\n<\/div>\n<\/div>\n<h2>Aplicaciones<\/h2>\n<p>Todos los productos impresos que son vulnerables a la falsificaci\u00f3n y necesitan protecci\u00f3n, como billetes, pasaportes, certificados, licencias, billetes de loter\u00eda y embalajes.<\/p>\n<h2>Ejemplos<\/h2>\n<p><img loading=\"lazy\" decoding=\"async\" class=\"alignnone size-full wp-image-1394\" src=\"http:\/\/192.168.1.192:8080\/wp-content\/uploads\/2020\/09\/Founder-SuperLine-Example.jpg\" alt=\"\" width=\"653\" height=\"202\" srcset=\"https:\/\/www.alephgraphics.com\/es\/wp-content\/uploads\/2020\/09\/Founder-SuperLine-Example.jpg 653w, https:\/\/www.alephgraphics.com\/es\/wp-content\/uploads\/2020\/09\/Founder-SuperLine-Example-416x129.jpg 416w, https:\/\/www.alephgraphics.com\/es\/wp-content\/uploads\/2020\/09\/Founder-SuperLine-Example-300x93.jpg 300w\" sizes=\"auto, (max-width: 653px) 100vw, 653px\" \/><\/p>\n","protected":false},"excerpt":{"rendered":"<p>Founder SuperLine es un software de dise\u00f1o anti-falsificaci\u00f3n para impresi\u00f3n de seguridad en etiquetado y embalaje con caracter\u00edsticas sorprendentes de tecnolog\u00eda de arte lineal para ayudar a prevenir la falsificaci\u00f3n y la falsificaci\u00f3n. Sistema dise\u00f1ado para evitar las falsificaciones SuperLine es una poderosa aplicaci\u00f3n de dise\u00f1o en seguridad que se utiliza en productos impresos que [&hellip;]<\/p>\n","protected":false},"featured_media":1393,"template":"","meta":{"pagelayer_contact_templates":[],"_pagelayer_content":""},"product_brand":[],"product_cat":[57],"product_tag":[],"class_list":{"0":"post-1392","1":"product","2":"type-product","3":"status-publish","4":"has-post-thumbnail","6":"product_cat-founder","8":"first","9":"instock","10":"shipping-taxable","11":"product-type-simple"},"_links":{"self":[{"href":"https:\/\/www.alephgraphics.com\/es\/wp-json\/wp\/v2\/product\/1392","targetHints":{"allow":["GET"]}}],"collection":[{"href":"https:\/\/www.alephgraphics.com\/es\/wp-json\/wp\/v2\/product"}],"about":[{"href":"https:\/\/www.alephgraphics.com\/es\/wp-json\/wp\/v2\/types\/product"}],"wp:featuredmedia":[{"embeddable":true,"href":"https:\/\/www.alephgraphics.com\/es\/wp-json\/wp\/v2\/media\/1393"}],"wp:attachment":[{"href":"https:\/\/www.alephgraphics.com\/es\/wp-json\/wp\/v2\/media?parent=1392"}],"wp:term":[{"taxonomy":"product_brand","embeddable":true,"href":"https:\/\/www.alephgraphics.com\/es\/wp-json\/wp\/v2\/product_brand?post=1392"},{"taxonomy":"product_cat","embeddable":true,"href":"https:\/\/www.alephgraphics.com\/es\/wp-json\/wp\/v2\/product_cat?post=1392"},{"taxonomy":"product_tag","embeddable":true,"href":"https:\/\/www.alephgraphics.com\/es\/wp-json\/wp\/v2\/product_tag?post=1392"}],"curies":[{"name":"wp","href":"https:\/\/api.w.org\/{rel}","templated":true}]}}