{"id":1387,"date":"2020-09-15T19:29:37","date_gmt":"2020-09-15T19:29:37","guid":{"rendered":"http:\/\/192.168.1.192:8080\/?post_type=product&#038;p=1387"},"modified":"2020-09-15T19:31:21","modified_gmt":"2020-09-15T19:31:21","slug":"founder-pasharp","status":"publish","type":"product","link":"https:\/\/www.alephgraphics.com\/es\/producto\/founder-pasharp\/","title":{"rendered":"Founder PaSharp"},"content":{"rendered":"<p>Como la aplicaci\u00f3n de preimpresi\u00f3n de envases l\u00edder en el mundo, el conjunto de herramientas de productividad de preimpresi\u00f3n PaSharp ha evolucionado a partir de los 30 a\u00f1os de experiencia acumulada de investigaci\u00f3n y desarrollo de Founder en las artes gr\u00e1ficas. La suite PaSharp ofrece herramientas de reventado profesionales, funciones especializadas de paso y repetici\u00f3n para empaque, as\u00ed como una serie de herramientas de edici\u00f3n que permiten a los operadores de preimpresi\u00f3n aumentar la eficiencia y producir un trabajo de mayor calidad.<\/p>\n<p>PaSharp funciona como un complemento en Adobe Illustrator, desde CS6 hasta la \u00faltima CC2020.<\/p>\n<h2>Potentes funciones<\/h2>\n<p>PaSharp abarca todas las facetas de la preimpresi\u00f3n de envases con herramientas robustas para reventado profesional, paso y repetici\u00f3n y un potente conjunto de herramientas de edici\u00f3n.<\/p>\n<h2>Software independiente<\/h2>\n<p>PaSharp impresiona a los clientes con la total conveniencia de la operaci\u00f3n de preimpresi\u00f3n.<\/p>\n<h2>Espl\u00e9ndida compatibilidad<\/h2>\n<p>PaSharp se puede combinar con cualquier flujo de trabajo PDF y los operadores pueden realizar cualquier modificaci\u00f3n en un segundo.<\/p>\n<h2>Soporte t\u00e9cnico atento<\/h2>\n<p>El equipo de soporte de PaSharp ofrece el mejor servicio y ayuda a los clientes. Los productos modularizados ofrecen varias opciones para satisfacer las necesidades de los clientes.<\/p>\n<h2>Soporte de plataforma<\/h2>\n<p>Windows y Macintosh.<\/p>\n<p>&nbsp;<\/p>\n<p><a href=\"https:\/\/www.youtube.com\/watch?v=4gsRVZfwLfA\">https:\/\/www.youtube.com\/watch?v=4gsRVZfwLfA<\/a><\/p>\n","protected":false},"excerpt":{"rendered":"<p>Como la aplicaci\u00f3n de preimpresi\u00f3n de envases l\u00edder en el mundo, el conjunto de herramientas de productividad de preimpresi\u00f3n PaSharp ha evolucionado a partir de los 30 a\u00f1os de experiencia acumulada de investigaci\u00f3n y desarrollo de Founder en las artes gr\u00e1ficas. La suite PaSharp ofrece herramientas de reventado profesionales, funciones especializadas de paso y repetici\u00f3n [&hellip;]<\/p>\n","protected":false},"featured_media":1388,"template":"","meta":{"pagelayer_contact_templates":[],"_pagelayer_content":""},"product_brand":[],"product_cat":[57],"product_tag":[],"class_list":{"0":"post-1387","1":"product","2":"type-product","3":"status-publish","4":"has-post-thumbnail","6":"product_cat-founder","8":"first","9":"instock","10":"shipping-taxable","11":"product-type-simple"},"_links":{"self":[{"href":"https:\/\/www.alephgraphics.com\/es\/wp-json\/wp\/v2\/product\/1387","targetHints":{"allow":["GET"]}}],"collection":[{"href":"https:\/\/www.alephgraphics.com\/es\/wp-json\/wp\/v2\/product"}],"about":[{"href":"https:\/\/www.alephgraphics.com\/es\/wp-json\/wp\/v2\/types\/product"}],"wp:featuredmedia":[{"embeddable":true,"href":"https:\/\/www.alephgraphics.com\/es\/wp-json\/wp\/v2\/media\/1388"}],"wp:attachment":[{"href":"https:\/\/www.alephgraphics.com\/es\/wp-json\/wp\/v2\/media?parent=1387"}],"wp:term":[{"taxonomy":"product_brand","embeddable":true,"href":"https:\/\/www.alephgraphics.com\/es\/wp-json\/wp\/v2\/product_brand?post=1387"},{"taxonomy":"product_cat","embeddable":true,"href":"https:\/\/www.alephgraphics.com\/es\/wp-json\/wp\/v2\/product_cat?post=1387"},{"taxonomy":"product_tag","embeddable":true,"href":"https:\/\/www.alephgraphics.com\/es\/wp-json\/wp\/v2\/product_tag?post=1387"}],"curies":[{"name":"wp","href":"https:\/\/api.w.org\/{rel}","templated":true}]}}