{"id":1384,"date":"2020-09-15T19:23:52","date_gmt":"2020-09-15T19:23:52","guid":{"rendered":"http:\/\/192.168.1.192:8080\/?post_type=product&#038;p=1384"},"modified":"2020-09-15T19:23:52","modified_gmt":"2020-09-15T19:23:52","slug":"founder-elecroc-6-workflow","status":"publish","type":"product","link":"https:\/\/www.alephgraphics.com\/es\/producto\/founder-elecroc-6-workflow\/","title":{"rendered":"Founder ElecRoc 6 WorkFlow"},"content":{"rendered":"<h3>FOUNDER ElecRoc 6 Flujo de Trabajo<\/h3>\n<p>ElecRoc es un flujo de trabajo (workflow) totalmente integrado JDF\/PDF, para pre-prensa con una nueva estructura de sistema que alcanza m\u00e1s estabilidad y mayor eficiencia del proceso. Posee varios m\u00f3dulos y funciones, de interface amigable para el usuario y es muy f\u00e1cil de operar.<br \/>\nConcebido en m\u00f3dulos lo que lo hace escalable a demanda y es capaz de alcanzar las demandas de la pre-prensa m\u00e1s exigente.<\/p>\n","protected":false},"excerpt":{"rendered":"<p>FOUNDER ElecRoc 6 Flujo de Trabajo ElecRoc es un flujo de trabajo (workflow) totalmente integrado JDF\/PDF, para pre-prensa con una nueva estructura de sistema que alcanza m\u00e1s estabilidad y mayor eficiencia del proceso. Posee varios m\u00f3dulos y funciones, de interface amigable para el usuario y es muy f\u00e1cil de operar. Concebido en m\u00f3dulos lo que [&hellip;]<\/p>\n","protected":false},"featured_media":1385,"template":"","meta":{"pagelayer_contact_templates":[],"_pagelayer_content":""},"product_brand":[],"product_cat":[57],"product_tag":[],"class_list":{"0":"post-1384","1":"product","2":"type-product","3":"status-publish","4":"has-post-thumbnail","6":"product_cat-founder","8":"first","9":"instock","10":"shipping-taxable","11":"product-type-simple"},"_links":{"self":[{"href":"https:\/\/www.alephgraphics.com\/es\/wp-json\/wp\/v2\/product\/1384","targetHints":{"allow":["GET"]}}],"collection":[{"href":"https:\/\/www.alephgraphics.com\/es\/wp-json\/wp\/v2\/product"}],"about":[{"href":"https:\/\/www.alephgraphics.com\/es\/wp-json\/wp\/v2\/types\/product"}],"wp:featuredmedia":[{"embeddable":true,"href":"https:\/\/www.alephgraphics.com\/es\/wp-json\/wp\/v2\/media\/1385"}],"wp:attachment":[{"href":"https:\/\/www.alephgraphics.com\/es\/wp-json\/wp\/v2\/media?parent=1384"}],"wp:term":[{"taxonomy":"product_brand","embeddable":true,"href":"https:\/\/www.alephgraphics.com\/es\/wp-json\/wp\/v2\/product_brand?post=1384"},{"taxonomy":"product_cat","embeddable":true,"href":"https:\/\/www.alephgraphics.com\/es\/wp-json\/wp\/v2\/product_cat?post=1384"},{"taxonomy":"product_tag","embeddable":true,"href":"https:\/\/www.alephgraphics.com\/es\/wp-json\/wp\/v2\/product_tag?post=1384"}],"curies":[{"name":"wp","href":"https:\/\/api.w.org\/{rel}","templated":true}]}}