{"id":1380,"date":"2020-09-15T19:17:59","date_gmt":"2020-09-15T19:17:59","guid":{"rendered":"http:\/\/192.168.1.192:8080\/?post_type=product&#038;p=1380"},"modified":"2020-09-15T19:18:00","modified_gmt":"2020-09-15T19:18:00","slug":"glunz-jensen-speedy-cleaner","status":"publish","type":"product","link":"https:\/\/www.alephgraphics.com\/es\/producto\/glunz-jensen-speedy-cleaner\/","title":{"rendered":"Glunz &#038; Jensen Speedy Cleaner"},"content":{"rendered":"<p>. El Speedy Cleaner de Glunz &amp; Jensen es una soluci\u00f3n conveniente y eficaz para la limpieza de clich\u00e9s flexogr\u00e1ficos<\/p>\n<p>. Disponible en 5 tama\u00f1os diferentes para adaptarse a diferentes anchuras<\/p>\n<p>. Ajuste autom\u00e1tico de la presi\u00f3n del rodillo para adaptarse a diferentes espesores<\/p>\n<p>. Funciona en tintas a base de solvente, a base de agua o tintas UV, con soluciones de lavado dedicados<\/p>\n<p>. Pantalla PLC integrada permite cambios en los programas, tales como el ajuste de la velocidad de transporte o la temperatura<\/p>\n<p>. F\u00e1cil acceso a todos los componentes para un f\u00e1cil mantenimiento y limpieza<\/p>\n","protected":false},"excerpt":{"rendered":"<p>. El Speedy Cleaner de Glunz &amp; Jensen es una soluci\u00f3n conveniente y eficaz para la limpieza de clich\u00e9s flexogr\u00e1ficos . Disponible en 5 tama\u00f1os diferentes para adaptarse a diferentes anchuras . Ajuste autom\u00e1tico de la presi\u00f3n del rodillo para adaptarse a diferentes espesores . Funciona en tintas a base de solvente, a base de [&hellip;]<\/p>\n","protected":false},"featured_media":1381,"template":"","meta":{"pagelayer_contact_templates":[],"_pagelayer_content":""},"product_brand":[],"product_cat":[38],"product_tag":[],"class_list":{"0":"post-1380","1":"product","2":"type-product","3":"status-publish","4":"has-post-thumbnail","6":"product_cat-preprensa-flexo","8":"first","9":"instock","10":"shipping-taxable","11":"product-type-simple"},"_links":{"self":[{"href":"https:\/\/www.alephgraphics.com\/es\/wp-json\/wp\/v2\/product\/1380","targetHints":{"allow":["GET"]}}],"collection":[{"href":"https:\/\/www.alephgraphics.com\/es\/wp-json\/wp\/v2\/product"}],"about":[{"href":"https:\/\/www.alephgraphics.com\/es\/wp-json\/wp\/v2\/types\/product"}],"wp:featuredmedia":[{"embeddable":true,"href":"https:\/\/www.alephgraphics.com\/es\/wp-json\/wp\/v2\/media\/1381"}],"wp:attachment":[{"href":"https:\/\/www.alephgraphics.com\/es\/wp-json\/wp\/v2\/media?parent=1380"}],"wp:term":[{"taxonomy":"product_brand","embeddable":true,"href":"https:\/\/www.alephgraphics.com\/es\/wp-json\/wp\/v2\/product_brand?post=1380"},{"taxonomy":"product_cat","embeddable":true,"href":"https:\/\/www.alephgraphics.com\/es\/wp-json\/wp\/v2\/product_cat?post=1380"},{"taxonomy":"product_tag","embeddable":true,"href":"https:\/\/www.alephgraphics.com\/es\/wp-json\/wp\/v2\/product_tag?post=1380"}],"curies":[{"name":"wp","href":"https:\/\/api.w.org\/{rel}","templated":true}]}}