{"id":1377,"date":"2020-09-15T19:16:19","date_gmt":"2020-09-15T19:16:19","guid":{"rendered":"http:\/\/192.168.1.192:8080\/?post_type=product&#038;p=1377"},"modified":"2020-09-15T19:16:20","modified_gmt":"2020-09-15T19:16:20","slug":"glunz-jensen-flex-in-one-260","status":"publish","type":"product","link":"https:\/\/www.alephgraphics.com\/es\/producto\/glunz-jensen-flex-in-one-260\/","title":{"rendered":"Glunz &#038; Jensen Flex-in-One 260"},"content":{"rendered":"<p><strong>Nueva generaci\u00f3n de todo-en-uno para la unidad de producci\u00f3n de planchas flexogr\u00e1ficas: exposici\u00f3n, lavado, secado y acabado en una sola m\u00e1quina.<\/strong><\/p>\n<p>Sistema integrado todo en uno<\/p>\n<p>Incluye exposici\u00f3n, procesamiento, secado y acabado de tama\u00f1os de placa de hasta 660 x 810 mm (26 x 32 \u00ab)<\/p>\n<p>Centrado en la producci\u00f3n de planchas flexogr\u00e1ficas digitales de muy alta calidad<\/p>\n<p>Alta potencia UV-A para las necesidades de exposici\u00f3n m\u00e1s exigentes<\/p>\n","protected":false},"excerpt":{"rendered":"<p>Nueva generaci\u00f3n de todo-en-uno para la unidad de producci\u00f3n de planchas flexogr\u00e1ficas: exposici\u00f3n, lavado, secado y acabado en una sola m\u00e1quina. Sistema integrado todo en uno Incluye exposici\u00f3n, procesamiento, secado y acabado de tama\u00f1os de placa de hasta 660 x 810 mm (26 x 32 \u00ab) Centrado en la producci\u00f3n de planchas flexogr\u00e1ficas digitales de [&hellip;]<\/p>\n","protected":false},"featured_media":1378,"template":"","meta":{"pagelayer_contact_templates":[],"_pagelayer_content":""},"product_brand":[],"product_cat":[38],"product_tag":[],"class_list":{"0":"post-1377","1":"product","2":"type-product","3":"status-publish","4":"has-post-thumbnail","6":"product_cat-preprensa-flexo","8":"first","9":"instock","10":"shipping-taxable","11":"product-type-simple"},"_links":{"self":[{"href":"https:\/\/www.alephgraphics.com\/es\/wp-json\/wp\/v2\/product\/1377","targetHints":{"allow":["GET"]}}],"collection":[{"href":"https:\/\/www.alephgraphics.com\/es\/wp-json\/wp\/v2\/product"}],"about":[{"href":"https:\/\/www.alephgraphics.com\/es\/wp-json\/wp\/v2\/types\/product"}],"wp:featuredmedia":[{"embeddable":true,"href":"https:\/\/www.alephgraphics.com\/es\/wp-json\/wp\/v2\/media\/1378"}],"wp:attachment":[{"href":"https:\/\/www.alephgraphics.com\/es\/wp-json\/wp\/v2\/media?parent=1377"}],"wp:term":[{"taxonomy":"product_brand","embeddable":true,"href":"https:\/\/www.alephgraphics.com\/es\/wp-json\/wp\/v2\/product_brand?post=1377"},{"taxonomy":"product_cat","embeddable":true,"href":"https:\/\/www.alephgraphics.com\/es\/wp-json\/wp\/v2\/product_cat?post=1377"},{"taxonomy":"product_tag","embeddable":true,"href":"https:\/\/www.alephgraphics.com\/es\/wp-json\/wp\/v2\/product_tag?post=1377"}],"curies":[{"name":"wp","href":"https:\/\/api.w.org\/{rel}","templated":true}]}}