{"id":1374,"date":"2020-09-15T19:12:41","date_gmt":"2020-09-15T19:12:41","guid":{"rendered":"http:\/\/192.168.1.192:8080\/?post_type=product&#038;p=1374"},"modified":"2020-09-15T19:12:41","modified_gmt":"2020-09-15T19:12:41","slug":"glunz-jensen-procesadora-concept-405-dw","status":"publish","type":"product","link":"https:\/\/www.alephgraphics.com\/es\/producto\/glunz-jensen-procesadora-concept-405-dw\/","title":{"rendered":"Glunz &#038; Jensen Procesadora Concept 405 DW"},"content":{"rendered":"<p><strong>&#8211;\u00a0El primer procesador del mundo con doble \u00e1rea de lavado, de planchas flexogr\u00e1ficas digitales de hasta\u00a01200 x 1600 mm (47 X 60&#8243;)<\/strong><\/p>\n<p><strong>&#8211; Dos tanques separados para lavado: un tanque de pre-lavado elimina la capa de m\u00e1scara de negro digital, por lo que el disolvente en la secci\u00f3n principal de lavado se mantiene limpio<\/strong><\/p>\n<p>&nbsp;<\/p>\n<p><span style=\"text-decoration: underline;\">PANTALLA T\u00c1CTIL F\u00c1CIL DE USAR<\/span><\/p>\n<p>El Control PLC integrado permite al operador controlar y vigilar todas las funciones de funcionamiento y las variables de proceso de manera efectiva.\u00a0Incluye una pantalla gr\u00e1fica del equipo.<\/p>\n<p><span style=\"text-decoration: underline;\">LAVADO DOBLE<\/span><\/p>\n<p>El disolvente utilizado en la secci\u00f3n de pre-lavado se recoge en un tanque dedicado, por lo que el disolvente usado en la secci\u00f3n principal de lavado no est\u00e1 contaminada por los residuos de la capa de carbono. Un medidor de densidad de disolvente integrado en el circuito hidr\u00e1ulico mide el porcentaje de pol\u00edmero presente en el disolvente de lavado, llenandolo con disolvente nuevo cuando los valores exceden los valores de configuraci\u00f3n.<\/p>\n<p><span style=\"text-decoration: underline;\">MOVIMIENTO DEL CEPILLO \u00daNICO<\/span><\/p>\n<p>El movimiento eficiente de cepillos giratorios del engranaje impulsado con movimiento oscilante en direcciones opuestas asegura un resultado perfecto para cada plato. Adem\u00e1s, este movimiento asegura una posici\u00f3n perfectamente estable de la placa, optimizando as\u00ed la acci\u00f3n mec\u00e1nica de los cepillos y haciendo que todo el proceso alcance\u00a0una velocidad superior. Cuando la m\u00e1quina est\u00e1 parada o en el modo de espera, los cepillos se levantan autom\u00e1ticamente de la zona de procesamiento para evitar da\u00f1os. Antes de cualquier ciclo, se rocian con disolvente fresco, por lo que permanecen\u00a0completamente mojados.<\/p>\n<p><span style=\"text-decoration: underline;\">SIN HERRAMIENTAS DE MANTENIMIENTO<\/span><\/p>\n<p>Un sistema f\u00e1cil de usar, sin necesidad de herramientas para el mantenimiento\u00a0de los cepillos, simplifica las operaciones de limpieza. Adem\u00e1s, los diferentes ciclos de limpieza se realizan autom\u00e1ticamente para asegurar una calidad constante, por ejemplo la limpieza de los cepillos luego del procesamiento de cada plancha, la limpieza de la unidad cuando se apaga y la circulaci\u00f3n de disolvente en stand-by.<\/p>\n<p><span style=\"text-decoration: underline;\">PROCESO AUTOMATIZADO<\/span><\/p>\n<p>Las placas se alimentan autom\u00e1ticamente en el procesador y se lavan y\u00a0limpian con movimientos oscilantes de pincel y rotaci\u00f3n (un concepto Degraf). La calefacci\u00f3n integrada y su sistema de refrigeraci\u00f3n permiten al operador controlar la temperatura del disolvente. Adem\u00e1s, contiene un sistema integrado de extracci\u00f3n de gases disolventes. Se entrega con 2 barras de pasador y un dispositivo de perforaci\u00f3n externa.<\/p>\n<p>&nbsp;<\/p>\n","protected":false},"excerpt":{"rendered":"<p>&#8211;\u00a0El primer procesador del mundo con doble \u00e1rea de lavado, de planchas flexogr\u00e1ficas digitales de hasta\u00a01200 x 1600 mm (47 X 60&#8243;) &#8211; Dos tanques separados para lavado: un tanque de pre-lavado elimina la capa de m\u00e1scara de negro digital, por lo que el disolvente en la secci\u00f3n principal de lavado se mantiene limpio &nbsp; [&hellip;]<\/p>\n","protected":false},"featured_media":1375,"template":"","meta":{"pagelayer_contact_templates":[],"_pagelayer_content":""},"product_brand":[],"product_cat":[38],"product_tag":[],"class_list":{"0":"post-1374","1":"product","2":"type-product","3":"status-publish","4":"has-post-thumbnail","6":"product_cat-preprensa-flexo","8":"first","9":"instock","10":"shipping-taxable","11":"product-type-simple"},"_links":{"self":[{"href":"https:\/\/www.alephgraphics.com\/es\/wp-json\/wp\/v2\/product\/1374","targetHints":{"allow":["GET"]}}],"collection":[{"href":"https:\/\/www.alephgraphics.com\/es\/wp-json\/wp\/v2\/product"}],"about":[{"href":"https:\/\/www.alephgraphics.com\/es\/wp-json\/wp\/v2\/types\/product"}],"wp:featuredmedia":[{"embeddable":true,"href":"https:\/\/www.alephgraphics.com\/es\/wp-json\/wp\/v2\/media\/1375"}],"wp:attachment":[{"href":"https:\/\/www.alephgraphics.com\/es\/wp-json\/wp\/v2\/media?parent=1374"}],"wp:term":[{"taxonomy":"product_brand","embeddable":true,"href":"https:\/\/www.alephgraphics.com\/es\/wp-json\/wp\/v2\/product_brand?post=1374"},{"taxonomy":"product_cat","embeddable":true,"href":"https:\/\/www.alephgraphics.com\/es\/wp-json\/wp\/v2\/product_cat?post=1374"},{"taxonomy":"product_tag","embeddable":true,"href":"https:\/\/www.alephgraphics.com\/es\/wp-json\/wp\/v2\/product_tag?post=1374"}],"curies":[{"name":"wp","href":"https:\/\/api.w.org\/{rel}","templated":true}]}}