{"id":1368,"date":"2020-09-15T18:08:15","date_gmt":"2020-09-15T18:08:15","guid":{"rendered":"http:\/\/192.168.1.192:8080\/?post_type=product&#038;p=1368"},"modified":"2020-09-15T18:08:16","modified_gmt":"2020-09-15T18:08:16","slug":"glunz-jensen-concept-401-eclf","status":"publish","type":"product","link":"https:\/\/www.alephgraphics.com\/es\/producto\/glunz-jensen-concept-401-eclf\/","title":{"rendered":"Glunz &#038; Jensen Concept 401 ECLF"},"content":{"rendered":"<p><strong>&#8211; Unidad de exposici\u00f3n de gran formato para planchas flexogr\u00e1ficas de hasta 1200&#215;1530 cm (47 x 60 \u00ab)<\/strong><\/p>\n<p><strong>&#8211; Tapa de pivote con bisagras, se abre con accionamiento neum\u00e1tico para un acceso r\u00e1pido y seguro a los tres lados de la mesa de exposici\u00f3n<\/strong><\/p>\n<p>&nbsp;<\/p>\n<p><span style=\"text-decoration: underline;\">F\u00c1CIL DE USAR<\/span><\/p>\n<p>Al abrir la tapa se revela la superficie de exposici\u00f3n de temperatura controlada, donde las placas se mantienen en su lugar por el efecto del vac\u00edo. La l\u00e1mpara de inspecci\u00f3n y los canales de memoria hacen que la m\u00e1quina tenga un uso sencillo y conveniente.<\/p>\n<p><span style=\"text-decoration: underline;\">CONTROL DE LAS L\u00c1MPARAS\u00a0(80W)<\/span><\/p>\n<p>L\u00e1mparas\u00a0de luz UV-A de 80W 10\/R con balastos electr\u00f3nicos y control de temperatura ajustables. Las l\u00e1mparas\u00a0trabajan con temperatura UV a 45\u00baC, refrigeradas con un sistema de ventilaci\u00f3n para mantener la temperatura en ese valor. Un integrador de luz asegura que la plancha siempre reciba la misma cantidad de luz, independientemente de la salida de las l\u00e1mparas individuales. Las l\u00e1mparas defectuosas son autom\u00e1ticamente detectadas y de f\u00e1cil reemplazo.<\/p>\n<p><span style=\"text-decoration: underline;\">CAMA DE ENFRIADO CONTROLADO<\/span><\/p>\n<p>La mesa de exposici\u00f3n refrigerada reduce sustancialmente o completamente las emisiones de oxigeno por las placas, eliminando todos los problemas relacionados con el enfoque.<\/p>\n<p><span style=\"text-decoration: underline;\">UNIDAD DE ACABADO (80\/75W)<\/span><\/p>\n<p>L\u00e1mparas UV-A de 80W y l\u00e1mparas UV-C de 75W endurecen las planchas flexogr\u00e1ficas a la perfecci\u00f3n. Contiene un detector autom\u00e1tico de l\u00e1mparas defectuosas, un sistema de refrigeraci\u00f3n y dos ventiladores de escape. La activaci\u00f3n simult\u00e1nea o separada de las l\u00e1mparas UV-A y UV-C permite la flexibilidad en la producci\u00f3n.<\/p>\n","protected":false},"excerpt":{"rendered":"<p>&#8211; Unidad de exposici\u00f3n de gran formato para planchas flexogr\u00e1ficas de hasta 1200&#215;1530 cm (47 x 60 \u00ab) &#8211; Tapa de pivote con bisagras, se abre con accionamiento neum\u00e1tico para un acceso r\u00e1pido y seguro a los tres lados de la mesa de exposici\u00f3n &nbsp; F\u00c1CIL DE USAR Al abrir la tapa se revela la [&hellip;]<\/p>\n","protected":false},"featured_media":1369,"template":"","meta":{"pagelayer_contact_templates":[],"_pagelayer_content":""},"product_brand":[],"product_cat":[38],"product_tag":[],"class_list":{"0":"post-1368","1":"product","2":"type-product","3":"status-publish","4":"has-post-thumbnail","6":"product_cat-preprensa-flexo","8":"first","9":"instock","10":"shipping-taxable","11":"product-type-simple"},"_links":{"self":[{"href":"https:\/\/www.alephgraphics.com\/es\/wp-json\/wp\/v2\/product\/1368","targetHints":{"allow":["GET"]}}],"collection":[{"href":"https:\/\/www.alephgraphics.com\/es\/wp-json\/wp\/v2\/product"}],"about":[{"href":"https:\/\/www.alephgraphics.com\/es\/wp-json\/wp\/v2\/types\/product"}],"wp:featuredmedia":[{"embeddable":true,"href":"https:\/\/www.alephgraphics.com\/es\/wp-json\/wp\/v2\/media\/1369"}],"wp:attachment":[{"href":"https:\/\/www.alephgraphics.com\/es\/wp-json\/wp\/v2\/media?parent=1368"}],"wp:term":[{"taxonomy":"product_brand","embeddable":true,"href":"https:\/\/www.alephgraphics.com\/es\/wp-json\/wp\/v2\/product_brand?post=1368"},{"taxonomy":"product_cat","embeddable":true,"href":"https:\/\/www.alephgraphics.com\/es\/wp-json\/wp\/v2\/product_cat?post=1368"},{"taxonomy":"product_tag","embeddable":true,"href":"https:\/\/www.alephgraphics.com\/es\/wp-json\/wp\/v2\/product_tag?post=1368"}],"curies":[{"name":"wp","href":"https:\/\/api.w.org\/{rel}","templated":true}]}}